{"id":3845,"date":"2025-06-06T22:18:47","date_gmt":"2025-06-07T04:18:47","guid":{"rendered":"http:\/\/centrolindavista.org.mx\/?page_id=3845"},"modified":"2025-09-04T11:50:46","modified_gmt":"2025-09-04T17:50:46","slug":"investigaciones-proyectos","status":"publish","type":"page","link":"http:\/\/centrolindavista.org.mx\/?page_id=3845","title":{"rendered":"Investigaciones-Proyectos"},"content":{"rendered":"<p>[vc_row][vc_column][vc_column_text]<\/p>\n<h1><strong>Protocolos de investigaci\u00f3n 2025<\/strong><\/h1>\n<p><!-- \/wp:post-content --><br \/>\n<!-- wp:paragraph \/-->&nbsp;[\/vc_column_text][\/vc_column][\/vc_row][vc_row][vc_column][vc_column_text]<\/p>\n<h5><span style=\"color: #003366;\"><strong><a style=\"color: #003366;\" href=\"http:\/\/centrolindavista.org.mx\/wp-content\/uploads\/2025\/06\/PROTOCOLO-RESURGE_AGROVIVA.pdf\">Conservaci\u00f3n y almacenamiento de agua para la producci\u00f3n de productos agroecol\u00f3gicos que contribuyan a autosuficiencia alimentaria, a la salud humana y ambiental<\/a><\/strong><\/span><\/h5>\n<p class=\"p1\">El objetivo general es contribuir a la preservaci\u00f3n, conservaci\u00f3n, rehabilitaci\u00f3n y uso eficiente del recurso agua de veneros naturales y\/o adaptar espacios de captaci\u00f3n y almacenamiento de este l\u00edquido para la producci\u00f3n de bioinsumos y productos agroecol\u00f3gicos que mejoren la productividad, diversifiquen la producci\u00f3n y promuevan el cuidado ambiental en sistemas agropecuarios de peque\u00f1a escala en los municipios de Acapulco de Ju\u00e1rez y Coyuca de Ben\u00edtez, Guerrero.<\/p>\n<p>&nbsp;<\/p>\n<h5><strong><span style=\"color: #003366;\"><a style=\"color: #003366;\" href=\"http:\/\/centrolindavista.org.mx\/wp-content\/uploads\/2025\/06\/PROTOCOLO-RESURGE_CREADORAS-DE-SUENOS.pdf\">Reconstruyendo mi colonia<\/a><\/span><\/strong><\/h5>\n<p class=\"p1\">El objetivo general es contar con el agua para cubrir las necesidades b\u00e1sicas y beneficiar a las ni\u00f1as, ni\u00f1os y personas adultas mayores, diagnosticar y analizar las condiciones de acceso a servicios b\u00e1sicos, empleo, salud y vivienda de las comunidades ind\u00edgenas y afromexicanas ubicadas en las colonias Nueva Era, Nuevo Horizonte y Pie de la Cuesta en el municipio de Acapulco de Ju\u00e1rez, Guerrero.<\/p>\n<p>&nbsp;<\/p>\n<h5><span style=\"color: #003366;\"><strong><a style=\"color: #003366;\" href=\"http:\/\/centrolindavista.org.mx\/wp-content\/uploads\/2025\/08\/PROTOCOLO-RESURGE_REMA_2.pdf\">Sistemas de cosecha de agua para la producci\u00f3n permanente de huertos de traspatio para las mujeres y sus familias<\/a><\/strong><\/span><\/h5>\n<p>El objetivo general es contribuir a mejorar las condiciones de vida de mujeres hort\u00edcolas afectadas por el hurac\u00e1n Otis mediante la implementaci\u00f3n de sistemas de captaci\u00f3n de agua para la producci\u00f3n permanente en huertos de traspatio, promoviendo as\u00ed la soberan\u00eda alimentaria y la econom\u00eda solidaria de las mujeres y sus familias en zonas rurales de los municipios de Acapulco de Ju\u00e1rez, Coyuca de Ben\u00edtez, Tecpan de Galeana, San Marcos, Atoyac de \u00c1lvarez y Marquelia en Guerrero.<\/p>\n<p>&nbsp;<\/p>\n<h5><span style=\"color: #003366;\"><strong><a style=\"color: #003366;\" href=\"http:\/\/centrolindavista.org.mx\/wp-content\/uploads\/2025\/06\/PROTOCOLO-RESURGE_UNICAM.pdf\">Transici\u00f3n agroecol\u00f3gica en el sistema milpa tradicional y organizaci\u00f3n cooperativa: el camino hacia la autosuficiencia alimentaria y la resiliencia ante el cambio clim\u00e1tico<\/a><\/strong><\/span><\/h5>\n<p class=\"p1\">Fortalecer las practicas agroecol\u00f3gicas en el sistema milpa tradicional (Sistema Milagro) mediante el manejo integral y sustentable de suelos y agua, bioinsumos, riego, control biol\u00f3gico de plagas y enfermedades, semillas nativas y biodiversidad. De esta manera se pretende mejorar la producci\u00f3n y diversidad productiva por unidad de superficie, contribuir a la autosuficiencia alimentaria y reconstrucci\u00f3n del tejido social con acciones cooperativas y solidarias.<\/p>\n<p>&nbsp;<\/p>\n<h5><strong><span style=\"color: #003366;\"><a style=\"color: #003366;\" href=\"http:\/\/centrolindavista.org.mx\/wp-content\/uploads\/2025\/06\/PROTOCOLO-ACCESO-GRO.pdf\">Articulaci\u00f3n y Colaboraci\u00f3n de la Econom\u00eda Social y Solidaria de Guerrero<\/a><\/span><\/strong><\/h5>\n<p class=\"p1\">El objetivo general es fortalecer la econom\u00eda social y solidaria en Guerrero mediante la formaci\u00f3n de actores locales, el acompa\u00f1amiento a proyectos productivos comunitarios, y la articulaci\u00f3n de redes colaborativas en las regiones de Acapulco de Ju\u00e1rez y Coyuca de Ben\u00edtez, Guerrero.<\/p>\n<p>[\/vc_column_text][vc_column_text]<\/p>\n<h1><strong>Investigaciones 2024<\/strong><\/h1>\n<p>[\/vc_column_text][\/vc_column][\/vc_row][vc_row][vc_column][vc_column_text]<\/p>\n<h5><strong><span style=\"color: #003366;\"><a style=\"color: #003366;\" href=\"http:\/\/centrolindavista.org.mx\/wp-content\/uploads\/2025\/06\/Memoria-Retiro-Estrategico-por-Acapulco-Coyuca-y-Guerrero-2024_VF.pdf\">Memoria del retiro estrat\u00e9gico por Acapulco-Coyuca y Guerrero<\/a><\/span><\/strong><\/h5>\n<p>Ante el impacto del hurac\u00e1n Otis sobre Acapulco, Coyuca y Guerrero, todo M\u00e9xico se moviliz\u00f3. Numerosos actores p\u00fablicos y sociales de Guerrero y del pa\u00eds se reunieron en Cuernavaca, Morelos los d\u00edas 26 y 27 de enero de 2024 en un Retiro Estrat\u00e9gico, para escuchar a las y los acapulque\u00f1os y guerrerenses, para valorar lo que se hab\u00eda realizado hasta el momento, conocerse e intercambiar opiniones y pensar c\u00f3mo colaborar hacia el futuro. El presente documento recoge una s\u00edntesis de lo realizado en esa reuni\u00f3n con el fin de avanzar en el proceso de escucha, reflexi\u00f3n y acci\u00f3n colaborativa.[\/vc_column_text][vc_column_text]<\/p>\n<h1><strong>Investigaciones 2023<\/strong><\/h1>\n<p>[\/vc_column_text][vc_column_text]<\/p>\n<h5><span style=\"color: #003366;\"><a style=\"color: #003366;\" href=\"http:\/\/centrolindavista.org.mx\/wp-content\/uploads\/2025\/06\/Guia-instalacion-y-operacion-Comites-municipales-intermunicipales-o-regionales-para-la-Construccion-de-Paz-y-Reconciliacion.pdf\"><strong>Los Comit\u00e9s Municipales de Construcci\u00f3n de paz y Reconciliaci\u00f3n. Una gu\u00eda para su instalaci\u00f3n y operaci\u00f3n <\/strong><\/a><\/span><\/h5>\n<p class=\"p1\">Los Comit\u00e9s Municipales para la Construcci\u00f3n de Paz y la Reconciliaci\u00f3n se constituyen como una pieza central de una estrategia integral para articular la participaci\u00f3n, incluyente y comprometida, de diversos actores sociales, en los procesos de cultura de paz y prevenci\u00f3n social del delito para la reconstrucci\u00f3n del tejido social.<\/p>\n<p>[\/vc_column_text][vc_column_text]<\/p>\n<h1><strong>Investigaciones 2021<\/strong><\/h1>\n<p>[\/vc_column_text][vc_column_text]<\/p>\n<h5><strong><span style=\"color: #003366;\"><a style=\"color: #003366;\" href=\"http:\/\/centrolindavista.org.mx\/wp-content\/uploads\/2025\/06\/PDF-ANEXO-1.-PROPUESTA-INVESTIGACION-INCIDENCIA.pdf\">Propuesta de Proyecto Nacional de Investigaci\u00f3n e Incidencia. \u201cContribuci\u00f3n de la educaci\u00f3n para la paz a la construcci\u00f3n de territorios de paz en subregiones del sur de Guerrero (Coyuca de Ben\u00edtez) y de Morelos (Puente de Ixtla)\u201d <\/a><\/span><\/strong><\/h5>\n<p class=\"p1\">El objetivo de investigaci\u00f3n es comprender los significados profundos de los procesos sociales de violencias que viven regiones y comunidades locales del sur de M\u00e9xico (de los estados de Guerrero y Morelos), as\u00ed como explorar formas de organizaci\u00f3n social y pol\u00edtica que permitan salidas a este fen\u00f3meno, especialmente las que se desarrollen a partir del esfuerzo de incidencia de este proyecto.<\/p>\n<p>[\/vc_column_text][vc_column_text]<\/p>\n<h5><strong><a href=\"http:\/\/centrolindavista.org.mx\/wp-content\/uploads\/2025\/06\/Anexo-3.-Informe-participacion-ciudadana.pdf\"><span style=\"color: #003366;\">Participaci\u00f3n ciudadana para el monitoreo y control de covid-19 en comunidades de Guerrero, M\u00e9xico <\/span><\/a><\/strong><\/h5>\n<p class=\"p1\">A doce meses desde el surgimiento de la pandemia por COVID-19, las constantes inclusiones y descubrimientos sobre la enfermedad, es necesario reconocer que, con las recomendaciones internacionales para la prevenci\u00f3n y la atenci\u00f3n de la enfermedad, no se adaptan a todo el mundo. Es necesario que cada naci\u00f3n, e incluso cada localidad, acondicione a su contexto particular, las estrategias para prevenci\u00f3n de la enfermedad y atenci\u00f3n de la salud, para lograr que se obtengan mejores resultados. La intervenci\u00f3n que se describe, durante cada una de sus etapas, busca contribuir a esa adaptaci\u00f3n de estrategias al \u00e1mbito cultural, social y geogr\u00e1fico de las comunidades participantes.<\/p>\n<p>[\/vc_column_text][vc_column_text]<\/p>\n<h5><strong><a href=\"http:\/\/centrolindavista.org.mx\/wp-content\/uploads\/2025\/06\/Documento-final-Laboratorio-para-estrategias-para-la-construccion-de-la-paz-en-Guerrero.pdf\"><span style=\"color: #003366;\">Laboratorio para estrategias para la construcci\u00f3n de la paz en Guerrero\u00a0<\/span><\/a><\/strong><\/h5>\n<p class=\"p1\">Nos encontramos en un momento clave para Guerrero, en el que se abren desaf\u00edos y oportunidades, nuevos gobiernos municipales y estatal, nuevas legislaturas federal y estatal, mitad del sexenio federal, una pandemia que termina una fase pero nos cuestiona en seguridades y en prioridades y nos deja con muertos y pobrezas, una tensi\u00f3n social fuerte y las tendencias que vienen del largo plazo y que pesan sobre much\u00edsimas y much\u00edsimos guerrerenses.<\/p>\n<p>[\/vc_column_text][vc_column_text]<\/p>\n<h1><strong>Investigaciones 2020<\/strong><\/h1>\n<p>[\/vc_column_text][vc_column_text]<\/p>\n<h5><a href=\"http:\/\/centrolindavista.org.mx\/wp-content\/uploads\/2022\/02\/DOCUMENTO-SURES-FINAL-20201010.pdf\"><span style=\"color: #003366;\"><strong>Documento<\/strong> para el di\u00e1logo. Sobre los futuros de los sures de M\u00e9xico<\/span><\/a><\/h5>\n<p class=\"p1\">El objetivo del presente documento es presentar planteamientos iniciales que permitan contribuir a fortalecer un proceso de reflexi\u00f3n, di\u00e1logo y posible instrumentaci\u00f3n desde, con y para nuestros sures sobre pol\u00edticas de Estado, p\u00fablicas y acciones sociales y ciudadanas, con procesos con visi\u00f3n Integral.<\/p>\n<p>[\/vc_column_text][\/vc_column][\/vc_row]<\/p>\n","protected":false},"excerpt":{"rendered":"[vc_row][vc_column][vc_column_text] Protocolos de investigaci\u00f3n 2025 &nbsp;[\/vc_column_text][\/vc_column][\/vc_row][vc_row][vc_column][vc_column_text] Conservaci\u00f3n y almacenamiento de agua para la producci\u00f3n de productos agroecol\u00f3gicos que contribuyan a autosuficiencia alimentaria, a la salud humana y ambiental El objetivo general es contribuir a la preservaci\u00f3n, conservaci\u00f3n, rehabilitaci\u00f3n y uso eficiente del recurso agua de veneros naturales y\/o adaptar espacios de captaci\u00f3n y almacenamiento de &#8230;","protected":false},"author":1,"featured_media":0,"parent":0,"menu_order":0,"comment_status":"closed","ping_status":"closed","template":"","meta":{"footnotes":""},"class_list":["post-3845","page","type-page","status-publish","hentry"],"_links":{"self":[{"href":"http:\/\/centrolindavista.org.mx\/index.php?rest_route=\/wp\/v2\/pages\/3845","targetHints":{"allow":["GET"]}}],"collection":[{"href":"http:\/\/centrolindavista.org.mx\/index.php?rest_route=\/wp\/v2\/pages"}],"about":[{"href":"http:\/\/centrolindavista.org.mx\/index.php?rest_route=\/wp\/v2\/types\/page"}],"author":[{"embeddable":true,"href":"http:\/\/centrolindavista.org.mx\/index.php?rest_route=\/wp\/v2\/users\/1"}],"replies":[{"embeddable":true,"href":"http:\/\/centrolindavista.org.mx\/index.php?rest_route=%2Fwp%2Fv2%2Fcomments&post=3845"}],"version-history":[{"count":11,"href":"http:\/\/centrolindavista.org.mx\/index.php?rest_route=\/wp\/v2\/pages\/3845\/revisions"}],"predecessor-version":[{"id":3887,"href":"http:\/\/centrolindavista.org.mx\/index.php?rest_route=\/wp\/v2\/pages\/3845\/revisions\/3887"}],"wp:attachment":[{"href":"http:\/\/centrolindavista.org.mx\/index.php?rest_route=%2Fwp%2Fv2%2Fmedia&parent=3845"}],"curies":[{"name":"wp","href":"https:\/\/api.w.org\/{rel}","templated":true}]}}