{"id":3743,"date":"2022-08-29T16:36:36","date_gmt":"2022-08-29T22:36:36","guid":{"rendered":"http:\/\/centrolindavista.org.mx\/?page_id=3743"},"modified":"2022-09-13T15:23:50","modified_gmt":"2022-09-13T21:23:50","slug":"adalberto-savinon","status":"publish","type":"page","link":"http:\/\/centrolindavista.org.mx\/?page_id=3743","title":{"rendered":"Adalberto Savi\u00f1on"},"content":{"rendered":"<p>[vc_row][vc_column width=\u00bb1\/4&#8243;][vc_wp_custommenu nav_menu=\u00bb41&#8243;][\/vc_column][vc_column width=\u00bb3\/4&#8243;]<div class=\"grop-section_text   grop-heading-69d2f1144b7fd   vc_custom_1663104210076 text-left\"><h5 class=\"text-uppercase grop-sctn_title_fntSz-30   grop-heading-69d2f1144b7fd  text-left\">Adalberto Savi\u00f1on<\/h5><\/div>[vc_row_inner][vc_column_inner][vc_column_text]<a href=\"http:\/\/centrolindavista.org.mx\/wp-content\/uploads\/2022\/08\/Como-Podemos-Tomar-Decisiones-Politicas-Que-Sean-Etica-Y-Tecnicamente-Viables.pdf\"><strong><span style=\"color: #0000ff; font-size: 18px;\">\u00abC\u00f3mo Podemos Tomar Decisiones Pol\u00edticas Que Sean \u00c9tica Y T\u00e9cnicamente Viables\u00bb<\/span><\/strong><\/a>\u2013 Adalberto Savi\u00f1on<\/p>\n<p><span style=\"font-size: 18px;\"><a href=\"http:\/\/centrolindavista.org.mx\/wp-content\/uploads\/2022\/08\/Contribucion-de-la-sociedad-responsable-a-la-paz-en-Mexico-20220811.pdf\"><strong><span style=\"color: #0000ff;\">\u00abContribuci\u00f3n de la sociedad responsable a la paz en M\u00e9xico\u00bb<\/span><\/strong><\/a><\/span>\u2013 Adalberto Savi\u00f1on.<br \/>\nArt\u00edculo aparecido en Br\u00fajula Ciudadana n\u00famero 141, agosto 2022[\/vc_column_text][vc_column_text]<span style=\"color: #0000ff;\"><strong><span style=\"font-size: 18px;\"><a style=\"color: #0000ff;\" href=\"http:\/\/centrolindavista.org.mx\/wp-content\/uploads\/2022\/09\/PLANTEAMIENTOS-PARA-EL-TRABAJO-EN-TERRITORIOS-DEL-SUR-asds-vfinal.pdf\">\u00abPlanteamientos para el trabajo en territorios del sur\u00bb<\/a><\/span><\/strong><\/span><\/p>\n<p>Se recogen en este trabajo planteamientos de un grupo de trabajo Guerrero es Primero, Centro Lindavista, Instituto para la Paz sobre el trabajo en comunidades de Morelos y Guerrero, especialmente resaltando el papel de las escuelas.[\/vc_column_text][\/vc_column_inner][\/vc_row_inner][\/vc_column][\/vc_row]<\/p>\n","protected":false},"excerpt":{"rendered":"[vc_row][vc_column width=\u00bb1\/4&#8243;][vc_wp_custommenu nav_menu=\u00bb41&#8243;][\/vc_column][vc_column width=\u00bb3\/4&#8243;][vc_row_inner][vc_column_inner][vc_column_text]\u00abC\u00f3mo Podemos Tomar Decisiones Pol\u00edticas Que Sean \u00c9tica Y T\u00e9cnicamente Viables\u00bb\u2013 Adalberto Savi\u00f1on \u00abContribuci\u00f3n de la sociedad responsable a la paz en M\u00e9xico\u00bb\u2013 Adalberto Savi\u00f1on. Art\u00edculo aparecido en Br\u00fajula Ciudadana n\u00famero 141, agosto 2022[\/vc_column_text][vc_column_text]\u00abPlanteamientos para el trabajo en territorios del sur\u00bb Se recogen en este trabajo planteamientos de un grupo de trabajo &#8230;","protected":false},"author":1,"featured_media":0,"parent":0,"menu_order":0,"comment_status":"closed","ping_status":"closed","template":"","meta":{"footnotes":""},"class_list":["post-3743","page","type-page","status-publish","hentry"],"_links":{"self":[{"href":"http:\/\/centrolindavista.org.mx\/index.php?rest_route=\/wp\/v2\/pages\/3743","targetHints":{"allow":["GET"]}}],"collection":[{"href":"http:\/\/centrolindavista.org.mx\/index.php?rest_route=\/wp\/v2\/pages"}],"about":[{"href":"http:\/\/centrolindavista.org.mx\/index.php?rest_route=\/wp\/v2\/types\/page"}],"author":[{"embeddable":true,"href":"http:\/\/centrolindavista.org.mx\/index.php?rest_route=\/wp\/v2\/users\/1"}],"replies":[{"embeddable":true,"href":"http:\/\/centrolindavista.org.mx\/index.php?rest_route=%2Fwp%2Fv2%2Fcomments&post=3743"}],"version-history":[{"count":8,"href":"http:\/\/centrolindavista.org.mx\/index.php?rest_route=\/wp\/v2\/pages\/3743\/revisions"}],"predecessor-version":[{"id":3823,"href":"http:\/\/centrolindavista.org.mx\/index.php?rest_route=\/wp\/v2\/pages\/3743\/revisions\/3823"}],"wp:attachment":[{"href":"http:\/\/centrolindavista.org.mx\/index.php?rest_route=%2Fwp%2Fv2%2Fmedia&parent=3743"}],"curies":[{"name":"wp","href":"https:\/\/api.w.org\/{rel}","templated":true}]}}