{"id":3740,"date":"2022-08-29T16:31:05","date_gmt":"2022-08-29T22:31:05","guid":{"rendered":"http:\/\/centrolindavista.org.mx\/?page_id=3740"},"modified":"2022-09-08T13:08:46","modified_gmt":"2022-09-08T19:08:46","slug":"fabrizio-barca","status":"publish","type":"page","link":"http:\/\/centrolindavista.org.mx\/?page_id=3740","title":{"rendered":"Fabrizio Barca"},"content":{"rendered":"<p>[vc_row][vc_column width=\u00bb1\/4&#8243;][vc_wp_custommenu nav_menu=\u00bb41&#8243;][\/vc_column][vc_column width=\u00bb3\/4&#8243;]<div class=\"grop-section_text   grop-heading-69f41504e456a   vc_custom_1661812223179 text-left\"><div class=\"text-uppercase grop-sctn_title_fntSz-30   grop-heading-69f41504e456a  text-left\">Fabrizio Barca<\/div><p>Descarga dando clic en imagen o titulos<\/p><\/div>[vc_row_inner][vc_column_inner][vc_column_text]<span style=\"color: #0000ff; font-size: 18px;\"><a style=\"color: #0000ff;\" href=\"http:\/\/centrolindavista.org.mx\/wp-content\/uploads\/2022\/09\/Fabrizio-Barca-Cohesion-Territorial-Una-vision-integralChapultepec-julio-2019.pdf\">Cohesi\u00f3n Territorial Una visi\u00f3n integral Chapultepec Julio 2019.<\/a><\/span><\/p>\n<p>Presentaci\u00f3n de Fabrizio Barca sobre Cohesi\u00f3n Territorial desde una perspectiva integral. Castillo de Chapultepec julio de 2019. Se presenta la presentaci\u00f3n en powerpoint y la transcripci\u00f3n de sus palabras[\/vc_column_text][vc_separator color=\u00bbblack\u00bb][vc_column_text]<span style=\"color: #0000ff; font-size: 18px;\"><a style=\"color: #0000ff;\" href=\"http:\/\/centrolindavista.org.mx\/wp-content\/uploads\/2022\/09\/Fabrizio-Barca-Un-partido-nuevo.pdf\">Un partido nuevo para un buen gobierno<\/a>.<\/span><\/p>\n<p>En 2013 realiz\u00f3 un estudio del Partido Democratico de Italia y propuso en un extenso documento sus ideas para una reforma a fondo. Aqu\u00ed se presenta una s\u00edntesis de sus propuestas[\/vc_column_text][vc_separator color=\u00bbblack\u00bb][vc_column_text]<span style=\"color: #0000ff; font-size: 18px;\"><a style=\"color: #0000ff;\" href=\"http:\/\/centrolindavista.org.mx\/wp-content\/uploads\/2022\/09\/Fabrizio-Barca-Un-partido-nuevo-1.pdf\">Otro trabajo es posible.<\/a><\/span><\/p>\n<p>La conmoci\u00f3n del coronavirus nos ha puesto frente a una realidad dram\u00e1tica, que ya estaba en el ojo p\u00fablico: las desigualdades sociales han alcanzado umbrales que ya no son tolerables y los grupos m\u00e1s d\u00e9biles, no por naturaleza o destino, sino porque se ven debilitados por d\u00e9cadas de pol\u00edticas neoliberales que han hecho a\u00f1icos los derechos, est\u00e1n pagando el precio m\u00e1s alto[\/vc_column_text][\/vc_column_inner][\/vc_row_inner][\/vc_column][\/vc_row]<\/p>\n","protected":false},"excerpt":{"rendered":"[vc_row][vc_column width=\u00bb1\/4&#8243;][vc_wp_custommenu nav_menu=\u00bb41&#8243;][\/vc_column][vc_column width=\u00bb3\/4&#8243;][vc_row_inner][vc_column_inner][vc_column_text]Cohesi\u00f3n Territorial Una visi\u00f3n integral Chapultepec Julio 2019. Presentaci\u00f3n de Fabrizio Barca sobre Cohesi\u00f3n Territorial desde una perspectiva integral. Castillo de Chapultepec julio de 2019. Se presenta la presentaci\u00f3n en powerpoint y la transcripci\u00f3n de sus palabras[\/vc_column_text][vc_separator color=\u00bbblack\u00bb][vc_column_text]Un partido nuevo para un buen gobierno. En 2013 realiz\u00f3 un estudio del Partido Democratico &#8230;","protected":false},"author":1,"featured_media":0,"parent":0,"menu_order":0,"comment_status":"closed","ping_status":"closed","template":"","meta":{"footnotes":""},"class_list":["post-3740","page","type-page","status-publish","hentry"],"_links":{"self":[{"href":"http:\/\/centrolindavista.org.mx\/index.php?rest_route=\/wp\/v2\/pages\/3740","targetHints":{"allow":["GET"]}}],"collection":[{"href":"http:\/\/centrolindavista.org.mx\/index.php?rest_route=\/wp\/v2\/pages"}],"about":[{"href":"http:\/\/centrolindavista.org.mx\/index.php?rest_route=\/wp\/v2\/types\/page"}],"author":[{"embeddable":true,"href":"http:\/\/centrolindavista.org.mx\/index.php?rest_route=\/wp\/v2\/users\/1"}],"replies":[{"embeddable":true,"href":"http:\/\/centrolindavista.org.mx\/index.php?rest_route=%2Fwp%2Fv2%2Fcomments&post=3740"}],"version-history":[{"count":4,"href":"http:\/\/centrolindavista.org.mx\/index.php?rest_route=\/wp\/v2\/pages\/3740\/revisions"}],"predecessor-version":[{"id":3792,"href":"http:\/\/centrolindavista.org.mx\/index.php?rest_route=\/wp\/v2\/pages\/3740\/revisions\/3792"}],"wp:attachment":[{"href":"http:\/\/centrolindavista.org.mx\/index.php?rest_route=%2Fwp%2Fv2%2Fmedia&parent=3740"}],"curies":[{"name":"wp","href":"https:\/\/api.w.org\/{rel}","templated":true}]}}