{"id":3532,"date":"2022-03-07T11:50:52","date_gmt":"2022-03-07T17:50:52","guid":{"rendered":"http:\/\/centrolindavista.org.mx\/?page_id=3532"},"modified":"2022-03-07T12:19:20","modified_gmt":"2022-03-07T18:19:20","slug":"grupo-de-desarrollo-economico-de-la-region-centro-occidente","status":"publish","type":"page","link":"http:\/\/centrolindavista.org.mx\/?page_id=3532","title":{"rendered":"Grupo de Desarrollo econ\u00f3mico de la regi\u00f3n Centro Occidente"},"content":{"rendered":"<p>[vc_row][vc_column width=\u00bb1\/4&#8243;][vc_wp_custommenu nav_menu=\u00bb40&#8243;][\/vc_column][vc_column width=\u00bb3\/4&#8243;]<div class=\"grop-section_text   grop-heading-69d348ca71998   text-left\"><div class=\"text-uppercase grop-sctn_title_fntSz-30   grop-heading-69d348ca71998  text-left\">Grupo de Desarrollo econ\u00f3mico de la regi\u00f3n Centro Occidente<\/div><\/div>[vc_column_text]La Misi\u00f3n del Gerco es \u201cImpulsar el desarrollo sustentable de los estados en su conjunto, consolidando competitivamente a la regi\u00f3n y propiciando la generaci\u00f3n de riqueza de forma incluyente, a trav\u00e9s de la materializaci\u00f3n de proyectos estrat\u00e9gicos comunes y negociaciones efectivas\u201d Los estados participantes en el GERCO han sido Aguascalientes, Colima, Guanajuato, Jalisco, Michoac\u00e1n, Nayarit, Quer\u00e9taro,San Luis Potos\u00ed, Zacatecas.<\/p>\n<p>Las secretar\u00edas de desarrollo econ\u00f3mico de la Regi\u00f3n Centro Occidente se han comprometido y han venido trabajando desde el 1998\u00a0 de manera conjunta en una Estrategia, instrumentos y en proyectos comunes.<\/p>\n<p>Colaboramos en la articulaci\u00f3n de los \u00e1mbitos estatales y federal en la pol\u00edtica regional que complementa tanto las pol\u00edticas espec\u00edficamente federales, como las del \u00e1mbito de la soberan\u00eda de cada uno de los estados El Gerco elabor\u00f3 un \u201cPrograma Regional de Desarrollo Econ\u00f3mico de la Regi\u00f3n Centro Occidente\u201d presentado formalmente el 6 de febrero de 2004, Este Programa tiene una Estrategia y l\u00edneas de acci\u00f3n en las que puede sustentarse los planteamientos. Se sustent\u00f3 en diversos estudios, entre ellos de competitividad regional.<\/p>\n<p><a href=\"http:\/\/centrolindavista.org.mx\/wp-content\/uploads\/2022\/03\/sintesis-del-PROGRAMA-REGIONAL-CENTRO-OCCIDENTENOVIEMBRE06.pdf\"><strong>S\u00edntesis del Programa Regional\u00a0<\/strong><\/a>[\/vc_column_text][\/vc_column][\/vc_row]<\/p>\n","protected":false},"excerpt":{"rendered":"[vc_row][vc_column width=\u00bb1\/4&#8243;][vc_wp_custommenu nav_menu=\u00bb40&#8243;][\/vc_column][vc_column width=\u00bb3\/4&#8243;][vc_column_text]La Misi\u00f3n del Gerco es \u201cImpulsar el desarrollo sustentable de los estados en su conjunto, consolidando competitivamente a la regi\u00f3n y propiciando la generaci\u00f3n de riqueza de forma incluyente, a trav\u00e9s de la materializaci\u00f3n de proyectos estrat\u00e9gicos comunes y negociaciones efectivas\u201d Los estados participantes en el GERCO han sido Aguascalientes, Colima, Guanajuato, &#8230;","protected":false},"author":1,"featured_media":0,"parent":0,"menu_order":0,"comment_status":"closed","ping_status":"closed","template":"","meta":{"footnotes":""},"class_list":["post-3532","page","type-page","status-publish","hentry"],"_links":{"self":[{"href":"http:\/\/centrolindavista.org.mx\/index.php?rest_route=\/wp\/v2\/pages\/3532","targetHints":{"allow":["GET"]}}],"collection":[{"href":"http:\/\/centrolindavista.org.mx\/index.php?rest_route=\/wp\/v2\/pages"}],"about":[{"href":"http:\/\/centrolindavista.org.mx\/index.php?rest_route=\/wp\/v2\/types\/page"}],"author":[{"embeddable":true,"href":"http:\/\/centrolindavista.org.mx\/index.php?rest_route=\/wp\/v2\/users\/1"}],"replies":[{"embeddable":true,"href":"http:\/\/centrolindavista.org.mx\/index.php?rest_route=%2Fwp%2Fv2%2Fcomments&post=3532"}],"version-history":[{"count":2,"href":"http:\/\/centrolindavista.org.mx\/index.php?rest_route=\/wp\/v2\/pages\/3532\/revisions"}],"predecessor-version":[{"id":3544,"href":"http:\/\/centrolindavista.org.mx\/index.php?rest_route=\/wp\/v2\/pages\/3532\/revisions\/3544"}],"wp:attachment":[{"href":"http:\/\/centrolindavista.org.mx\/index.php?rest_route=%2Fwp%2Fv2%2Fmedia&parent=3532"}],"curies":[{"name":"wp","href":"https:\/\/api.w.org\/{rel}","templated":true}]}}