{"id":3494,"date":"2022-03-02T15:49:44","date_gmt":"2022-03-02T21:49:44","guid":{"rendered":"http:\/\/centrolindavista.org.mx\/?page_id=3494"},"modified":"2022-03-07T12:10:55","modified_gmt":"2022-03-07T18:10:55","slug":"3494-2","status":"publish","type":"page","link":"http:\/\/centrolindavista.org.mx\/?page_id=3494","title":{"rendered":"Comit\u00e9 Mixto Hait\u00ed-M\u00e9xico"},"content":{"rendered":"<p>[vc_row][vc_column width=\u00bb1\/4&#8243;][vc_wp_custommenu nav_menu=\u00bb45&#8243;][\/vc_column][vc_column width=\u00bb3\/4&#8243;]<div class=\"grop-section_text   grop-heading-69dfd9b4bb03f   text-left\"><div class=\"text-uppercase grop-sctn_title_fntSz-30   grop-heading-69dfd9b4bb03f  text-left\">Comit\u00e9 Mixto Hait\u00ed-M\u00e9xico<\/div><p>Novedades<\/p><\/div>[vc_row_inner][vc_column_inner width=\u00bb1\/4&#8243;][vc_single_image image=\u00bb3490&#8243; img_size=\u00bbfull\u00bb][\/vc_column_inner][vc_column_inner width=\u00bb3\/4&#8243;][vc_column_text]<strong>RECETAS DE NOPAL KREYOL<\/strong><\/p>\n<p>En el proceso de Campesino a Campesino se transfirieron capacidades para cultivar Nopal con las tecnolog\u00edas de los campesinos mexicanos. En seguimiento a ese proceso se elabor\u00f3 un recetario que permite preparar sabrosas preparaciones.<\/p>\n<p>&nbsp;<\/p>\n<p><a href=\"http:\/\/centrolindavista.org.mx\/wp-content\/uploads\/2022\/03\/RECETAS-DE-NOPAL-KREYOL-2022.pdf\"><strong>Bajar el manual<\/strong><\/a>[\/vc_column_text][\/vc_column_inner][\/vc_row_inner][vc_separator][vc_row_inner][vc_column_inner width=\u00bb1\/4&#8243;][vc_single_image image=\u00bb3495&#8243; img_size=\u00bbfull\u00bb][\/vc_column_inner][vc_column_inner width=\u00bb3\/4&#8243;][vc_column_text]<strong>De campesino a campesino<\/strong><\/p>\n<p>El objetivo es promover la fraternidad entre comunidades campesinas y derivado de ello la colaboraci\u00f3n, el fortalecimiento de identidades y el intercambio de experiencias, tanto de organizaci\u00f3n como t\u00e9cnicas y de comercializaci\u00f3n.<\/p>\n<p>Campesino a Campesino se inici\u00f3 con la Visita de 30 dirigentes campesinos haitianos a M\u00e9xico durante 30 d\u00edas en marzo-abril de 2011. En esa visita hubo amistad, solidaridad, encuentro intercultural, debate sobre como cooperar, di\u00e1logo sobre procesos productivos y desarrollo local un aspecto muy importante fue la transformaci\u00f3n del ma\u00edz y el nopal en alimento.<\/p>\n<p>Con el intercambio cultural y fraterno entre comunidades tanto el grupo haitiano como el grupo campesino mexicano reconocieron su identidad, cultura y sus saberes a partir de la pr\u00e1ctica cotidiana en el campo<\/p>\n<p>Material:<\/p>\n<p><strong>-PROGRAMA DE CAMPESINO A CAMPESINO <span style=\"color: #0000ff;\"><a style=\"color: #0000ff;\" href=\"http:\/\/centrolindavista.org.mx\/wp-content\/uploads\/2022\/03\/ResumenInfActMarAbr2014.pdf\">16 de abril del 2014<\/a><\/span><\/strong><\/p>\n<p><strong>&#8211; INFORME DE LA SEGUNDA ETAPA DEL PROYECTO CAMPESINO A CAMPESINO DEL 12 DE MARZO Al 09 DE ABRIL DE 2011 <span style=\"color: #0000ff;\"><a style=\"color: #0000ff;\" href=\"http:\/\/centrolindavista.org.mx\/wp-content\/uploads\/2022\/03\/INFORME-CAMPESINO-A-CAMPESINO-EN-ESPANOL.pdf\">ESPA\u00d1OL \u00a0<\/a><\/span>Y <span style=\"color: #0000ff;\"><a style=\"color: #0000ff;\" href=\"http:\/\/centrolindavista.org.mx\/wp-content\/uploads\/2022\/03\/INFORME-CAMPESINO-A-CAMPESINO-EN-CREOLL.pdf\">CREOLE<\/a><\/span><\/strong><\/p>\n<p><strong>&#8211; Entrevista\u00a0 a Mons.Chibly Langlois en Octubre de 2012 sobre la cooperaci\u00f3n con M\u00e9xico y el Exitoso programa \u201cDe Campesino a Campesino\u201d promovido por C\u00e1ritas Mexicana\u00a0 (Carlos Villa Roiz)\u00a0<\/strong>[\/vc_column_text][\/vc_column_inner][\/vc_row_inner][\/vc_column][\/vc_row]<\/p>\n","protected":false},"excerpt":{"rendered":"[vc_row][vc_column width=\u00bb1\/4&#8243;][vc_wp_custommenu nav_menu=\u00bb45&#8243;][\/vc_column][vc_column width=\u00bb3\/4&#8243;][vc_row_inner][vc_column_inner width=\u00bb1\/4&#8243;][vc_single_image image=\u00bb3490&#8243; img_size=\u00bbfull\u00bb][\/vc_column_inner][vc_column_inner width=\u00bb3\/4&#8243;][vc_column_text]RECETAS DE NOPAL KREYOL En el proceso de Campesino a Campesino se transfirieron capacidades para cultivar Nopal con las tecnolog\u00edas de los campesinos mexicanos. En seguimiento a ese proceso se elabor\u00f3 un recetario que permite preparar sabrosas preparaciones. &nbsp; Bajar el manual[\/vc_column_text][\/vc_column_inner][\/vc_row_inner][vc_separator][vc_row_inner][vc_column_inner width=\u00bb1\/4&#8243;][vc_single_image image=\u00bb3495&#8243; img_size=\u00bbfull\u00bb][\/vc_column_inner][vc_column_inner width=\u00bb3\/4&#8243;][vc_column_text]De campesino a &#8230;","protected":false},"author":1,"featured_media":0,"parent":0,"menu_order":0,"comment_status":"closed","ping_status":"closed","template":"","meta":{"footnotes":""},"class_list":["post-3494","page","type-page","status-publish","hentry"],"_links":{"self":[{"href":"http:\/\/centrolindavista.org.mx\/index.php?rest_route=\/wp\/v2\/pages\/3494","targetHints":{"allow":["GET"]}}],"collection":[{"href":"http:\/\/centrolindavista.org.mx\/index.php?rest_route=\/wp\/v2\/pages"}],"about":[{"href":"http:\/\/centrolindavista.org.mx\/index.php?rest_route=\/wp\/v2\/types\/page"}],"author":[{"embeddable":true,"href":"http:\/\/centrolindavista.org.mx\/index.php?rest_route=\/wp\/v2\/users\/1"}],"replies":[{"embeddable":true,"href":"http:\/\/centrolindavista.org.mx\/index.php?rest_route=%2Fwp%2Fv2%2Fcomments&post=3494"}],"version-history":[{"count":5,"href":"http:\/\/centrolindavista.org.mx\/index.php?rest_route=\/wp\/v2\/pages\/3494\/revisions"}],"predecessor-version":[{"id":3541,"href":"http:\/\/centrolindavista.org.mx\/index.php?rest_route=\/wp\/v2\/pages\/3494\/revisions\/3541"}],"wp:attachment":[{"href":"http:\/\/centrolindavista.org.mx\/index.php?rest_route=%2Fwp%2Fv2%2Fmedia&parent=3494"}],"curies":[{"name":"wp","href":"https:\/\/api.w.org\/{rel}","templated":true}]}}