{"id":3456,"date":"2022-03-02T12:42:48","date_gmt":"2022-03-02T18:42:48","guid":{"rendered":"http:\/\/centrolindavista.org.mx\/?page_id=3456"},"modified":"2022-09-13T10:22:34","modified_gmt":"2022-09-13T16:22:34","slug":"publicaciones-y-materiales-de-formacion","status":"publish","type":"page","link":"http:\/\/centrolindavista.org.mx\/?page_id=3456","title":{"rendered":"Publicaciones y materiales de formaci\u00f3n."},"content":{"rendered":"<p>[vc_row][vc_column width=\u00bb1\/4&#8243;][vc_wp_custommenu nav_menu=\u00bb41&#8243;][\/vc_column][vc_column width=\u00bb3\/4&#8243;]<div class=\"grop-section_text   grop-heading-69d2f314ef4e1   vc_custom_1646246201156 text-left\"><div class=\"text-uppercase grop-sctn_title_fntSz-30   grop-heading-69d2f314ef4e1  text-left\">Publicaciones y materiales de formaci\u00f3n.<\/div><p>Descarga dando clic en imagen o titulos<\/p><\/div>[vc_column_text]El Centro Lindavista comparte con sus visitantes dos conjuntos de publicaciones que espera sean de inter\u00e9s y utilidad:<\/p>\n<p>a) Publicaciones del Centro Lindavista en sus colecciones de Econom\u00eda, propuestas de futuro, prospectiva, resoluci\u00f3n de conflictos, \u00e9tica, desarrollo regional, solidaridad, pobreza, cultura, paz, y,<\/p>\n<p>b) Documentos escritos por autores cercanos a las perspectivas del Centro Lindavista, que considera de importancia para las problem\u00e1ticas que enfrentamos y hemos traducido: Denis Goulet, Fabrizio Barca, Patrizio Bianchi, Adam Kahane, Romano Prodi, as\u00ed como de otros autores como Mauricio de Maria, Jos\u00e9 Cerro y Adalberto Savi\u00f1\u00f3n.<\/p>\n<p>Abajo encontrar\u00e1s las publicaciones que hemos subido recientemente.[\/vc_column_text]<div class=\"grop-section_text   grop-heading-69d2f314ef511   vc_custom_1662144106058 text-left\"><div class=\"text-uppercase grop-sctn_title_fntSz-30   grop-heading-69d2f314ef511  text-left\">NOVEDADES<\/div><\/div>[vc_row_inner][vc_column_inner width=\u00bb3\/4&#8243;][vc_column_text]<span style=\"font-size: 18px;\"><a href=\"http:\/\/centrolindavista.org.mx\/wp-content\/uploads\/2022\/08\/Como-Podemos-Tomar-Decisiones-Politicas-Que-Sean-Etica-Y-Tecnicamente-Viables.pdf\"><span style=\"color: #0000ff;\"><strong>\u00abC\u00f3mo Podemos Tomar Decisiones Pol\u00edticas Que Sean \u00c9tica Y T\u00e9cnicamente Viables\u00bb<\/strong><\/span><\/a><\/span>&#8211; Adalberto Savi\u00f1on[\/vc_column_text][vc_column_text]<span style=\"color: #0000ff; font-size: 18px;\"><a style=\"color: #0000ff;\" href=\"http:\/\/centrolindavista.org.mx\/wp-content\/uploads\/2022\/08\/Contribucion-de-la-sociedad-responsable-a-la-paz-en-Mexico-20220811.pdf\"><strong>\u00abContribuci\u00f3n de la sociedad responsable a la paz en M\u00e9xico\u00bb<\/strong><\/a><\/span>&#8211; Adalberto Savi\u00f1on[\/vc_column_text][vc_column_text]<span style=\"color: #0000ff;\"><a style=\"color: #0000ff;\" href=\"http:\/\/centrolindavista.org.mx\/wp-content\/uploads\/2022\/08\/empresas-trabajo-territorios-politicas-industriales-post-covid-arrighetti-bellandi-bianchi-labory.pdf\"><strong><span style=\"font-size: 18px;\">\u00abEmpresas trabajo territorios pol\u00edticas industriales\u00bb<\/span><\/strong><\/a><\/span>-Patrizio Bianchi[\/vc_column_text][vc_column_text]<span style=\"font-size: 18px;\"><a href=\"http:\/\/centrolindavista.org.mx\/wp-content\/uploads\/2022\/09\/Los-desafios-para-la-construccion-de-paz-Dialogo-Adam-Kahane-junio-2022-vf2l.pdf\"><strong><span style=\"color: #0000ff;\">\u00abLos desaf\u00edos para la construcci\u00f3n de paz, la promoci\u00f3n del di\u00e1logo y la cohesi\u00f3n social\u00bb<\/span><\/strong><\/a><\/span>-Adame Kahane<br \/>\nRecuento de la conversaci\u00f3n virtual realizada el 17 de junio de 2022 entre Adam Kahane y personas invitadas Por Guerrero es Primero, Consejo Michoacano por la Construcci\u00f3n de la Paz y el Centro Mexicano para la Filantrop\u00eda[\/vc_column_text][vc_column_text]<strong><span style=\"color: #0000ff; font-size: 18px;\"><a style=\"color: #0000ff;\" href=\"http:\/\/centrolindavista.org.mx\/wp-content\/uploads\/2022\/09\/Fabrizio-Barca-Cohesion-Territorial-Una-vision-integralChapultepec-julio-2019.pdf\">\u00abCohesi\u00f3n Territorial Una visi\u00f3n integral Chapultepec Julio 2019\u00bb<\/a><\/span><\/strong>-Fabrizio Barca<\/p>\n<p>Presentaci\u00f3n de Fabrizio Barca sobre Cohesi\u00f3n Territorial desde una perspectiva integral. Castillo de Chapultepec julio de 2019. Se presenta la presentaci\u00f3n en powerpoint y la transcripci\u00f3n de sus palabras.[\/vc_column_text][vc_column_text]<span style=\"color: #0000ff; font-size: 18px;\"><a style=\"color: #0000ff;\" href=\"http:\/\/centrolindavista.org.mx\/wp-content\/uploads\/2022\/09\/Fabrizio-Barca-Un-partido-nuevo.pdf\"><strong>\u00abUn partido nuevo para un buen gobierno\u00bb<\/strong><\/a>.<\/span>-Fabrizio Barca<\/p>\n<p>En 2013 realiz\u00f3 un estudio del Partido Democratico de Italia y propuso en un extenso documento sus ideas para una reforma a fondo. Aqu\u00ed se presenta una s\u00edntesis de sus propuestas[\/vc_column_text][vc_column_text]<strong><span style=\"color: #0000ff; font-size: 18px;\"><a style=\"color: #0000ff;\" href=\"http:\/\/centrolindavista.org.mx\/wp-content\/uploads\/2022\/09\/Fabrizio-Barca-Un-partido-nuevo-1.pdf\">\u00abOtro trabajo es posible\u00bb<\/a><\/span><\/strong>-Fabrizio Barca<\/p>\n<p>La conmoci\u00f3n del coronavirus nos ha puesto frente a una realidad dram\u00e1tica, que ya estaba en el ojo p\u00fablico: las desigualdades sociales han alcanzado umbrales que ya no son tolerables y los grupos m\u00e1s d\u00e9biles, no por naturaleza o destino, sino porque se ven debilitados por d\u00e9cadas de pol\u00edticas neoliberales que han hecho a\u00f1icos los derechos, est\u00e1n pagando el precio m\u00e1s alto.[\/vc_column_text][vc_column_text]<span style=\"color: #0000ff;\"><strong><span style=\"font-size: 18px;\"><a style=\"color: #0000ff;\" href=\"http:\/\/centrolindavista.org.mx\/wp-content\/uploads\/2022\/09\/PLANTEAMIENTOS-PARA-EL-TRABAJO-EN-TERRITORIOS-DEL-SUR-asds-vfinal.pdf\">\u00abPlanteamientos para el trabajo en territorios del sur\u00bb<\/a><\/span><\/strong><\/span>-Adalberto Savi\u00f1\u00f3n<\/p>\n<p>Se recogen en este trabajo planteamientos de un grupo de trabajo Guerrero es Primero, Centro Lindavista, Instituto para la Paz sobre el trabajo en comunidades de Morelos y Guerrero, especialmente resaltando el papel de las escuelas.[\/vc_column_text][vc_column_text]<strong><span style=\"color: #0000ff; font-size: 18px;\"><a style=\"color: #0000ff;\" href=\"http:\/\/centrolindavista.org.mx\/wp-content\/uploads\/2022\/09\/DenisGoulet-Tres-racionalidades-final.pdf\">\u00abTres racionalidades\u00bb<\/a><\/span><\/strong>-Denis Goulet<\/p>\n<p>Resumen. \u2014Los resultados del desarrollo son, en la mayor\u00eda de los casos decepcionantes. Numerosos obst\u00e1culos nacionales e internacionales, impiden el \u00e9xito. Este documento argumenta que, adem\u00e1s de estos, la mala toma de decisiones sobre el desarrollo contribuye al fracaso. El autor analiza c\u00f3mo tres racionalidades distintas, o enfoques b\u00e1sicos de la l\u00f3gica convergen en los \u00e1mbitos de la toma de decisiones. Ver m\u00e1s.[\/vc_column_text][vc_column_text]<strong><span style=\"color: #0000ff; font-size: 18px;\"><a style=\"color: #0000ff;\" href=\"http:\/\/centrolindavista.org.mx\/wp-content\/uploads\/2022\/09\/Rosa-Ines-Floriano-Estrategias-territoriales-de-Paz-Chapultepec-Julio-2019.pdf\">\u00a0\u201cPresentaci\u00f3n de Rosa In\u00e9s Floriano sobre Estrategias Territoriales de Paz.\u201d<\/a>\u00a0 \u00a0<\/span><\/strong>-Rosa In\u00e9s Floriano[\/vc_column_text][\/vc_column_inner][\/vc_row_inner][\/vc_column][\/vc_row]<\/p>\n","protected":false},"excerpt":{"rendered":"[vc_row][vc_column width=\u00bb1\/4&#8243;][vc_wp_custommenu nav_menu=\u00bb41&#8243;][\/vc_column][vc_column width=\u00bb3\/4&#8243;][vc_column_text]El Centro Lindavista comparte con sus visitantes dos conjuntos de publicaciones que espera sean de inter\u00e9s y utilidad: a) Publicaciones del Centro Lindavista en sus colecciones de Econom\u00eda, propuestas de futuro, prospectiva, resoluci\u00f3n de conflictos, \u00e9tica, desarrollo regional, solidaridad, pobreza, cultura, paz, y, b) Documentos escritos por autores cercanos a las perspectivas &#8230;","protected":false},"author":1,"featured_media":0,"parent":0,"menu_order":0,"comment_status":"closed","ping_status":"closed","template":"","meta":{"footnotes":""},"class_list":["post-3456","page","type-page","status-publish","hentry"],"_links":{"self":[{"href":"http:\/\/centrolindavista.org.mx\/index.php?rest_route=\/wp\/v2\/pages\/3456","targetHints":{"allow":["GET"]}}],"collection":[{"href":"http:\/\/centrolindavista.org.mx\/index.php?rest_route=\/wp\/v2\/pages"}],"about":[{"href":"http:\/\/centrolindavista.org.mx\/index.php?rest_route=\/wp\/v2\/types\/page"}],"author":[{"embeddable":true,"href":"http:\/\/centrolindavista.org.mx\/index.php?rest_route=\/wp\/v2\/users\/1"}],"replies":[{"embeddable":true,"href":"http:\/\/centrolindavista.org.mx\/index.php?rest_route=%2Fwp%2Fv2%2Fcomments&post=3456"}],"version-history":[{"count":30,"href":"http:\/\/centrolindavista.org.mx\/index.php?rest_route=\/wp\/v2\/pages\/3456\/revisions"}],"predecessor-version":[{"id":3815,"href":"http:\/\/centrolindavista.org.mx\/index.php?rest_route=\/wp\/v2\/pages\/3456\/revisions\/3815"}],"wp:attachment":[{"href":"http:\/\/centrolindavista.org.mx\/index.php?rest_route=%2Fwp%2Fv2%2Fmedia&parent=3456"}],"curies":[{"name":"wp","href":"https:\/\/api.w.org\/{rel}","templated":true}]}}