{"id":3397,"date":"2022-02-10T19:53:47","date_gmt":"2022-02-10T19:53:47","guid":{"rendered":"http:\/\/centrolindavista.org.mx\/?page_id=3397"},"modified":"2022-07-20T13:59:46","modified_gmt":"2022-07-20T19:59:46","slug":"jose-antonio-cerro-castiglione","status":"publish","type":"page","link":"http:\/\/centrolindavista.org.mx\/?page_id=3397","title":{"rendered":"Jos\u00e9 Antonio Cerro Castiglione"},"content":{"rendered":"<p>[vc_row][vc_column width=\u00bb1\/4&#8243;][vc_wp_custommenu nav_menu=\u00bb41&#8243;][\/vc_column][vc_column width=\u00bb3\/4&#8243;]<div class=\"grop-section_text   grop-heading-69d2d8f68bc98   vc_custom_1644522793288 text-left\"><div class=\"text-uppercase grop-sctn_title_fntSz-30   grop-heading-69d2d8f68bc98  text-left\">Jos\u00e9 Antonio Cerro Castiglione<\/div><\/div>[vc_column_text]<\/p>\n<table border=\"3\" width=\"610\" cellspacing=\"3\" cellpadding=\"0\" align=\"center\">\n<tbody>\n<tr>\n<td colspan=\"2\" height=\"64\">\n<div class=\"Estilo2\" align=\"center\">\n<p class=\"Estilo15\"><span class=\"Estilo42\">DR. JOS\u00c9 ANTONIO CERRO CASTIGLIONE<\/span><\/p>\n<\/div>\n<\/td>\n<\/tr>\n<tr>\n<td class=\"Estilo11\" height=\"29\">\n<div class=\"Estilo62\" align=\"left\"><a class=\"Estilo2\" href=\"http:\/\/www.centrolindavista.org.mx\/cerro\/cerro-el_mexico_act_y_el%20inf_presidencial.pdf\">\u201cEl M\u00e9xico actual y el Informe Presidencial\u201d<\/a><\/div>\n<\/td>\n<td>\n<div align=\"center\"><span class=\"Estilo11\">lunes 31, agosto 2009<\/span><\/div>\n<\/td>\n<\/tr>\n<tr>\n<td class=\"Estilo11\" height=\"29\">\n<div class=\"Estilo62\" align=\"left\"><a href=\"http:\/\/www.centrolindavista.org.mx\/cerro\/Cerro-Foro_%20Maiz-120808.pdf\" target=\"_blank\" rel=\"noopener\">\u201cEl Ma\u00edz en el Contexto del Libre Comercio y los<br \/>\nCambios Clim\u00e1ticos y Tecnol\u00f3gicos en los \u00daltimos 15<br \/>\nA\u00f1os\u201d<\/a><\/div>\n<\/td>\n<td>\n<div align=\"center\"><span class=\"Estilo11\">martes 12, agosto 2008<\/span><\/div>\n<\/td>\n<\/tr>\n<tr>\n<td class=\"Estilo11\" height=\"29\">\n<div class=\"Estilo62\" align=\"left\"><a class=\"Estilo2\" href=\"http:\/\/www.centrolindavista.org.mx\/cerro\/Cerro-Sector_Agropecuario-090708.pdf\" target=\"_blank\" rel=\"noopener\">D\u00e9cima Reuni\u00f3 del Grupo de Trabajo Encargado de<br \/>\nEvaluar los Impactos del TLCAN sobre el Sector Agropecuario<\/a><\/div>\n<\/td>\n<td>\n<div align=\"center\"><span class=\"Estilo19\">mi\u00e9rcoles 09, julio 2008<\/span><\/div>\n<\/td>\n<\/tr>\n<tr>\n<td class=\"Estilo9\" colspan=\"2\" height=\"68\">\n<div align=\"center\"><span class=\"Estilo20\"><strong>Dr. JOS\u00c9 ANTONIO CERRO CASTIGLIONE<\/strong><br \/>\nArt\u00edculos publicados en la Jornada de Morelos<\/span><\/div>\n<\/td>\n<\/tr>\n<tr>\n<td class=\"Estilo11\" height=\"29\">\n<div class=\"Estilo64\" align=\"left\"><a href=\"http:\/\/www.centrolindavista.org.mx\/cerro\/cerro-La-crisis-ya-afecta-a-la-economia-real.pdf\" target=\"_blank\" rel=\"noopener\">La crisis ya afecta a la econom\u00eda real: \u00bfQu\u00e9 pasar\u00e1 en M\u00e9xico?<\/a><\/div>\n<\/td>\n<td><\/td>\n<\/tr>\n<tr>\n<td class=\"Estilo11\" height=\"29\">\n<div class=\"Estilo64\" align=\"left\">\n<p><a href=\"http:\/\/www.centrolindavista.org.mx\/cerro\/cerro-fondos-estructurales.pdf\" target=\"_blank\" rel=\"noopener\">Fondos estructurales en el TLC para contribuir a promover el desarrollo de M\u00e9xico<\/a><\/p>\n<\/div>\n<\/td>\n<td><\/td>\n<\/tr>\n<tr>\n<td class=\"Estilo11\" height=\"29\">\n<div class=\"Estilo64\" align=\"left\"><a href=\"http:\/\/www.centrolindavista.org.mx\/cerro\/cerro-finalizaron-olimpiadas.pdf\" target=\"_blank\" rel=\"noopener\">Finalizaron las Olimpiadas \u00bfQu\u00e9 sigue para China?<\/a><\/div>\n<\/td>\n<td><\/td>\n<\/tr>\n<tr>\n<td height=\"29\">\n<div class=\"Estilo11\" align=\"left\"><a href=\"http:\/\/www.centrolindavista.org.mx\/cerro\/cerro-ronda-Doha-OMC.pdf\" target=\"_blank\" rel=\"noopener\">Sobre la ronda de Doha en la Organizaci\u00f3n Mundial del Comercio<\/a><\/div>\n<\/td>\n<td>\n<div align=\"center\"><span class=\"Estilo11\">domingo 03, agosto 2008<\/span><\/div>\n<\/td>\n<\/tr>\n<tr>\n<td width=\"369\" height=\"29\">\n<div align=\"left\"><a class=\"Estilo11\" href=\"http:\/\/www.centrolindavista.org.mx\/cerro\/cerro-de_Villahermosa-Tucuman.pdf\" target=\"_blank\" rel=\"noopener\">De Villahermosa a Tucum\u00e1n \u00bfm\u00e1s de lo mismo?<\/a><\/div>\n<\/td>\n<td width=\"222\">\n<div class=\"Estilo11\" align=\"center\">jueves 10, julio 2008<\/div>\n<\/td>\n<\/tr>\n<tr>\n<td height=\"29\">\n<div class=\"Estilo11\" align=\"left\"><a href=\"http:\/\/www.centrolindavista.org.mx\/cerro\/cerro-inflacion.pdf\" target=\"_blank\" rel=\"noopener\">La inflaci\u00f3n aparece como problema prioritario<\/a><\/div>\n<\/td>\n<td>\n<div class=\"Estilo11\" align=\"center\">lunes 30, junio 2008<\/div>\n<\/td>\n<\/tr>\n<tr>\n<td height=\"29\">\n<p class=\"Estilo11\" align=\"left\"><a href=\"http:\/\/www.centrolindavista.org.mx\/cerro\/cerro-subsidios-nafta-diesel.pdf\" target=\"_blank\" rel=\"noopener\">Qu\u00e9 hacer con los subsidios a la nafta y el diesel<\/a><\/p>\n<\/td>\n<td>\n<p class=\"Estilo11\" align=\"center\">lunes 23, junio 2008<\/p>\n<\/td>\n<\/tr>\n<tr>\n<td height=\"46\">\n<p class=\"Estilo11\" align=\"left\"><a href=\"http:\/\/www.centrolindavista.org.mx\/cerro\/cerro-por-otra.pdf\" target=\"_blank\" rel=\"noopener\">Por otra \u201crevoluci\u00f3n verde\u201d y un esquema de seguridad alimentaria internacional<\/a><\/p>\n<\/td>\n<td>\n<p class=\"Estilo11\" align=\"center\">jueves 12, junio 2008<\/p>\n<\/td>\n<\/tr>\n<tr>\n<td height=\"48\">\n<div class=\"Estilo11\" align=\"left\"><a href=\"http:\/\/www.centrolindavista.org.mx\/cerro\/cerro-Mexico-efectos-precios.pdf\" target=\"_blank\" rel=\"noopener\">M\u00e9xico y los efectos de los precios internacionales de productos agr\u00edcolas<\/a><\/div>\n<\/td>\n<td>\n<div class=\"Estilo11\" align=\"center\">\n<p>lunes 26, mayo 2008<\/p>\n<\/div>\n<\/td>\n<\/tr>\n<tr>\n<td height=\"40\">\n<div class=\"Estilo11\" align=\"left\"><a href=\"http:\/\/www.centrolindavista.org.mx\/cerro\/cerro-irlanda2.pdf\" target=\"_blank\" rel=\"noopener\">El caso de Irlanda: el \u201cmilagro celta<\/a><strong><a href=\"http:\/\/www.centrolindavista.org.mx\/cerro-irlanda2.pdf\">\u201d<\/a><\/strong><\/div>\n<\/td>\n<td>\n<div class=\"Estilo11\" align=\"center\">lunes 03, diciembre 2007<\/div>\n<\/td>\n<\/tr>\n<tr>\n<td height=\"42\">\n<div class=\"Estilo11\" align=\"left\"><a href=\"http:\/\/www.centrolindavista.org.mx\/cerro\/cerro-Sobre-posibilidades-v-alcohol-combustible.pdf\" target=\"_blank\" rel=\"noopener\">Sobre las posibilidades y ventajas de un programa de alcohol combustible<\/a><strong><br \/>\n<\/strong><\/div>\n<\/td>\n<td>\n<div class=\"Estilo11\" align=\"center\">s\u00e1bado 17, noviembre 2007<\/div>\n<\/td>\n<\/tr>\n<tr>\n<td colspan=\"2\" height=\"42\">\n<div class=\"Estilo17\" align=\"center\">Otros Art\u00edculos de Interes<\/div>\n<div align=\"center\"><\/div>\n<\/td>\n<\/tr>\n<tr>\n<td colspan=\"2\" height=\"36\">\n<div align=\"left\"><a class=\"Estilo11\" href=\"http:\/\/www.centrolindavista.org.mx\/cerro\/cerro-pemex.pdf\" target=\"_blank\" rel=\"noopener\">PEMEX y como ubicarnos en la actual situaci\u00f3n energ\u00e9tica internacional<\/a><\/div>\n<\/td>\n<\/tr>\n<tr>\n<td colspan=\"2\" height=\"42\">\n<div align=\"left\"><a class=\"Estilo11\" href=\"http:\/\/www.centrolindavista.org.mx\/cerro\/cerro-petroleo-politica.pdf\" target=\"_blank\" rel=\"noopener\">Petr\u00f3leo y Pol\u00edtica<\/a><\/div>\n<\/td>\n<\/tr>\n<\/tbody>\n<\/table>\n<p>[\/vc_column_text][\/vc_column][\/vc_row]<\/p>\n","protected":false},"excerpt":{"rendered":"[vc_row][vc_column width=\u00bb1\/4&#8243;][vc_wp_custommenu nav_menu=\u00bb41&#8243;][\/vc_column][vc_column width=\u00bb3\/4&#8243;][vc_column_text] DR. JOS\u00c9 ANTONIO CERRO CASTIGLIONE \u201cEl M\u00e9xico actual y el Informe Presidencial\u201d lunes 31, agosto 2009 \u201cEl Ma\u00edz en el Contexto del Libre Comercio y los Cambios Clim\u00e1ticos y Tecnol\u00f3gicos en los \u00daltimos 15 A\u00f1os\u201d martes 12, agosto 2008 D\u00e9cima Reuni\u00f3 del Grupo de Trabajo Encargado de Evaluar los Impactos del &#8230;","protected":false},"author":1,"featured_media":0,"parent":0,"menu_order":0,"comment_status":"closed","ping_status":"closed","template":"","meta":{"footnotes":""},"class_list":["post-3397","page","type-page","status-publish","hentry"],"_links":{"self":[{"href":"http:\/\/centrolindavista.org.mx\/index.php?rest_route=\/wp\/v2\/pages\/3397","targetHints":{"allow":["GET"]}}],"collection":[{"href":"http:\/\/centrolindavista.org.mx\/index.php?rest_route=\/wp\/v2\/pages"}],"about":[{"href":"http:\/\/centrolindavista.org.mx\/index.php?rest_route=\/wp\/v2\/types\/page"}],"author":[{"embeddable":true,"href":"http:\/\/centrolindavista.org.mx\/index.php?rest_route=\/wp\/v2\/users\/1"}],"replies":[{"embeddable":true,"href":"http:\/\/centrolindavista.org.mx\/index.php?rest_route=%2Fwp%2Fv2%2Fcomments&post=3397"}],"version-history":[{"count":2,"href":"http:\/\/centrolindavista.org.mx\/index.php?rest_route=\/wp\/v2\/pages\/3397\/revisions"}],"predecessor-version":[{"id":3711,"href":"http:\/\/centrolindavista.org.mx\/index.php?rest_route=\/wp\/v2\/pages\/3397\/revisions\/3711"}],"wp:attachment":[{"href":"http:\/\/centrolindavista.org.mx\/index.php?rest_route=%2Fwp%2Fv2%2Fmedia&parent=3397"}],"curies":[{"name":"wp","href":"https:\/\/api.w.org\/{rel}","templated":true}]}}