{"id":3373,"date":"2022-02-10T19:25:33","date_gmt":"2022-02-10T19:25:33","guid":{"rendered":"http:\/\/centrolindavista.org.mx\/?page_id=3373"},"modified":"2022-07-20T13:52:10","modified_gmt":"2022-07-20T19:52:10","slug":"romano-prodi","status":"publish","type":"page","link":"http:\/\/centrolindavista.org.mx\/?page_id=3373","title":{"rendered":"Romano Prodi"},"content":{"rendered":"<p>[vc_row][vc_column width=\u00bb1\/4&#8243;][vc_wp_custommenu nav_menu=\u00bb41&#8243;][\/vc_column][vc_column width=\u00bb3\/4&#8243;]<div class=\"grop-section_text   grop-heading-69d2f2d59bdc4   vc_custom_1644520059515 text-left\"><div class=\"text-uppercase grop-sctn_title_fntSz-30   grop-heading-69d2f2d59bdc4  text-left\">Visita de Romano Prodi a M\u00e9xico 2009<\/div><\/div>[vc_row_inner][vc_column_inner width=\u00bb2\/3&#8243;][vc_column_text]<\/p>\n<div align=\"center\">\n<p class=\"Estilo7\" align=\"justify\">El expresidente del Consejo de Ministros de Italia Romano Prodi visit\u00f3 nuestro pa\u00eds del 26 al 30 de enero de 2009 invitado por organizaciones de la sociedad civil y el gobierno mexicano a entablar un di\u00e1logo con ambos sectores en torno al tema de la crisis econ\u00f3mica mundial y su impacto en la sociedad mexicana.<\/p>\n<p class=\"Estilo7\" align=\"justify\">Considerando su experiencia como acad\u00e9mico, actor clave del gobierno italiano en sus distintos cargos, presidente de la Comisi\u00f3n Europea; y emprendiendo actualmente una nueva experiencia desde su fundaci\u00f3n; distintas expresiones de la sociedad civil sostuvieron encuentros con el Sr. Prodi para dialogar sobre las preocupaciones y expectativas que desde estos espacios se presentan en torno a la coyuntura actual en nuestro pa\u00eds.<\/p>\n<\/div>\n<div align=\"justify\"><span class=\"Estilo7\">El Sr. Prodi inici\u00f3 sus actividades en M\u00e9xico asistiendo a reuniones con representantes de los tres principales partidos del pa\u00eds, y como invitado al foro \u201cM\u00e9xico ante la crisis: \u00bfQu\u00e9 hacer para crecer?\u201d, evento organizado por el gobierno federal para elaborar un diagn\u00f3stico sobre los efectos de la crisis econ\u00f3mica mundial en M\u00e9xico tomando en cuenta los temas de crecimiento econ\u00f3mico, empleo y seguridad social en nuestro pa\u00eds. Este foro se realiz\u00f3 el \u00a0d\u00eda 27 de enero en compa\u00f1\u00eda de los ex presidentes de Espa\u00f1a, de Chile, y de Uruguay.<\/span><\/div>\n<p>[\/vc_column_text][vc_column_text]Pionero en los estudios interdisciplinarios acerca de la \u00e9tica del desarrollo, public\u00f3 numerosos t\u00edtulos de temas al parecer diversos como Desarrollo Econ\u00f3mico, Desarrollo Humano \u00bfC\u00f3mo Medirlos?, de 1996, o uno anterior publicado en 1974, como Un nuevo orden moral: Desarrollo y \u00e9tica en la teolog\u00eda de la liberaci\u00f3n. Sin embargo, el centro de su atenci\u00f3n fue siempre la persona humana, sus valores, comportamientos, condici\u00f3n \u00e9tica, de ah\u00ed que su labor de investigaci\u00f3n haya tenido siempre un hilo conductor en la b\u00fasqueda de claves para lograr el desarrollo humano de una forma abarcadora, en sus \u00e1mbitos social e individual.[\/vc_column_text][\/vc_column_inner][vc_column_inner width=\u00bb1\/3&#8243;][vc_single_image image=\u00bb3374&#8243; img_size=\u00bbfull\u00bb][vc_column_text]<a href=\"http:\/\/centrolindavista.org.mx\/wp-content\/uploads\/2022\/02\/curriculum_Romano_Prodi.pdf\"><strong>Curriculum Vitae<\/strong><\/a>[\/vc_column_text][vc_column_text]<strong><a href=\"http:\/\/www.romanoprodi.it\">http:\/\/www.romanoprodi.it<\/a><\/strong>[\/vc_column_text][vc_column_text]<strong>Fundaci\u00f3n:<\/strong><br \/>\n<strong><a href=\"http:\/\/www.fondazionepopoli.org\/\" target=\"_blank\" rel=\"noopener\">http:\/\/www.fondazionepopoli.org<\/a><\/strong>[\/vc_column_text][\/vc_column_inner][\/vc_row_inner][vc_column_text]<\/p>\n<p class=\"Estilo7\" align=\"justify\">Posteriormente, sostuvo un encuentro sobre la situaci\u00f3n econ\u00f3mica del pa\u00eds con un grupo de empresarios convocados por el Dr. Mauricio De Maria y Campos.<\/p>\n<p class=\"Estilo7\" align=\"justify\">El mi\u00e9rcoles 28 de enero se reuni\u00f3 en la Universidad Iberoamericana Campus Puebla con alrededor de 20 intelectuales y operadores de la vida p\u00fablica que comparten un pensamiento cristiano y que, al provenir con distintas visiones sociales y pol\u00edticas, realizaron un libre intercambio de ideas y planteamientos basados en sus experiencias sobre los grandes desaf\u00edos que encuentran d\u00eda a d\u00eda en temas como la injusticia social y econ\u00f3mica, el reto de lograr un equilibrio entre la fe y pol\u00edtica en un Estado laico, la posibilidad de una integraci\u00f3n latinoamericana; e interrogantes sobre la coalici\u00f3n del Olivo impulsada por el mismo Prodi, y la experiencia europea en su integraci\u00f3n econ\u00f3mica y los enfoques sociales que han abordado en materia migratoria y social.<\/p>\n<p class=\"Estilo7\" align=\"justify\">Por otro lado, el jueves 29 de enero, un grupo de organizaciones de la sociedad civil se dieron encuentro con el ex presidente Prodi para dialogar sobre la situaci\u00f3n actual del pa\u00eds, y la trascendencia de impulsar de manera ordenada y estrat\u00e9gica el desarrollo regional como una de las alternativas frente a la creciente violencia en M\u00e9xico. El di\u00e1logo se present\u00f3 como una oportunidad para intercambiar puntos de vista sobre los aspectos paralelos que se presentan en ambos pa\u00edses, y las experiencias resultantes en aquel pa\u00eds.<\/p>\n<p class=\"Estilo7\" align=\"justify\">Finalmente, asisti\u00f3 a una comida con un grupo de economistas en la Facultad de Econom\u00eda de la UNAM el viernes 30 de enero.<\/p>\n<p class=\"Estilo7\" align=\"justify\">Para tener mayor informaci\u00f3n sobre las actividades mencionadas, puede consultar:<\/p>\n<p>[\/vc_column_text][vc_column_text]<\/p>\n<table border=\"3\" width=\"507\" cellspacing=\"3\" cellpadding=\"0\" align=\"center\">\n<tbody>\n<tr>\n<td colspan=\"2\" height=\"39\">\n<div class=\"Estilo7\" align=\"center\">\n<p class=\"Estilo15\"><strong>Registro de las Reuniones<\/strong><\/p>\n<\/div>\n<\/td>\n<\/tr>\n<tr>\n<td width=\"337\" height=\"29\"><a href=\"http:\/\/centrolindavista.org.mx\/wp-content\/uploads\/2022\/02\/Foro_Mexico_ante_la_crisis.pdf\"><span class=\"Estilo19\"><strong>\u201cM\u00e9xico ante la crisis: \u00bfQu\u00e9 hacer para crecer?\u00bb<\/strong><\/span><\/a><\/td>\n<td width=\"151\">\n<div class=\"Estilo16\" align=\"center\">Foro<\/div>\n<\/td>\n<\/tr>\n<tr>\n<td class=\"Estilo19\" height=\"29\"><strong><a href=\"http:\/\/centrolindavista.org.mx\/wp-content\/uploads\/2022\/02\/reunion_UIA_puebla-28enero09.pdf\">Reuni\u00f3n en la UIA, Campus Puebla<\/a><\/strong><\/td>\n<td>\n<div class=\"Estilo16\" align=\"center\">28 de enero de 2009<\/div>\n<\/td>\n<\/tr>\n<tr>\n<td class=\"Estilo19\" height=\"29\"><a href=\"http:\/\/centrolindavista.org.mx\/wp-content\/uploads\/2022\/02\/reunion_osc.pdf\"><strong>Reuni\u00f3n con organizaciones de la sociedad civil<\/strong><\/a><\/td>\n<td>\n<div align=\"center\"><span class=\"Estilo16\">29 de enero de 2009<\/span><\/div>\n<\/td>\n<\/tr>\n<tr>\n<td class=\"Estilo19\" height=\"29\"><strong><a href=\"http:\/\/centrolindavista.org.mx\/wp-content\/uploads\/2022\/02\/reunion_FAC_EC_UNAM-30feb09.pdf\">Reuni\u00f3n en la Facultad de Econom\u00eda<\/a><\/strong><\/td>\n<td>\n<div class=\"Estilo16\" align=\"center\">30 de febrero de 2009<\/div>\n<\/td>\n<\/tr>\n<\/tbody>\n<\/table>\n<p>[\/vc_column_text][\/vc_column][\/vc_row]<\/p>\n","protected":false},"excerpt":{"rendered":"[vc_row][vc_column width=\u00bb1\/4&#8243;][vc_wp_custommenu nav_menu=\u00bb41&#8243;][\/vc_column][vc_column width=\u00bb3\/4&#8243;][vc_row_inner][vc_column_inner width=\u00bb2\/3&#8243;][vc_column_text] El expresidente del Consejo de Ministros de Italia Romano Prodi visit\u00f3 nuestro pa\u00eds del 26 al 30 de enero de 2009 invitado por organizaciones de la sociedad civil y el gobierno mexicano a entablar un di\u00e1logo con ambos sectores en torno al tema de la crisis econ\u00f3mica mundial y su &#8230;","protected":false},"author":1,"featured_media":0,"parent":0,"menu_order":0,"comment_status":"closed","ping_status":"closed","template":"","meta":{"footnotes":""},"class_list":["post-3373","page","type-page","status-publish","hentry"],"_links":{"self":[{"href":"http:\/\/centrolindavista.org.mx\/index.php?rest_route=\/wp\/v2\/pages\/3373","targetHints":{"allow":["GET"]}}],"collection":[{"href":"http:\/\/centrolindavista.org.mx\/index.php?rest_route=\/wp\/v2\/pages"}],"about":[{"href":"http:\/\/centrolindavista.org.mx\/index.php?rest_route=\/wp\/v2\/types\/page"}],"author":[{"embeddable":true,"href":"http:\/\/centrolindavista.org.mx\/index.php?rest_route=\/wp\/v2\/users\/1"}],"replies":[{"embeddable":true,"href":"http:\/\/centrolindavista.org.mx\/index.php?rest_route=%2Fwp%2Fv2%2Fcomments&post=3373"}],"version-history":[{"count":4,"href":"http:\/\/centrolindavista.org.mx\/index.php?rest_route=\/wp\/v2\/pages\/3373\/revisions"}],"predecessor-version":[{"id":3707,"href":"http:\/\/centrolindavista.org.mx\/index.php?rest_route=\/wp\/v2\/pages\/3373\/revisions\/3707"}],"wp:attachment":[{"href":"http:\/\/centrolindavista.org.mx\/index.php?rest_route=%2Fwp%2Fv2%2Fmedia&parent=3373"}],"curies":[{"name":"wp","href":"https:\/\/api.w.org\/{rel}","templated":true}]}}