{"id":3353,"date":"2022-02-10T18:26:37","date_gmt":"2022-02-10T18:26:37","guid":{"rendered":"http:\/\/centrolindavista.org.mx\/?page_id=3353"},"modified":"2022-09-13T16:29:52","modified_gmt":"2022-09-13T22:29:52","slug":"dr-denis-goulet","status":"publish","type":"page","link":"http:\/\/centrolindavista.org.mx\/?page_id=3353","title":{"rendered":"Dr. Denis Goulet"},"content":{"rendered":"<p>[vc_row][vc_column width=\u00bb1\/4&#8243;][vc_wp_custommenu nav_menu=\u00bb41&#8243;][\/vc_column][vc_column width=\u00bb3\/4&#8243;]<div class=\"grop-section_text   grop-heading-69d2f15f1228e   vc_custom_1657901935082 text-left\"><div class=\"text-uppercase grop-sctn_title_fntSz-30   grop-heading-69d2f15f1228e  text-left\">Dr. Denis Goulet<\/div><\/div>[vc_row_inner][vc_column_inner width=\u00bb2\/3&#8243;][vc_column_text]<span style=\"color: #000000;\">Pionero <\/span><em>en lo<\/em>s estudios interdisciplinarios <span style=\"color: #000000;\">acerca<\/span> de la \u00e9tica del desarrollo, public\u00f3 numerosos t\u00edtulos de temas como Desarrollo Econ\u00f3mico, Desarrollo Humano \u00bfC\u00f3mo Medirlos?, como Un nuevo orden moral: Desarrollo y \u00e9tica en la teolog\u00eda de la liberaci\u00f3n. El centro de su atenci\u00f3n fue siempre la persona humana, sus valores, comportamientos, condici\u00f3n \u00e9tica, de ah\u00ed que su labor de investigaci\u00f3n haya tenido siempre un hilo conductor en la b\u00fasqueda de claves para lograr el desarrollo humano de una forma abarcadora, en sus \u00e1mbitos social e individual.[\/vc_column_text][\/vc_column_inner][vc_column_inner width=\u00bb1\/3&#8243;][vc_single_image image=\u00bb3354&#8243; img_size=\u00bbfull\u00bb][vc_column_text]<strong><a href=\"http:\/\/centrolindavista.org.mx\/wp-content\/uploads\/2022\/02\/gouletcv.pdf\">Curriculum Vitae<\/a><\/strong>[\/vc_column_text][\/vc_column_inner][\/vc_row_inner][vc_separator color=\u00bbblack\u00bb][vc_row_inner][vc_column_inner width=\u00bb2\/3&#8243;][vc_column_text]<\/p>\n<p class=\"Estilo10\"><strong>\u00c9tica del Desarrollo<\/strong><\/p>\n<p class=\"Estilo13\"><strong>Gu\u00eda Te\u00f3rica y Pr\u00e1ctica<\/strong><\/p>\n<p class=\"Estilo14\">Con el libro se pretende inducir la reflexi\u00f3n a nivel te\u00f3rico y pr\u00e1ctico sobre los modos de hacer que la Econom\u00eda, la Pol\u00edtica, la Cultura \u00abuniversal\u00bb, a trav\u00e9s de sus mecanismos de acci\u00f3n, est\u00e1 produciendo en los distintos procesos del desarrollo y del subdesarrollo (ambas expresiones han de apreciarse) sobre los diferentes pueblos del Mundo y sus capas sociales.<\/p>\n<p class=\"Estilo14\">Denis Goulet nos plantea la necesidad de representar los principios, los valores, los comportamientos y la condici\u00f3n \u00e9tica de los distintos sujetos. La confrontaci\u00f3n con los Derechos Humanos conforme las Declaraciones Universales y la conciencia subsiguiente de la humanidad posibilita la adquisici\u00f3n de conocimientos-y la consiguiente conciencia-para leer la historia y la realidad del mundo con claves de una \u00c9tica capaz de inspirar un ordenamiento m\u00e1s justo, y hasta donde se pueda, universalizable de la convivencia humana.<\/p>\n<p class=\"Estilo14\">El cotejo continuado de las mejores adquisiciones de las Ciencias Sociales con los referentes de una \u00c9tica realista y comprometida en la ascensi\u00f3n de la humanidad hacia cotas superiores a las actuales, garantiza la validez de la andadura intelectual y pol\u00edtica que persigue el libro.<\/p>\n<p>[\/vc_column_text][vc_column_text][\/vc_column_text][vc_column_text]<span style=\"color: #ffffff;\">\u2666<\/span><\/p>\n<p>&nbsp;<\/p>\n<p>Presentamos\u00a0 tres documentos:<\/p>\n<p>&nbsp;<\/p>\n<ul>\n<li><em><strong>Una s\u00edntesis de Andrew Holm<\/strong><\/em><\/li>\n<\/ul>\n<p>&nbsp;<\/p>\n<ul>\n<li><em><strong>El \u00edndice<\/strong><\/em><\/li>\n<\/ul>\n<p>&nbsp;<\/p>\n<ul>\n<li><em><strong>El anexo 1: Aut\u00e9ntico desarrollo: \u00bfEs sustentable?<\/strong><\/em><\/li>\n<\/ul>\n<p>[\/vc_column_text][\/vc_column_inner][vc_column_inner width=\u00bb1\/3&#8243;][vc_single_image image=\u00bb3356&#8243; img_size=\u00bbfull\u00bb onclick=\u00bbcustom_link\u00bb link=\u00bbhttp:\/\/centrolindavista.org.mx\/wp-content\/uploads\/2022\/02\/gouletabseticaydesarrollo.pdf\u00bb][vc_single_image image=\u00bb3647&#8243; img_size=\u00bbfull\u00bb onclick=\u00bbcustom_link\u00bb link=\u00bbhttp:\/\/centrolindavista.org.mx\/wp-content\/uploads\/2022\/07\/etica-del-desarrollo-Indice.pdf\u00bb][vc_single_image image=\u00bb3644&#8243; img_size=\u00bbfull\u00bb onclick=\u00bbcustom_link\u00bb link=\u00bbhttp:\/\/centrolindavista.org.mx\/wp-content\/uploads\/2022\/07\/etica-del-desarrollo-Autentico-desarrollo-es-sostenible.pdf\u00bb][\/vc_column_inner][\/vc_row_inner][vc_separator color=\u00bbblack\u00bb][vc_row_inner][vc_column_inner width=\u00bb1\/4&#8243;][vc_single_image image=\u00bb3363&#8243; img_size=\u00bbfull\u00bb onclick=\u00bbcustom_link\u00bb link=\u00bbhttp:\/\/centrolindavista.org.mx\/wp-content\/uploads\/2022\/02\/gouletperspectivaetica.pdf\u00bb][\/vc_column_inner][vc_column_inner width=\u00bb3\/4&#8243;][vc_column_text]<\/p>\n<p align=\"center\"><strong>R<\/strong><strong>EDEFINIENDO LA JUSTICIA EN UNA<\/strong><strong>\u00a0E<\/strong><strong>RA<\/strong><strong>\u00a0G<\/strong><strong>LOBAL<\/strong><\/p>\n<p style=\"text-align: center;\">PERSPECTIVA \u00c9TICA<\/p>\n<p align=\"center\"><strong>\u00a0<\/strong>LOS DEBATES CAMBIANTES DEL DESARROLLO EN LA GLOBALIZACI\u00d3N: LA NATURALEZA EVOLUTIVA DEL DESARROLLO EN RELACI\u00d3N CON LA GLOBALIZACI\u00d3N.<\/p>\n<p>[\/vc_column_text][\/vc_column_inner][\/vc_row_inner][vc_separator color=\u00bbblack\u00bb][vc_row_inner][vc_column_inner width=\u00bb1\/4&#8243;][vc_single_image image=\u00bb3658&#8243; img_size=\u00bbfull\u00bb onclick=\u00bbcustom_link\u00bb link=\u00bbhttp:\/\/centrolindavista.org.mx\/wp-content\/uploads\/2022\/02\/gouletperspectivaetica.pdf\u00bb][\/vc_column_inner][vc_column_inner width=\u00bb3\/4&#8243;][vc_column_text]<\/p>\n<p align=\"center\"><b>Estrategias del desarrollo para el futuro de M\u00e9xico.<\/b><\/p>\n<p>&nbsp;<\/p>\n<p style=\"text-align: center;\"><em>Descargar del sitio del ITESO:<\/em><br \/>\n<span style=\"color: #0000ff;\"><a style=\"color: #0000ff;\" href=\"https:\/\/rei.iteso.mx\/handle\/11117\/172?show=full\">https:\/\/rei.iteso.mx\/handle\/111171\/72?show=full<\/a><\/span><\/p>\n<p>[\/vc_column_text][\/vc_column_inner][\/vc_row_inner][vc_separator color=\u00bbblack\u00bb][vc_row_inner][vc_column_inner width=\u00bb1\/4&#8243;][vc_single_image image=\u00bb3683&#8243; img_size=\u00bbfull\u00bb][\/vc_column_inner][vc_column_inner width=\u00bb3\/4&#8243;][vc_column_text]<\/p>\n<p class=\"Estilo1\" align=\"center\">Congreso:\u00a0<strong>\u00abEconom\u00eda, \u00c9tica, Valores\u00bb<\/strong><br \/>\nUniversidad Santo Tom\u00e1s Bogot\u00e1,<br \/>\nColombia 22-24 de Octubre, 1998<\/p>\n<p class=\"Estilo1\" align=\"center\"><a href=\"http:\/\/centrolindavista.org.mx\/wp-content\/uploads\/2022\/02\/gouletcongresoecoetival.pdf\" target=\"_blank\" rel=\"noopener\">LA \u00c9TICA DEL DESARROLLO<br \/>\nTEORIA Y PRACTICA<\/a><\/p>\n<p class=\"Estilo1\" align=\"center\">Denis Goulet<br \/>\nUniversity of Notre Dame<\/p>\n<p>[\/vc_column_text][\/vc_column_inner][\/vc_row_inner][vc_separator color=\u00bbblack\u00bb][vc_row_inner][vc_column_inner width=\u00bb2\/3&#8243;][vc_column_text]<\/p>\n<p align=\"center\"><span style=\"color: #ffffff;\">\u2666<\/span><\/p>\n<p class=\"Estilo15\" style=\"text-align: center;\" align=\"center\">I I I<\/p>\n<p class=\"Estilo1\" style=\"text-align: center;\" align=\"center\"><a href=\"http:\/\/www.centrolindavista.org.mx\/goulet\/gouletdoctrinasocial.pdf\" target=\"_blank\" rel=\"noopener\">La Doctrina Social de la Iglesia y la Econom\u00eda.<\/a><\/p>\n<p class=\"Estilo1\" style=\"text-align: center;\" align=\"right\">pp. 171 &#8211; 204<\/p>\n<p class=\"Estilo1\" style=\"text-align: center;\" align=\"center\">Dr. Denis Goulet<\/p>\n<p>[\/vc_column_text][\/vc_column_inner][vc_column_inner width=\u00bb1\/3&#8243;][vc_single_image image=\u00bb3368&#8243; img_size=\u00bbfull\u00bb onclick=\u00bbcustom_link\u00bb link=\u00bbhttp:\/\/centrolindavista.org.mx\/wp-content\/uploads\/2022\/02\/gouletdoctrinasocial.pdf\u00bb][\/vc_column_inner][\/vc_row_inner][vc_separator color=\u00bbblack\u00bb][vc_row_inner][vc_column_inner width=\u00bb2\/3&#8243;][vc_column_text]<\/p>\n<p style=\"text-align: center;\"><span style=\"color: #ffffff;\">\u2666<\/span><\/p>\n<p style=\"text-align: center;\"><a href=\"http:\/\/centrolindavista.org.mx\/wp-content\/uploads\/2022\/03\/Goulet-tareasymetodos-eticades.pdf\"><strong>Tareas y M\u00e9todos en la \u00c9tica del Desarrollo<\/strong><\/a><\/p>\n<p style=\"text-align: center;\">Denis Goulet<br \/>\nRev. Filosof\u00eda Univ. Costa Rica, XXVII (66), 293-305, 1989<\/p>\n<p>[\/vc_column_text][\/vc_column_inner][vc_column_inner width=\u00bb1\/3&#8243;][vc_single_image image=\u00bb3686&#8243; img_size=\u00bbfull\u00bb][\/vc_column_inner][\/vc_row_inner][vc_separator color=\u00bbblack\u00bb][vc_row_inner][vc_column_inner width=\u00bb1\/4&#8243;][vc_single_image image=\u00bb3684&#8243; img_size=\u00bbfull\u00bb onclick=\u00bbcustom_link\u00bb link=\u00bbhttp:\/\/centrolindavista.org.mx\/wp-content\/uploads\/2022\/07\/El-reto-de-la-economia-del-desarrollo-traduccion-final.pdf\u00bb][\/vc_column_inner][vc_column_inner width=\u00bb3\/4&#8243;][vc_column_text]<strong><a href=\"http:\/\/centrolindavista.org.mx\/wp-content\/uploads\/2022\/07\/El-reto-de-la-economia-del-desarrollo-traduccion-final.pdf\">El reto de la Economia del Desarrollo<\/a><\/strong>[\/vc_column_text][vc_column_text]\u00bfCu\u00e1l es la misi\u00f3n de la econom\u00eda del desarrollo: producir riqueza para unos pocos privilegiados o asegurar una suficiencia b\u00e1sica de bienes para todos? Debido a que el desarrollo es algo mucho m\u00e1s complejo que el mero proceso econ\u00f3mico, atrae la atenci\u00f3n de especialistas de todas las disciplinas sociales. No es sorprendente, por lo tanto, que el desarrollo ocupe un lugar destacado en la agenda intelectual de los economistas especialmente preocupados por la equidad social, y que se llaman a s\u00ed<br \/>\nmismos \u00abeconomistas sociales\u00bb.[\/vc_column_text][\/vc_column_inner][\/vc_row_inner][vc_separator color=\u00bbblack\u00bb][vc_row_inner][vc_column_inner width=\u00bb1\/4&#8243;][vc_single_image image=\u00bb3685&#8243; img_size=\u00bbfull\u00bb onclick=\u00bbcustom_link\u00bb link=\u00bbhttp:\/\/centrolindavista.org.mx\/wp-content\/uploads\/2022\/07\/GOULET-el-papel-de-las-comunidades-en-la-planificacion-del-desarrollo-20220608.pdf\u00bb][\/vc_column_inner][vc_column_inner width=\u00bb3\/4&#8243;][vc_column_text]<strong><a href=\"http:\/\/centrolindavista.org.mx\/wp-content\/uploads\/2022\/07\/GOULET-el-papel-de-las-comunidades-en-la-planificacion-del-desarrollo-20220608.pdf\">El papel de las comunidades en la planificaci\u00f3n del desarrollo<\/a><\/strong>[\/vc_column_text][vc_column_text]El Presidente de una rep\u00fablica Africana, poeta y Doctor honoris causa de la Universidad de Bah\u00eda, Leopold Senghor ha defendido durante muchos a\u00f1os la dignidad de los pa\u00edses subdesarrollados ante la opini\u00f3n mundial. Senghor declar\u00f3 una vez: \u00abNo queremos ser meros consumidores de civilizaci\u00f3n\u00bb. Tomar\u00e9 esta ingeniosa frase como el leit motif de mi art\u00edculo, seguro de que el brasile\u00f1o del Nordeste tambi\u00e9n se niega a convertirse en un \u00abmero consumidor de desarrollo\u00bb. Est\u00e1 cansado de la mendicidad y de la filantrop\u00eda del gobierno o de los benefactores: aunque su ambici\u00f3n no siempre es expl\u00edcita, el nororiental est\u00e1 decidido a convertirse en el \u00abagente\u00bb de su propio progreso. Esta determinaci\u00f3n es el prisma a trav\u00e9s del cual discutir\u00e9 ahora el papel de las comunidades locales en la elaboraci\u00f3n y ejecuci\u00f3n de los planes de desarrollo. Mi tema central es que un verdadero desarrollo comunitario s\u00f3lo puede significar la conquista por parte de las comunidades de un papel progresivamente m\u00e1s activo en la preparaci\u00f3n y ejecuci\u00f3n de los planes de desarrollo.[\/vc_column_text][\/vc_column_inner][\/vc_row_inner][vc_separator color=\u00bbblack\u00bb][vc_row_inner][vc_column_inner width=\u00bb2\/3&#8243;][vc_column_text]<span style=\"color: #0000ff; font-size: 18px;\"><a style=\"color: #0000ff;\" href=\"http:\/\/centrolindavista.org.mx\/wp-content\/uploads\/2022\/09\/DevelopmentIndicatorsGoulet.pdftraducidoespanol-ei-f.pdf\">Indicadores de desarrollo: un problema\u00a0 de investigaci\u00f3n, un problema de pol\u00edtica Goulet.<\/a><\/span><strong>\u00a0<\/strong><\/p>\n<p>[\/vc_column_text][vc_column_text]RESUMEN: \u00abDesarrollo\u00bb es un t\u00e9rmino ambiguo utilizado normativa o descriptivamente, y que designa una vida mejor o los medios para alcanzarla. La econom\u00eda misma, destinada a ser de valor instrumental al servicio de fines<br \/>\nm\u00e1s importantes, tiende a desplazarlos. Las diversas filosof\u00edas econ\u00f3micas y las diferentes im\u00e1genes de los objetivos del desarrollo se reflejan en la diversidad de indicadores de desempe\u00f1o. Los indicadores de desarrollo actualmente en uso son etnoc\u00e9ntricos, reduccionistas y enga\u00f1osamente agregativos.[\/vc_column_text][\/vc_column_inner][vc_column_inner width=\u00bb1\/3&#8243;][\/vc_column_inner][\/vc_row_inner][vc_separator color=\u00bbblack\u00bb][vc_row_inner][vc_column_inner width=\u00bb2\/3&#8243;][vc_column_text]<span style=\"color: #0000ff; font-size: 18px;\"><a style=\"color: #0000ff;\" href=\"http:\/\/centrolindavista.org.mx\/wp-content\/uploads\/2022\/09\/DenisGoulet-Tres-racionalidades-final.pdf\">Tres racionalidades<\/a><\/span><\/p>\n<p>Resumen. \u2014Los resultados del desarrollo son, en la mayor\u00eda de los casos decepcionantes. Numerosos obst\u00e1culos nacionales e internacionales, impiden el \u00e9xito. Este documento argumenta que, adem\u00e1s de estos, la mala toma de decisiones sobre el desarrollo contribuye al fracaso. El autor analiza c\u00f3mo tres racionalidades distintas, o enfoques b\u00e1sicos de la l\u00f3gica convergen en los \u00e1mbitos de la toma de decisiones. Ver m\u00e1s.[\/vc_column_text][\/vc_column_inner][vc_column_inner width=\u00bb1\/3&#8243;][\/vc_column_inner][\/vc_row_inner][\/vc_column][\/vc_row]<\/p>\n","protected":false},"excerpt":{"rendered":"[vc_row][vc_column width=\u00bb1\/4&#8243;][vc_wp_custommenu nav_menu=\u00bb41&#8243;][\/vc_column][vc_column width=\u00bb3\/4&#8243;][vc_row_inner][vc_column_inner width=\u00bb2\/3&#8243;][vc_column_text]Pionero en los estudios interdisciplinarios acerca de la \u00e9tica del desarrollo, public\u00f3 numerosos t\u00edtulos de temas como Desarrollo Econ\u00f3mico, Desarrollo Humano \u00bfC\u00f3mo Medirlos?, como Un nuevo orden moral: Desarrollo y \u00e9tica en la teolog\u00eda de la liberaci\u00f3n. El centro de su atenci\u00f3n fue siempre la persona humana, sus valores, comportamientos, condici\u00f3n &#8230;","protected":false},"author":1,"featured_media":0,"parent":0,"menu_order":0,"comment_status":"closed","ping_status":"closed","template":"","meta":{"footnotes":""},"class_list":["post-3353","page","type-page","status-publish","hentry"],"_links":{"self":[{"href":"http:\/\/centrolindavista.org.mx\/index.php?rest_route=\/wp\/v2\/pages\/3353","targetHints":{"allow":["GET"]}}],"collection":[{"href":"http:\/\/centrolindavista.org.mx\/index.php?rest_route=\/wp\/v2\/pages"}],"about":[{"href":"http:\/\/centrolindavista.org.mx\/index.php?rest_route=\/wp\/v2\/types\/page"}],"author":[{"embeddable":true,"href":"http:\/\/centrolindavista.org.mx\/index.php?rest_route=\/wp\/v2\/users\/1"}],"replies":[{"embeddable":true,"href":"http:\/\/centrolindavista.org.mx\/index.php?rest_route=%2Fwp%2Fv2%2Fcomments&post=3353"}],"version-history":[{"count":45,"href":"http:\/\/centrolindavista.org.mx\/index.php?rest_route=\/wp\/v2\/pages\/3353\/revisions"}],"predecessor-version":[{"id":3834,"href":"http:\/\/centrolindavista.org.mx\/index.php?rest_route=\/wp\/v2\/pages\/3353\/revisions\/3834"}],"wp:attachment":[{"href":"http:\/\/centrolindavista.org.mx\/index.php?rest_route=%2Fwp%2Fv2%2Fmedia&parent=3353"}],"curies":[{"name":"wp","href":"https:\/\/api.w.org\/{rel}","templated":true}]}}