{"id":3344,"date":"2022-02-10T18:07:01","date_gmt":"2022-02-10T18:07:01","guid":{"rendered":"http:\/\/centrolindavista.org.mx\/?page_id=3344"},"modified":"2022-09-08T12:47:05","modified_gmt":"2022-09-08T18:47:05","slug":"adam-kahane","status":"publish","type":"page","link":"http:\/\/centrolindavista.org.mx\/?page_id=3344","title":{"rendered":"Adam Kahane"},"content":{"rendered":"<p>[vc_row][vc_column width=\u00bb1\/4&#8243;][vc_wp_custommenu nav_menu=\u00bb41&#8243;][\/vc_column][vc_column width=\u00bb3\/4&#8243;]<div class=\"grop-section_text   grop-heading-69dfce215b9c1   vc_custom_1644516597448 text-left\"><div class=\"text-uppercase grop-sctn_title_fntSz-30   grop-heading-69dfce215b9c1  text-left\">Adam Kahane<\/div><\/div>[vc_column_text]<\/p>\n<p align=\"justify\">Al inicio de la d\u00e9cada de 1990, Adam Kahane fue jefe del \u00c1rea de Escenarios Sociales, Pol\u00edticos, Econ\u00f3micos y Tecnol\u00f3gicos para Royal Dutch\/Shell en Londres, lugar donde fue contactado en 1991 para ser\u00a0 facilitador en el\u00a0 Mont Fleur Scenario Project, donde un grupo plural de\u00a0 sudafricanos trabaj\u00f3 en conjunto para consolidar la transici\u00f3n democr\u00e1tica de su pa\u00eds. A partir de entonces, ha dirigido a trav\u00e9s del mundo \u00a0seminarios para\u00a0 negociadores y\u00a0 facilitadores, o bien impulsado procesos de di\u00e1logo-acci\u00f3n.<\/p>\n<p align=\"justify\">Como parte de sus actividades posteriores a su participaci\u00f3n en Sud\u00e1frica, fue invitado a M\u00e9xico por el Centro Lindavista en mayo de 2003 para dar a conocer en conferencias y talleres las ventajas del modelo de Escenarios C\u00edvicos.<\/p>\n<p align=\"justify\">Regres\u00f3 a M\u00e9xico en noviembre de 2006 con el objetivo de sostener reuniones con las agrupaciones ciudadanas Di\u00e1logo Democr\u00e1tico Nacional y Ciudadanos por el Di\u00e1logo, legisladores, sindicatos, agrupaciones campesinas y empresarios, promoviendo el \u00e9xito del di\u00e1logo como estrategia de desarrollo y resoluci\u00f3n de conflictos.<\/p>\n<p>[\/vc_column_text][vc_row_inner][vc_column_inner width=\u00bb2\/3&#8243;][vc_column_text]<\/p>\n<table border=\"0\" cellspacing=\"10\">\n<tbody>\n<tr>\n<td>Nuevamente Adam ha venido a contribuir a M\u00e9xico y los procesos de di\u00e1logo facilitando el proceso \u201cM\u00e9xicos posibles\u00bb<\/p>\n<p align=\"justify\">Kahane es autor de C\u00f3mo resolver problemas complejos, una novedosa manera de hablar, escuchar y crear nuevas realidades. Grupo Editorial Norma, Bogot\u00e1, Colombia, 2005.<\/p>\n<p align=\"justify\">Tambi\u00e9n ha publicado para la CNDH y Centro Lindavista el libro \u201cLa planificaci\u00f3n transformadora por escenarios\u201d y para la CNDH y la UNAM el libro\u201dColaborar con el enemigo\u201d, El primero puede descargarse <strong><a href=\"http:\/\/centrolindavista.org.mx\/wp-content\/uploads\/2022\/03\/Kahane.pdf\">aqu\u00ed<\/a>.<\/strong><\/p>\n<\/td>\n<\/tr>\n<tr>\n<td><\/td>\n<\/tr>\n<\/tbody>\n<\/table>\n<p>[\/vc_column_text][\/vc_column_inner][vc_column_inner width=\u00bb1\/3&#8243;][vc_single_image image=\u00bb3593&#8243; img_size=\u00bbfull\u00bb onclick=\u00bbcustom_link\u00bb link=\u00bbhttp:\/\/centrolindavista.org.mx\/wp-content\/uploads\/2022\/03\/Kahane.pdf\u00bb][\/vc_column_inner][\/vc_row_inner][vc_separator color=\u00bbblack\u00bb][vc_row_inner][vc_column_inner][vc_column_text]<\/p>\n<p align=\"justify\"><strong><span style=\"font-family: Arial, Helvetica, sans-serif;\">Aportaciones de Adam Kahane a Lecturas Internacionales<\/span><\/strong><\/p>\n<p align=\"justify\"><span style=\"font-family: Arial, Helvetica, sans-serif;\">La metodolog\u00eda de Escenarios C\u00edvicos de A. Kahane tiene como fin ayudar a un pa\u00eds, regi\u00f3n o grupo a cambiar la manera en que se habla y escucha a los dem\u00e1s, con el objetivo de mejorar la realidad y el tener la capacidad de actuar sobre \u00e9sta, enfrentando el futuro a partir de la visualizaci\u00f3n de escenarios<\/span><\/p>\n<p align=\"justify\"><span style=\"font-family: Arial, Helvetica, sans-serif;\"><strong>Lecturas Internacionales 1.<\/strong><\/span><span style=\"font-family: Arial, Helvetica, sans-serif;\"><br \/>\nElementos para la Negociaci\u00f3n y la Resoluci\u00f3n de Conflictos en Mexico:<a href=\"http:\/\/www.centrolindavista.org.mx\/l_internacionales\/Lecturas_Internacionales_1_Kahane.pdf\" target=\"_blank\" rel=\"noopener\"><br \/>\n<strong><span style=\"color: #0000ff;\">Experiencias de Escenarios en Shell, Sud\u00e1frica y Guatemala<\/span><\/strong><\/a><\/span><\/p>\n<p align=\"justify\"><span style=\"font-family: Arial, Helvetica, sans-serif;\"><strong>Lecturas Internacionales 6.<\/strong><\/span><span style=\"font-family: Arial, Helvetica, sans-serif;\"><br \/>\nReflexi\u00f3n sobre Metodolog\u00edas para la Construcci\u00f3n de la Paz y la Resoluci\u00f3n de Conflictos:<a href=\"http:\/\/www.centrolindavista.org.mx\/l_internacionales\/Lecturas_Internacionales_6_Kahane.pdf\" target=\"_blank\" rel=\"noopener\"><br \/>\n<span style=\"color: #0000ff;\"><strong>Escenarios C\u00edvicos<\/strong><\/span><\/a><\/span><\/p>\n<p>[\/vc_column_text][vc_separator color=\u00bbblack\u00bb][\/vc_column_inner][\/vc_row_inner][vc_row_inner][vc_column_inner][vc_column_text]<a href=\"http:\/\/centrolindavista.org.mx\/wp-content\/uploads\/2022\/09\/Los-desafios-para-la-construccion-de-paz-Dialogo-Adam-Kahane-junio-2022-vf2l.pdf\"><strong>Los desaf\u00edos para la construcci\u00f3n de paz, la promoci\u00f3n del di\u00e1logo y la cohesi\u00f3n social.<\/strong><\/a><\/p>\n<p>Recuento de la conversaci\u00f3n virtual realizada el 17 de junio de 2022 entre Adam Kahane y personas invitadas Por Guerrero es Primero, Consejo Michoacano por la Construcci\u00f3n de la Paz y el Centro Mexicano para la Filantrop\u00eda[\/vc_column_text][\/vc_column_inner][\/vc_row_inner][\/vc_column][\/vc_row]<\/p>\n","protected":false},"excerpt":{"rendered":"[vc_row][vc_column width=\u00bb1\/4&#8243;][vc_wp_custommenu nav_menu=\u00bb41&#8243;][\/vc_column][vc_column width=\u00bb3\/4&#8243;][vc_column_text] Al inicio de la d\u00e9cada de 1990, Adam Kahane fue jefe del \u00c1rea de Escenarios Sociales, Pol\u00edticos, Econ\u00f3micos y Tecnol\u00f3gicos para Royal Dutch\/Shell en Londres, lugar donde fue contactado en 1991 para ser\u00a0 facilitador en el\u00a0 Mont Fleur Scenario Project, donde un grupo plural de\u00a0 sudafricanos trabaj\u00f3 en conjunto para consolidar &#8230;","protected":false},"author":1,"featured_media":0,"parent":0,"menu_order":0,"comment_status":"closed","ping_status":"closed","template":"","meta":{"footnotes":""},"class_list":["post-3344","page","type-page","status-publish","hentry"],"_links":{"self":[{"href":"http:\/\/centrolindavista.org.mx\/index.php?rest_route=\/wp\/v2\/pages\/3344","targetHints":{"allow":["GET"]}}],"collection":[{"href":"http:\/\/centrolindavista.org.mx\/index.php?rest_route=\/wp\/v2\/pages"}],"about":[{"href":"http:\/\/centrolindavista.org.mx\/index.php?rest_route=\/wp\/v2\/types\/page"}],"author":[{"embeddable":true,"href":"http:\/\/centrolindavista.org.mx\/index.php?rest_route=\/wp\/v2\/users\/1"}],"replies":[{"embeddable":true,"href":"http:\/\/centrolindavista.org.mx\/index.php?rest_route=%2Fwp%2Fv2%2Fcomments&post=3344"}],"version-history":[{"count":10,"href":"http:\/\/centrolindavista.org.mx\/index.php?rest_route=\/wp\/v2\/pages\/3344\/revisions"}],"predecessor-version":[{"id":3520,"href":"http:\/\/centrolindavista.org.mx\/index.php?rest_route=\/wp\/v2\/pages\/3344\/revisions\/3520"}],"wp:attachment":[{"href":"http:\/\/centrolindavista.org.mx\/index.php?rest_route=%2Fwp%2Fv2%2Fmedia&parent=3344"}],"curies":[{"name":"wp","href":"https:\/\/api.w.org\/{rel}","templated":true}]}}