{"id":3270,"date":"2022-02-09T00:06:41","date_gmt":"2022-02-09T00:06:41","guid":{"rendered":"http:\/\/centrolindavista.org.mx\/?page_id=3270"},"modified":"2022-02-23T21:39:13","modified_gmt":"2022-02-23T21:39:13","slug":"obras-de-solidaridad-y-democracia","status":"publish","type":"page","link":"http:\/\/centrolindavista.org.mx\/?page_id=3270","title":{"rendered":"Obras de Solidaridad y Democracia"},"content":{"rendered":"<p>[vc_row][vc_column width=\u00bb1\/4&#8243;][vc_wp_custommenu nav_menu=\u00bb41&#8243;][\/vc_column][vc_column width=\u00bb3\/4&#8243;]<div class=\"grop-section_text   grop-heading-69d2f14589fc9   vc_custom_1645652261157 text-left\"><div class=\"text-uppercase grop-sctn_title_fntSz-30   grop-heading-69d2f14589fc9  text-left\">Publicaciones Solidaridad y Democracia<\/div><\/div>[vc_row_inner][vc_column_inner width=\u00bb2\/3&#8243;][vc_column_text]<\/p>\n<p class=\"Estilo4\" align=\"left\"><strong>Solidaridad y Ciudadan\u00eda en la Era de la Globalizaci\u00f3n<\/strong><\/p>\n<p class=\"Estilo3\" align=\"justify\"><em>Por Adalberto Savi\u00f1\u00f3n<\/em><\/p>\n<p class=\"Estilo2\" align=\"justify\">El objetivo de esta reflexi\u00f3n no es conocer el futuro, sino contribuir a decisiones que los lectores han de tomar sobre sus acciones para influir sobre un futuro mejor<\/p>\n<p>[\/vc_column_text][\/vc_column_inner][vc_column_inner width=\u00bb1\/3&#8243;][vc_single_image image=\u00bb3271&#8243; img_size=\u00bbfull\u00bb onclick=\u00bbcustom_link\u00bb link=\u00bbhttp:\/\/centrolindavista.org.mx\/wp-content\/uploads\/2022\/02\/solidaridad_y_ciudadania.pdf\u00bb][\/vc_column_inner][\/vc_row_inner][vc_separator][vc_row_inner][vc_column_inner width=\u00bb2\/3&#8243;][vc_column_text]<\/p>\n<p class=\"Estilo5\" align=\"justify\"><a href=\"http:\/\/centrolindavista.org.mx\/wp-content\/uploads\/2022\/02\/Artesanos_de_la_democracia-una-pagina.pdf\"><strong>Artesanos de la Democracia.<\/strong><\/a><\/p>\n<p class=\"Estilo6\" align=\"justify\"><em>Por Adalberto Savi\u00f1\u00f3n<\/em><\/p>\n<p class=\"Estilo18\" align=\"justify\">Nos invita a conocer y a emular los esfuerzos de aquellos luchadores sociales, hombres y mujeres, ciudadanos comunes que, en siete pa\u00edses y situaciones distintas, respondieron a la necesidad de construir las bases \u00e9ticas de la vida democr\u00e1tica.<\/p>\n<p class=\"Estilo18\" align=\"justify\">Cada uno contribuy\u00f3 desde su posioci\u00f3n -el historiador, el estad\u00edsta, el ama de casa, el funcionario p\u00fablico, el conciliador, el d\u00edsidente y luego presidente a mejorar la situcia\u00f3n de su pa\u00eds construyendo cam\u00ednos de paz y cimentando la participaci\u00f3n c\u00edvica y la democr\u00e1cia.<\/p>\n<p class=\"Estilo7\" align=\"justify\"><span class=\"Estilo19\">En M\u00e9xico estamos viviendo tiempos de crisis, de transici\u00f3n, de confrontaci\u00f3n de realidades y carencias, de cambio y de construcci\u00f3n de alternativas, de rescate de valores. En estas circunstancias es importante que aprendamos de las experiencias de otros, de sus \u00e9xitos y fracasos, pero sobre todo, de que s\u00ed puede lograrse con la participaci\u00f3n comprometida, que es la que construye el camino&#8230;<\/span><\/p>\n<p>[\/vc_column_text][\/vc_column_inner][vc_column_inner width=\u00bb1\/3&#8243;][vc_single_image image=\u00bb3273&#8243; img_size=\u00bbfull\u00bb onclick=\u00bbcustom_link\u00bb link=\u00bbhttp:\/\/centrolindavista.org.mx\/wp-content\/uploads\/2022\/02\/Artesanos_de_la_democracia-una-pagina.pdf\u00bb][\/vc_column_inner][\/vc_row_inner][vc_separator][vc_row_inner][vc_column_inner width=\u00bb2\/3&#8243;][vc_column_text]<\/p>\n<p class=\"Estilo4\" align=\"left\"><strong>El Desarrrollo Econ\u00f3mico y Los Bienes Relacionales<\/strong><\/p>\n<p class=\"Estilo3\" align=\"justify\"><em>Por la Fundaci\u00f3n Giacomo Brodolini<\/em><\/p>\n<p class=\"Estilo18\" align=\"justify\">Nos da especial gusto presentar en M\u00e9xico el texto \u201cDESARROLLO ECON\u00d3MICO Y BIENES RELACIONALES: UNA PRIMERA APROXIMACI\u00d3N TE\u00d3RICA\u201d elaborado por la Fundaci\u00f3n Giacomo Brodolini, de Roma.<\/p>\n<p class=\"Estilo18\" align=\"justify\">El trabajo que presentamos, representa un esfuerzo importante, no s\u00f3lo para sintetizar lo que hay en varias corrientes de pensamiento, sino por puentear o unirlas y mostrar sus coincidencias.<\/p>\n<p class=\"Estilo18\" align=\"justify\">As\u00ed, se toma informaci\u00f3n de las corrientes de investigaci\u00f3n de (network goods), \u201credes sociales\u201d, redes, instituciones y convenciones sociales, teor\u00eda de la empresa, estructuras en red en la empresa, y los modelos de red, entre otros.<\/p>\n<p>[\/vc_column_text][\/vc_column_inner][vc_column_inner width=\u00bb1\/3&#8243;][vc_single_image image=\u00bb3275&#8243; img_size=\u00bbfull\u00bb onclick=\u00bbcustom_link\u00bb link=\u00bbhttp:\/\/centrolindavista.org.mx\/wp-content\/uploads\/2022\/02\/des-economico.pdf\u00bb][\/vc_column_inner][\/vc_row_inner][\/vc_column][\/vc_row]<\/p>\n","protected":false},"excerpt":{"rendered":"[vc_row][vc_column width=\u00bb1\/4&#8243;][vc_wp_custommenu nav_menu=\u00bb41&#8243;][\/vc_column][vc_column width=\u00bb3\/4&#8243;][vc_row_inner][vc_column_inner width=\u00bb2\/3&#8243;][vc_column_text] Solidaridad y Ciudadan\u00eda en la Era de la Globalizaci\u00f3n Por Adalberto Savi\u00f1\u00f3n El objetivo de esta reflexi\u00f3n no es conocer el futuro, sino contribuir a decisiones que los lectores han de tomar sobre sus acciones para influir sobre un futuro mejor [\/vc_column_text][\/vc_column_inner][vc_column_inner width=\u00bb1\/3&#8243;][vc_single_image image=\u00bb3271&#8243; img_size=\u00bbfull\u00bb onclick=\u00bbcustom_link\u00bb link=\u00bbhttp:\/\/centrolindavista.org.mx\/wp-content\/uploads\/2022\/02\/solidaridad_y_ciudadania.pdf\u00bb][\/vc_column_inner][\/vc_row_inner][vc_separator][vc_row_inner][vc_column_inner width=\u00bb2\/3&#8243;][vc_column_text] Artesanos de &#8230;","protected":false},"author":1,"featured_media":0,"parent":0,"menu_order":0,"comment_status":"closed","ping_status":"closed","template":"","meta":{"footnotes":""},"class_list":["post-3270","page","type-page","status-publish","hentry"],"_links":{"self":[{"href":"http:\/\/centrolindavista.org.mx\/index.php?rest_route=\/wp\/v2\/pages\/3270","targetHints":{"allow":["GET"]}}],"collection":[{"href":"http:\/\/centrolindavista.org.mx\/index.php?rest_route=\/wp\/v2\/pages"}],"about":[{"href":"http:\/\/centrolindavista.org.mx\/index.php?rest_route=\/wp\/v2\/types\/page"}],"author":[{"embeddable":true,"href":"http:\/\/centrolindavista.org.mx\/index.php?rest_route=\/wp\/v2\/users\/1"}],"replies":[{"embeddable":true,"href":"http:\/\/centrolindavista.org.mx\/index.php?rest_route=%2Fwp%2Fv2%2Fcomments&post=3270"}],"version-history":[{"count":3,"href":"http:\/\/centrolindavista.org.mx\/index.php?rest_route=\/wp\/v2\/pages\/3270\/revisions"}],"predecessor-version":[{"id":3439,"href":"http:\/\/centrolindavista.org.mx\/index.php?rest_route=\/wp\/v2\/pages\/3270\/revisions\/3439"}],"wp:attachment":[{"href":"http:\/\/centrolindavista.org.mx\/index.php?rest_route=%2Fwp%2Fv2%2Fmedia&parent=3270"}],"curies":[{"name":"wp","href":"https:\/\/api.w.org\/{rel}","templated":true}]}}