{"id":3261,"date":"2022-02-08T23:53:33","date_gmt":"2022-02-08T23:53:33","guid":{"rendered":"http:\/\/centrolindavista.org.mx\/?page_id=3261"},"modified":"2022-09-02T13:03:35","modified_gmt":"2022-09-02T19:03:35","slug":"obras-de-prospectiva","status":"publish","type":"page","link":"http:\/\/centrolindavista.org.mx\/?page_id=3261","title":{"rendered":"Obras de Prospectiva"},"content":{"rendered":"<p>[vc_row][vc_column width=\u00bb1\/4&#8243;][vc_wp_custommenu nav_menu=\u00bb41&#8243;][\/vc_column][vc_column width=\u00bb3\/4&#8243;]<div class=\"grop-section_text   grop-heading-69d2f0ad4a484   vc_custom_1644364065175 text-left\"><div class=\"text-uppercase grop-sctn_title_fntSz-30   grop-heading-69d2f0ad4a484  text-left\">Publicaciones de Prospectiva<\/div><\/div>[vc_row_inner][vc_column_inner width=\u00bb2\/3&#8243;][vc_column_text]<\/p>\n<p class=\"Estilo20\" align=\"left\"><strong>La Caja de Herramientas de la Prospectiva Estrat\u00e9gica<\/strong><\/p>\n<p class=\"Estilo6\" align=\"justify\"><span class=\"Estilo2\">Por Michel Godet<\/span><\/p>\n<p>[\/vc_column_text][\/vc_column_inner][vc_column_inner width=\u00bb1\/3&#8243;][vc_single_image image=\u00bb3262&#8243; img_size=\u00bbfull\u00bb onclick=\u00bbcustom_link\u00bb link=\u00bbhttp:\/\/centrolindavista.org.mx\/wp-content\/uploads\/2022\/02\/caja_de_herramientas.pdf\u00bb][\/vc_column_inner][\/vc_row_inner][vc_separator][vc_row_inner][vc_column_inner width=\u00bb2\/3&#8243;][vc_column_text]<\/p>\n<p class=\"Estilo18\" align=\"left\"><strong>Apuntes para una Utop\u00eda del Desarrollo<\/strong><\/p>\n<p class=\"Estilo2\" align=\"justify\">Por Maricamen Quintero Romo<\/p>\n<p align=\"justify\">El tema del desarrollo fue relegado de la consideraci\u00f3n p\u00fablica cuando en los a\u00f1os setenta se \u00a0produjo gran preocupaci\u00f3n por el impacto del industrialismo en la degradaci\u00f3n del medio ambiente. A esta nueva limitante habr\u00eda de sumarse en el decenio siguiente el cambio de pol\u00edticas econ\u00f3micas, hacia la liberalizaci\u00f3n de los mercados.<\/p>\n<p align=\"justify\">A dos d\u00e9cadas de neoliberalismo, la superaci\u00f3n de la pobreza en la mayor parte del mundo y el freno al deterioro ecol\u00f3gico son m\u00e1s urgentes. La respuesta parece estar en el surgimiento de una nueva presencia social en la vida p\u00fablica, que se ha expresado principalmente en la defensa de los derechos humanos y parece ir avanzando a.C. la formulaci\u00f3n de soluciones alternativas en esas dos direcciones.<\/p>\n<p>La presente nota sugiere incluir el conocimiento y respeto de la alteridad en los nuevos paradigmas que est\u00e1 surgiendo, as\u00ed como ofrecer una mirada general sobre los mismos.<\/p>\n<p>[\/vc_column_text][\/vc_column_inner][vc_column_inner width=\u00bb1\/3&#8243;][vc_single_image image=\u00bb3264&#8243; img_size=\u00bbfull\u00bb][\/vc_column_inner][\/vc_row_inner][vc_separator][vc_row_inner][vc_column_inner][vc_column_text]<a href=\"http:\/\/centrolindavista.org.mx\/wp-content\/uploads\/2022\/03\/que-ciudad-queremos-manual-guia-100211.pdf\"><strong>\u00bfQUE (CIUDAD)QUEREMOS? JORNADAS LOCALES DE PROSPECTIVA SOBRE \u00abPAUTAS SOSTENIBLES DE VIDA EN LOS PROXIMOS DECENIOS\u00bb<\/strong><\/a><\/p>\n<p>\u00cdndice del Manual<\/p>\n<p>Cap\u00edtulo 1:\u00a0\u00a0\u00a0\u00a0\u00a0\u00a0\u00a0\u00a0\u00a0 Presentaci\u00f3n de las jornadas<\/p>\n<p>Cap\u00edtulo 2:\u00a0\u00a0\u00a0\u00a0\u00a0\u00a0\u00a0\u00a0\u00a0 Organizaci\u00f3n de jornadas locales de prospectiva<\/p>\n<p>Cap\u00edtulo 3:\u00a0\u00a0\u00a0\u00a0\u00a0\u00a0\u00a0\u00a0\u00a0 Programa de las jornadas<\/p>\n<p>Cap\u00edtulo 4:\u00a0\u00a0\u00a0\u00a0\u00a0\u00a0\u00a0\u00a0\u00a0 Procedimiento para las jornadas<\/p>\n<p>Cap\u00edtulo 5:\u00a0\u00a0\u00a0\u00a0\u00a0\u00a0\u00a0\u00a0\u00a0 Criterios para la selecci\u00f3n de los participantes<\/p>\n<p>Cap\u00edtulo 6:\u00a0\u00a0\u00a0\u00a0\u00a0\u00a0\u00a0\u00a0\u00a0 Relaci\u00f3n de tareas del monitor nacional<\/p>\n<p>Cap\u00edtulo 7:\u00a0\u00a0\u00a0\u00a0\u00a0\u00a0\u00a0\u00a0\u00a0 Evaluaci\u00f3n de las jornadas de prospectiva[\/vc_column_text][\/vc_column_inner][\/vc_row_inner][vc_separator][vc_row_inner][vc_column_inner width=\u00bb2\/3&#8243;][vc_column_text]<strong>La necesidad de cambiar el rumbo.<\/strong><\/p>\n<p>Cambiar de rumbo pareciera ser un planteamiento que viene desde quienes se sit\u00faan en la parte \u201cizquierda\u201d del espectro pol\u00edtico-social. Pareciera que en la \u201cderecha\u201d no habr\u00e1 insatisfacci\u00f3n. Hoy presentamos una visi\u00f3n desde un pensador de la derecha filos\u00f3fica liberal, que nos presenta la ineludible necesidad de cambiar de rumbo.<\/p>\n<p>El mundo y las sociedades caminan cada vez m\u00e1s aceleradamente \u2013nos dice Luc Ferry- pero llevadas, m\u00e1s que por un proyecto personal o grupal, por un motor de competencia que no lleva a d\u00f3nde se requiere.<\/p>\n<p>Ferry, un pensador agn\u00f3stico, habla ante las Semanas Sociales de los cat\u00f3licos franceses, en la b\u00fasqueda de construir en com\u00fan, un proceso que cambie el rumbo de la sociedad, y para ello como se\u00f1al\u00f3 Vignon, el Presidente de las Semanas, todos \u201cdebemos abandonar muchos equipajes, actitudes y acervos adquiridos de todo tipo\u201c, viviendo de manera diferente para un desarrollo sustentable y solidario, porque el actual camino de desarrollo arriesga convertirse en mortal\u201d como ah\u00ed se\u00f1al\u00f3 Camdessus.[\/vc_column_text][\/vc_column_inner][vc_column_inner width=\u00bb1\/3&#8243;][vc_single_image image=\u00bb3454&#8243; img_size=\u00bbfull\u00bb onclick=\u00bbcustom_link\u00bb link=\u00bbhttp:\/\/centrolindavista.org.mx\/wp-content\/uploads\/2022\/07\/El-reto-de-la-economia-del-desarrollo-traduccion-final.pdf\u00bb][vc_column_text]<\/p>\n<p style=\"text-align: center;\"><a href=\"http:\/\/centrolindavista.org.mx\/wp-content\/uploads\/2022\/03\/La-necesidad-de-cambiar-de-rumbo.pdf\"><strong>Clic par descargar.<\/strong><\/a><\/p>\n<p>[\/vc_column_text][\/vc_column_inner][\/vc_row_inner][\/vc_column][\/vc_row]<\/p>\n","protected":false},"excerpt":{"rendered":"[vc_row][vc_column width=\u00bb1\/4&#8243;][vc_wp_custommenu nav_menu=\u00bb41&#8243;][\/vc_column][vc_column width=\u00bb3\/4&#8243;][vc_row_inner][vc_column_inner width=\u00bb2\/3&#8243;][vc_column_text] La Caja de Herramientas de la Prospectiva Estrat\u00e9gica Por Michel Godet [\/vc_column_text][\/vc_column_inner][vc_column_inner width=\u00bb1\/3&#8243;][vc_single_image image=\u00bb3262&#8243; img_size=\u00bbfull\u00bb onclick=\u00bbcustom_link\u00bb link=\u00bbhttp:\/\/centrolindavista.org.mx\/wp-content\/uploads\/2022\/02\/caja_de_herramientas.pdf\u00bb][\/vc_column_inner][\/vc_row_inner][vc_separator][vc_row_inner][vc_column_inner width=\u00bb2\/3&#8243;][vc_column_text] Apuntes para una Utop\u00eda del Desarrollo Por Maricamen Quintero Romo El tema del desarrollo fue relegado de la consideraci\u00f3n p\u00fablica cuando en los a\u00f1os setenta se \u00a0produjo gran preocupaci\u00f3n por el impacto &#8230;","protected":false},"author":1,"featured_media":0,"parent":0,"menu_order":0,"comment_status":"closed","ping_status":"closed","template":"","meta":{"footnotes":""},"class_list":["post-3261","page","type-page","status-publish","hentry"],"_links":{"self":[{"href":"http:\/\/centrolindavista.org.mx\/index.php?rest_route=\/wp\/v2\/pages\/3261","targetHints":{"allow":["GET"]}}],"collection":[{"href":"http:\/\/centrolindavista.org.mx\/index.php?rest_route=\/wp\/v2\/pages"}],"about":[{"href":"http:\/\/centrolindavista.org.mx\/index.php?rest_route=\/wp\/v2\/types\/page"}],"author":[{"embeddable":true,"href":"http:\/\/centrolindavista.org.mx\/index.php?rest_route=\/wp\/v2\/users\/1"}],"replies":[{"embeddable":true,"href":"http:\/\/centrolindavista.org.mx\/index.php?rest_route=%2Fwp%2Fv2%2Fcomments&post=3261"}],"version-history":[{"count":4,"href":"http:\/\/centrolindavista.org.mx\/index.php?rest_route=\/wp\/v2\/pages\/3261\/revisions"}],"predecessor-version":[{"id":3769,"href":"http:\/\/centrolindavista.org.mx\/index.php?rest_route=\/wp\/v2\/pages\/3261\/revisions\/3769"}],"wp:attachment":[{"href":"http:\/\/centrolindavista.org.mx\/index.php?rest_route=%2Fwp%2Fv2%2Fmedia&parent=3261"}],"curies":[{"name":"wp","href":"https:\/\/api.w.org\/{rel}","templated":true}]}}