{"id":3211,"date":"2022-02-08T18:32:02","date_gmt":"2022-02-08T18:32:02","guid":{"rendered":"http:\/\/centrolindavista.org.mx\/?page_id=3211"},"modified":"2022-02-23T21:02:51","modified_gmt":"2022-02-23T21:02:51","slug":"obras-del-centro-de-estudios-estrategicos-nacionales","status":"publish","type":"page","link":"http:\/\/centrolindavista.org.mx\/?page_id=3211","title":{"rendered":"Obras del Centro de Estudios Estrat\u00e9gicos Nacionales"},"content":{"rendered":"<p>[vc_row][vc_column width=\u00bb1\/4&#8243;][vc_wp_custommenu nav_menu=\u00bb41&#8243;][\/vc_column][vc_column width=\u00bb3\/4&#8243;]<div class=\"grop-section_text   grop-heading-69ef75a6d3f69   vc_custom_1644345401210 text-left\"><div class=\"text-uppercase grop-sctn_title_fntSz-30   grop-heading-69ef75a6d3f69  text-left\">Publicaciones Centro de Estudios Estrat\u00e9gicos Nacionales, CEEN<\/div><\/div>[vc_row_inner][vc_column_inner][vc_column_text]<\/p>\n<p class=\"Estilo53\" align=\"justify\"><strong>M\u00e9xico 2010 Pensar y decidir la pr\u00f3xima d\u00e9cada<br \/>\n<\/strong><\/p>\n<p class=\"Estilo52\" align=\"justify\"><em>Centro de Estudios Estrat\u00e9gicos Nacionales (Visita la p\u00e1gina CEEN<a href=\"https:\/\/ceen.org.mx\/\"><strong> aqu\u00ed <\/strong><\/a>\u00a0)<\/em><\/p>\n<p><em>El CEEN public\u00f3 en 201 el libro electr\u00f3nico Modelo y Plan Estrat\u00e9gico del Centro de Estudios Estrat\u00e9gicos Nacionales, A. C., De este texto compartimos el cap\u00edtulo El CEEN y su participaci\u00f3n en el Desarrollo Regional: <a href=\"http:\/\/centrolindavista.org.mx\/wp-content\/uploads\/2022\/02\/Sur-sureste-CEEN.pdf\"><strong>Regi\u00f3n Sur-Sureste<\/strong><\/a>. Que se\u00f1ala propuestas para las pol\u00edticas en el Sur Sureste de nuestro pa\u00eds y que consideramos no ha perdido vigencia.<\/em><\/p>\n<p class=\"Estilo18\" align=\"justify\">Pensar y decidir el futuro de M\u00e9xico es tarea que corresponde al conjunto de la sociedad. Ello requiere un trabajo sistem\u00e1tico y permanente al que busca contribuir este primer documento del Centro de Estudios Estrat\u00e9gicos Nacionales.<\/p>\n<p class=\"Estilo18\" align=\"justify\">En este libro se exponen referentes anal\u00edticos sobre algunos de los problemas estructurales m\u00e1s relevantes del pa\u00eds y se proponen decisiones a ser tomadas en el momento presente, a partir de una visi\u00f3n renovada del desarrollo nacional en el largo plazo.<\/p>\n<p class=\"Estilo18\" align=\"justify\">Ante un pasado inmediato dominado por el ajuste y el cambio estructural, se propone dirigir el esfuerzo nacional hacia un desarrollo integral y soberano, en el que la finalidad principal sea la creaci\u00f3n de condiciones objetivas para el pleno desarrollo de todos y cada uno de los mexicanos, y la autodeterminaci\u00f3n de la comunidad nacional en el siglo XXI.<\/p>\n<p class=\"Estilo18\" align=\"justify\">La propuesta que hacen los participantes que constituyen el Centro, es avanzar decididamente hacia el pleno desarrollo de la Naci\u00f3n, con base en el fortalecimiento de las capacidades productivas, institucionales y culturales de todos los sectores y regiones.<\/p>\n<p class=\"Estilo18\" align=\"justify\">Un pensamiento fundamentado, \u00e9tico y propositivo, es condici\u00f3n necesria para orientar la capacidad creadora y transformadora de la sociedad mexicana, hacia niveles transformadora de la sociedad mexicana, hacia niveles superiores de desarrollo. Este documento es una invitaci\u00f3n a compartir esta tarea, para que cada quien decida lo que correspond, tomando en cuenta los intereses y derechos de los dem\u00e1s.<\/p>\n<p>[\/vc_column_text][\/vc_column_inner][\/vc_row_inner][vc_row_inner][vc_column_inner width=\u00bb1\/2&#8243;][vc_single_image image=\u00bb3212&#8243; img_size=\u00bbfull\u00bb][\/vc_column_inner][vc_column_inner width=\u00bb1\/2&#8243;][vc_single_image image=\u00bb3213&#8243; img_size=\u00bbfull\u00bb][\/vc_column_inner][\/vc_row_inner][vc_column_text]<\/p>\n<p class=\"Estilo57\" align=\"justify\"><strong>M\u00e9xico hacia el 2025<\/strong><\/p>\n<p class=\"Estilo56\" align=\"justify\"><em>Coordinador: Alberto Montoya Mart\u00edn del Campo<\/em><\/p>\n<p class=\"Estilo58\" align=\"justify\"><em><span class=\"Estilo54\">Centro de Estudios Estrat\u00e9gicos Nacionales<\/span><br \/>\nColecci\u00f3n Reflexi\u00f3n y An\u00e1lisis<\/em><\/p>\n<p class=\"Estilo18\" align=\"justify\">M\u00e9xico hacia el 2025 da continuidad al libro M\u00e9xico 2010. Pensar y decidir la pr\u00f3xima d\u00e9cada, publicado en el a\u00f1o 2000. Este libro documenta los trabajos realizados por el CEEN en estos tres a\u00f1os, en los que la sociedad mexicana decidi\u00f3 avanzar en la pluralidad pol\u00edtica, la divisi\u00f3n de poderes y la b\u00fasqueda de mayor democracia, tanto en el Poder Ejecutivo como en el Legislativo.<\/p>\n<p class=\"Estilo55 Estilo18\" align=\"justify\">En estos tres a\u00f1os se ha dado continuidad a un modelo de desarrollo iniciado hace dos d\u00e9cadas, guiado por los criterios de la globalizaci\u00f3n econ\u00f3mica, en el que se busca reducir el papel e intervenci\u00f3n del Estado en los procesos econ\u00f3micos, se profundiza la apertura comercial, se mantiene un equilibrio macroecon\u00f3mico, con base en la reducci\u00f3n del gasto p\u00fablico, la contenci\u00f3n del crecimiento y los salarios, para reducir la inflaci\u00f3n.<\/p>\n<p class=\"Estilo60 Estilo18\" align=\"justify\">Los resultados de este proceso son mixtos; por una parte, M\u00e9xico es una de las econom\u00edas m\u00e1s abiertas del mundo, al haber firmado tratados de libre comercio con 32 naciones y, al mismo tiempo, una de las menos competitivas; se tiene un estancamiento econ\u00f3mico y debilidad fiscal sist\u00e9micas, as\u00ed como incapacidad de generaci\u00f3n de los empleos que requiere la sociedad, y de disminuci\u00f3n de los desequilibrios sociales y regionales.<\/p>\n<p class=\"Estilo18\" align=\"justify\">En M\u00e9xico hacia el 2025, se presentan an\u00e1lisis, informaciones, propuestas y estudios que buscan contribuir a una propuesta estrat\u00e9gica y de largo plazo para un desarrollo econ\u00f3mico y social independiente, soberano y m\u00e1s justo para los 104 millones de mexicanos que vivimos en la actualidad y los que vivir\u00e1n en el futuro.<\/p>\n<p class=\"Estilo55 Estilo18\" align=\"justify\">Esta aportaci\u00f3n es a la vez una propuesta y una invitaci\u00f3n abierta a la reflexi\u00f3n colegiada, intersectorial e \u00a1nterinstitucional, que permita la discusi\u00f3n argumentada, que aporte los fundamentos \u00e9ticos, t\u00e9cnicos y pol\u00edticos de las decisiones colectivas. Es la expresi\u00f3n y concreci\u00f3n de un esfuerzo de voluntades y puntos de vista distintos y respetables, en la pluralidad que existe en el pa\u00eds.<\/p>\n<p class=\"Estilo59\" align=\"justify\"><span class=\"Estilo51 Estilo18\">Este libro es tambi\u00e9n un testimonio de que organizaciones de la sociedad civil cumplimos con el deber y responsabilidad de todo mexicano, de contribuir al dise\u00f1o y realizaci\u00f3n de una mejor sociedad, que ofrezca a todos mejores condiciones para el ejercicio de la libertad de cada uno, y al conjunto nacional, condiciones reales de una mayor soberan\u00eda, independencia, desarrollo y justicia social, en el dif\u00edcil entorno internacional y geopol\u00edtico que enfrenta la actual generaci\u00f3n de mexicanos.<\/span><\/p>\n<p>[\/vc_column_text][vc_row_inner][vc_column_inner width=\u00bb1\/2&#8243;][vc_single_image image=\u00bb3214&#8243; img_size=\u00bbfull\u00bb][\/vc_column_inner][vc_column_inner width=\u00bb1\/2&#8243;][vc_single_image image=\u00bb3215&#8243; img_size=\u00bbfull\u00bb][\/vc_column_inner][\/vc_row_inner][\/vc_column][\/vc_row]<\/p>\n","protected":false},"excerpt":{"rendered":"[vc_row][vc_column width=\u00bb1\/4&#8243;][vc_wp_custommenu nav_menu=\u00bb41&#8243;][\/vc_column][vc_column width=\u00bb3\/4&#8243;][vc_row_inner][vc_column_inner][vc_column_text] M\u00e9xico 2010 Pensar y decidir la pr\u00f3xima d\u00e9cada Centro de Estudios Estrat\u00e9gicos Nacionales (Visita la p\u00e1gina CEEN aqu\u00ed \u00a0) El CEEN public\u00f3 en 201 el libro electr\u00f3nico Modelo y Plan Estrat\u00e9gico del Centro de Estudios Estrat\u00e9gicos Nacionales, A. C., De este texto compartimos el cap\u00edtulo El CEEN y su participaci\u00f3n en &#8230;","protected":false},"author":1,"featured_media":0,"parent":0,"menu_order":0,"comment_status":"closed","ping_status":"closed","template":"","meta":{"footnotes":""},"class_list":["post-3211","page","type-page","status-publish","hentry"],"_links":{"self":[{"href":"http:\/\/centrolindavista.org.mx\/index.php?rest_route=\/wp\/v2\/pages\/3211","targetHints":{"allow":["GET"]}}],"collection":[{"href":"http:\/\/centrolindavista.org.mx\/index.php?rest_route=\/wp\/v2\/pages"}],"about":[{"href":"http:\/\/centrolindavista.org.mx\/index.php?rest_route=\/wp\/v2\/types\/page"}],"author":[{"embeddable":true,"href":"http:\/\/centrolindavista.org.mx\/index.php?rest_route=\/wp\/v2\/users\/1"}],"replies":[{"embeddable":true,"href":"http:\/\/centrolindavista.org.mx\/index.php?rest_route=%2Fwp%2Fv2%2Fcomments&post=3211"}],"version-history":[{"count":4,"href":"http:\/\/centrolindavista.org.mx\/index.php?rest_route=\/wp\/v2\/pages\/3211\/revisions"}],"predecessor-version":[{"id":3430,"href":"http:\/\/centrolindavista.org.mx\/index.php?rest_route=\/wp\/v2\/pages\/3211\/revisions\/3430"}],"wp:attachment":[{"href":"http:\/\/centrolindavista.org.mx\/index.php?rest_route=%2Fwp%2Fv2%2Fmedia&parent=3211"}],"curies":[{"name":"wp","href":"https:\/\/api.w.org\/{rel}","templated":true}]}}