{"id":3203,"date":"2022-02-08T18:16:29","date_gmt":"2022-02-08T18:16:29","guid":{"rendered":"http:\/\/centrolindavista.org.mx\/?page_id=3203"},"modified":"2022-02-23T20:49:44","modified_gmt":"2022-02-23T20:49:44","slug":"obras-de-etica","status":"publish","type":"page","link":"http:\/\/centrolindavista.org.mx\/?page_id=3203","title":{"rendered":"Obras de \u00c9tica"},"content":{"rendered":"<p>[vc_row][vc_column width=\u00bb1\/4&#8243;][vc_wp_custommenu nav_menu=\u00bb41&#8243;][\/vc_column][vc_column width=\u00bb3\/4&#8243;]<div class=\"grop-section_text   grop-heading-69d2f0aa7dff8   text-left\"><div class=\"text-uppercase grop-sctn_title_fntSz-30   grop-heading-69d2f0aa7dff8  text-left\">Obras de \u00c9tica<\/div><\/div>[vc_row_inner][vc_column_inner width=\u00bb1\/2&#8243;][vc_column_text]<\/p>\n<p class=\"Estilo44\" align=\"justify\"><strong>Invitaci\u00f3n a la lectura y experiencias para el desarrollo<\/strong><\/p>\n<p class=\"Estilo48\" align=\"justify\"><strong><a href=\"http:\/\/www.centrolindavista.org.mx\/eticaydesarrollo.pdf\" target=\"_blank\" rel=\"noopener\">\u00c9tica y Desarrollo<\/a><\/strong><\/p>\n<p class=\"Estilo47\" align=\"justify\">Responsable de la elaboraci\u00f3n de textos:<br \/>\nAdalberto Savi\u00f1\u00f3n y Guillermo Ferrer<\/p>\n<div align=\"justify\">\n<ul>\n<li class=\"Estilo2\">Lecturas<\/li>\n<li class=\"Estilo2\">Rese\u00f1as Sint\u00e9ticas<\/li>\n<li class=\"Estilo2\">Experiencia Concretas<\/li>\n<\/ul>\n<\/div>\n<div align=\"justify\"><\/div>\n<p>[\/vc_column_text][\/vc_column_inner][vc_column_inner width=\u00bb1\/2&#8243;][vc_single_image image=\u00bb3200&#8243; img_size=\u00bbfull\u00bb onclick=\u00bbcustom_link\u00bb link=\u00bbhttp:\/\/centrolindavista.org.mx\/wp-content\/uploads\/2022\/02\/eticaydesarrollo.pdf\u00bb][vc_column_text]<strong><span style=\"font-size: 13px;\">Clic en imagen para descarga<\/span><\/strong>[\/vc_column_text][\/vc_column_inner][\/vc_row_inner][vc_column_text]<\/p>\n<p class=\"Estilo2\" align=\"justify\"><strong><a href=\"http:\/\/www.centrolindavista.org.mx\/publicaciones\/Lo_Biondo-etica,ed_po_eco_y_sol.pdf\" target=\"_blank\" rel=\"noopener\"><br \/>\n<\/a><a href=\"http:\/\/www.centrolindavista.org.mx\/publicaciones\/Lo_Biondo-etica,ed_po_eco_y_sol.pdf\" target=\"_blank\" rel=\"noopener\">\u00c9tica, Educaci\u00f3n Popular Econ\u00f3mica y Solidaridad<\/a><\/strong><\/p>\n<p class=\"Estilo52\" align=\"justify\">Gasper F. Lo Biondo, S. J.<\/p>\n<p class=\"Estilo50\" align=\"justify\">Woodstock Theological Center<br \/>\nGeorgetown University, Washingto, D.C.<\/p>\n<p class=\"Estilo50\" align=\"justify\">En el contexto de la econom\u00eda mundial globalizada los sujetos de las econom\u00edas populares de Am\u00e9rica Latina experimentan una marginaci\u00f3n estructural. Son excluidos de los mercados del capital financiero para el auto empleo por los costos elevados de transacci\u00f3n y son excluido de los mercados del trabajo por avances tecnol\u00f3gicos que corresponden a otros.<\/p>\n<p class=\"Estilo50\" align=\"justify\">Los problemas tradicionales de promoci\u00f3n y de educaci\u00f3n popular se encuentran en una nueva etapa institucional. los que buscan promover la inclusi\u00f3n a los mercados de capital y trabajo de los excluido econ\u00f3micos se encuentran en un callej\u00f3n sin salida . su sobreviviencia depende de los c\u00e1lculos econ\u00f3micos. \u00bfpero c\u00f3mo llevar una pr\u00e1ctica \u00e9tica que sea a la vez econ\u00f3micamente sostenible y socialmente solitaria? Sienten m\u00e1s que nunca una ruptura entre los dos spectos de la pr\u00e1ctica econ\u00f3mica.<\/p>\n<p>[\/vc_column_text][\/vc_column][\/vc_row]<\/p>\n","protected":false},"excerpt":{"rendered":"[vc_row][vc_column width=\u00bb1\/4&#8243;][vc_wp_custommenu nav_menu=\u00bb41&#8243;][\/vc_column][vc_column width=\u00bb3\/4&#8243;][vc_row_inner][vc_column_inner width=\u00bb1\/2&#8243;][vc_column_text] Invitaci\u00f3n a la lectura y experiencias para el desarrollo \u00c9tica y Desarrollo Responsable de la elaboraci\u00f3n de textos: Adalberto Savi\u00f1\u00f3n y Guillermo Ferrer Lecturas Rese\u00f1as Sint\u00e9ticas Experiencia Concretas [\/vc_column_text][\/vc_column_inner][vc_column_inner width=\u00bb1\/2&#8243;][vc_single_image image=\u00bb3200&#8243; img_size=\u00bbfull\u00bb onclick=\u00bbcustom_link\u00bb link=\u00bbhttp:\/\/centrolindavista.org.mx\/wp-content\/uploads\/2022\/02\/eticaydesarrollo.pdf\u00bb][vc_column_text]Clic en imagen para descarga[\/vc_column_text][\/vc_column_inner][\/vc_row_inner][vc_column_text] \u00c9tica, Educaci\u00f3n Popular Econ\u00f3mica y Solidaridad Gasper F. Lo Biondo, S. J. &#8230;","protected":false},"author":1,"featured_media":0,"parent":0,"menu_order":0,"comment_status":"closed","ping_status":"closed","template":"","meta":{"footnotes":""},"class_list":["post-3203","page","type-page","status-publish","hentry"],"_links":{"self":[{"href":"http:\/\/centrolindavista.org.mx\/index.php?rest_route=\/wp\/v2\/pages\/3203","targetHints":{"allow":["GET"]}}],"collection":[{"href":"http:\/\/centrolindavista.org.mx\/index.php?rest_route=\/wp\/v2\/pages"}],"about":[{"href":"http:\/\/centrolindavista.org.mx\/index.php?rest_route=\/wp\/v2\/types\/page"}],"author":[{"embeddable":true,"href":"http:\/\/centrolindavista.org.mx\/index.php?rest_route=\/wp\/v2\/users\/1"}],"replies":[{"embeddable":true,"href":"http:\/\/centrolindavista.org.mx\/index.php?rest_route=%2Fwp%2Fv2%2Fcomments&post=3203"}],"version-history":[{"count":5,"href":"http:\/\/centrolindavista.org.mx\/index.php?rest_route=\/wp\/v2\/pages\/3203\/revisions"}],"predecessor-version":[{"id":3428,"href":"http:\/\/centrolindavista.org.mx\/index.php?rest_route=\/wp\/v2\/pages\/3203\/revisions\/3428"}],"wp:attachment":[{"href":"http:\/\/centrolindavista.org.mx\/index.php?rest_route=%2Fwp%2Fv2%2Fmedia&parent=3203"}],"curies":[{"name":"wp","href":"https:\/\/api.w.org\/{rel}","templated":true}]}}