{"id":3167,"date":"2022-02-04T23:42:41","date_gmt":"2022-02-04T23:42:41","guid":{"rendered":"http:\/\/centrolindavista.org.mx\/?page_id=3167"},"modified":"2022-02-08T17:56:14","modified_gmt":"2022-02-08T17:56:14","slug":"coleccion-resolucion-de-conflictos-lecturas-internacionales","status":"publish","type":"page","link":"http:\/\/centrolindavista.org.mx\/?page_id=3167","title":{"rendered":"Colecci\u00f3n Resoluci\u00f3n de Conflictos (Lecturas Internacionales)"},"content":{"rendered":"<p>[vc_row][vc_column width=\u00bb1\/4&#8243;][vc_wp_custommenu nav_menu=\u00bb41&#8243;][\/vc_column][vc_column width=\u00bb3\/4&#8243;]<div class=\"grop-section_text   grop-heading-69d2f113178c3   text-left\"><div class=\"text-uppercase grop-sctn_title_fntSz-30   grop-heading-69d2f113178c3  text-left\">Lecturas Internacionales<\/div><\/div>[vc_row_inner][vc_column_inner width=\u00bb1\/3&#8243;][vc_single_image image=\u00bb3168&#8243; img_size=\u00bbfull\u00bb onclick=\u00bbcustom_link\u00bb link=\u00bbhttp:\/\/centrolindavista.org.mx\/wp-content\/uploads\/2022\/02\/Lecturas_Internacionales_1.pdf\u00bb][vc_column_text]<\/p>\n<p class=\"Estilo2\" align=\"justify\"><span style=\"font-size: 13px;\"><strong><a href=\"http:\/\/www.centrolindavista.org.mx\/l_internacionales\/Lecturas_Internacionales_1.pdf\" target=\"_blank\" rel=\"noopener\">Lecturas Internacionales 1<\/a><\/strong><\/span><\/p>\n<div align=\"justify\">\n<ul>\n<li class=\"Estilo2\"><span style=\"font-size: 13px;\">Gusanos y \u00c1ngeles<\/span><\/li>\n<li class=\"Estilo2\"><span style=\"font-size: 13px;\">Mapas Culturales<\/span><\/li>\n<li class=\"Estilo2\"><span style=\"font-size: 13px;\">Escenarios en Shell, Sud\u00e1frica y Guatemala<\/span><\/li>\n<\/ul>\n<\/div>\n<p>[\/vc_column_text][\/vc_column_inner][vc_column_inner width=\u00bb1\/3&#8243;][vc_single_image image=\u00bb3170&#8243; img_size=\u00bbfull\u00bb onclick=\u00bbcustom_link\u00bb link=\u00bbhttp:\/\/centrolindavista.org.mx\/wp-content\/uploads\/2022\/02\/Lecturas_Internacionales_2.pdf\u00bb][vc_column_text]<strong><span style=\"font-size: 13px;\">Lecturas Internacionales 2<\/span><\/strong><\/p>\n<ul>\n<li><span style=\"font-size: 13px;\">Participaci\u00f3n Ciudadana.<\/span><\/li>\n<li class=\"Estilo2\"><span style=\"font-size: 13px;\">Responsabilidad moral de un gobernante<\/span><\/li>\n<li class=\"Estilo2\"><span style=\"font-size: 13px;\">Mediaci\u00f3n para la Paz en Centroam\u00e9rica<\/span><\/li>\n<\/ul>\n<p>[\/vc_column_text][\/vc_column_inner][vc_column_inner width=\u00bb1\/3&#8243;][vc_single_image image=\u00bb3180&#8243; img_size=\u00bbfull\u00bb onclick=\u00bbcustom_link\u00bb link=\u00bbhttp:\/\/centrolindavista.org.mx\/wp-content\/uploads\/2022\/02\/Lecturas_Internacionales_3.pdf\u00bb][vc_column_text]<strong><span style=\"font-size: 13px;\">Lecturas Internacionales 3<\/span><\/strong><\/p>\n<ul>\n<li class=\"Estilo2\"><span style=\"font-size: 13px;\">La Comunidad de Sant&#8217;Egidio<\/span><\/li>\n<li class=\"Estilo2\"><span style=\"font-size: 13px;\">Rodrigo Asturias<\/span><\/li>\n<\/ul>\n<p>[\/vc_column_text][\/vc_column_inner][\/vc_row_inner][vc_separator][vc_row_inner][vc_column_inner width=\u00bb1\/3&#8243;][vc_single_image image=\u00bb3183&#8243; img_size=\u00bbfull\u00bb onclick=\u00bbcustom_link\u00bb link=\u00bbhttp:\/\/centrolindavista.org.mx\/wp-content\/uploads\/2022\/02\/Lecturas_Internacionales_4.pdf\u00bb][vc_column_text]<strong>Lecturas internacionales 4<\/strong><\/p>\n<ul>\n<li class=\"Estilo2\">Nuevos enfoques para la construcci\u00f3n de la Paz<\/li>\n<li class=\"Estilo2\">Dag Hammarskjold, constructor de la Paz<\/li>\n<li class=\"Estilo2\">El derecho consuetudinario Maya<\/li>\n<\/ul>\n<p>[\/vc_column_text][\/vc_column_inner][vc_column_inner width=\u00bb1\/3&#8243;][vc_single_image image=\u00bb3185&#8243; img_size=\u00bbfull\u00bb onclick=\u00bbcustom_link\u00bb link=\u00bbhttp:\/\/centrolindavista.org.mx\/wp-content\/uploads\/2022\/02\/Lecturas_Internacionales_5.pdf\u00bb][vc_column_text]<strong>Lecturas internacionales 5<\/strong><\/p>\n<ul>\n<li class=\"Estilo2\">Edward KAUFMAN\u00a0 y la Diplomacia Ciudadana<\/li>\n<li class=\"Estilo2\">Jacques DELORS, Constructor de Comunidades<\/li>\n<\/ul>\n<p>[\/vc_column_text][\/vc_column_inner][vc_column_inner width=\u00bb1\/3&#8243;][vc_single_image image=\u00bb3187&#8243; img_size=\u00bbfull\u00bb onclick=\u00bbcustom_link\u00bb link=\u00bbhttp:\/\/centrolindavista.org.mx\/wp-content\/uploads\/2022\/02\/Lecturas_Internacionales_6.pdf\u00bb][vc_column_text]<strong>Lecturas internacionales 6<\/strong><\/p>\n<ul>\n<li class=\"Estilo2\">Escenarios C\u00edvicos de Paz<\/li>\n<li class=\"Estilo2\">Experiencias y m\u00e9todos para la Paz<\/li>\n<li class=\"Estilo2\">War Torn Societies Project<\/li>\n<\/ul>\n<p>[\/vc_column_text][\/vc_column_inner][\/vc_row_inner][vc_separator][vc_row_inner][vc_column_inner width=\u00bb1\/2&#8243;][vc_single_image image=\u00bb3189&#8243; img_size=\u00bbfull\u00bb onclick=\u00bbcustom_link\u00bb link=\u00bbhttp:\/\/http:\/\/centrolindavista.org.mx\/wp-content\/uploads\/2022\/02\/Lecturas_Internacionales_7.pdf\u00bb][vc_column_text]<strong>Lecturas internacionales 7<\/strong><\/p>\n<ul>\n<li class=\"Estilo2\">Comunidades epist\u00e9micas<\/li>\n<li class=\"Estilo2\">Nuevo evolucionismo<\/li>\n<li class=\"Estilo2\">Pacificaci\u00f3n civil en una urbe en conflicto<\/li>\n<\/ul>\n<p>[\/vc_column_text][\/vc_column_inner][vc_column_inner width=\u00bb1\/2&#8243;][vc_single_image image=\u00bb3193&#8243; img_size=\u00bbfull\u00bb onclick=\u00bbcustom_link\u00bb link=\u00bbhttp:\/\/centrolindavista.org.mx\/wp-content\/uploads\/2022\/02\/Lecturas_Internacionales_8.pdf\u00bb][vc_column_text]<strong>Lecturas internacionales 8<\/strong><\/p>\n<ul>\n<li class=\"Estilo2\">La cohesi\u00f3n social y los bienes relacionales<\/li>\n<li class=\"Estilo2\">Conflicto y cohesi\u00f3n social<\/li>\n<li class=\"Estilo2\">La fiesta como herramienta de construcci\u00f3n<\/li>\n<li class=\"Estilo2\">Construcci\u00f3n de la paz y transformaci\u00f3n de conflictos<\/li>\n<\/ul>\n<p>[\/vc_column_text][\/vc_column_inner][\/vc_row_inner][\/vc_column][\/vc_row]<\/p>\n","protected":false},"excerpt":{"rendered":"[vc_row][vc_column width=\u00bb1\/4&#8243;][vc_wp_custommenu nav_menu=\u00bb41&#8243;][\/vc_column][vc_column width=\u00bb3\/4&#8243;][vc_row_inner][vc_column_inner width=\u00bb1\/3&#8243;][vc_single_image image=\u00bb3168&#8243; img_size=\u00bbfull\u00bb onclick=\u00bbcustom_link\u00bb link=\u00bbhttp:\/\/centrolindavista.org.mx\/wp-content\/uploads\/2022\/02\/Lecturas_Internacionales_1.pdf\u00bb][vc_column_text] Lecturas Internacionales 1 Gusanos y \u00c1ngeles Mapas Culturales Escenarios en Shell, Sud\u00e1frica y Guatemala [\/vc_column_text][\/vc_column_inner][vc_column_inner width=\u00bb1\/3&#8243;][vc_single_image image=\u00bb3170&#8243; img_size=\u00bbfull\u00bb onclick=\u00bbcustom_link\u00bb link=\u00bbhttp:\/\/centrolindavista.org.mx\/wp-content\/uploads\/2022\/02\/Lecturas_Internacionales_2.pdf\u00bb][vc_column_text]Lecturas Internacionales 2 Participaci\u00f3n Ciudadana. Responsabilidad moral de un gobernante Mediaci\u00f3n para la Paz en Centroam\u00e9rica [\/vc_column_text][\/vc_column_inner][vc_column_inner width=\u00bb1\/3&#8243;][vc_single_image image=\u00bb3180&#8243; img_size=\u00bbfull\u00bb onclick=\u00bbcustom_link\u00bb link=\u00bbhttp:\/\/centrolindavista.org.mx\/wp-content\/uploads\/2022\/02\/Lecturas_Internacionales_3.pdf\u00bb][vc_column_text]Lecturas Internacionales 3 La Comunidad de &#8230;","protected":false},"author":1,"featured_media":0,"parent":0,"menu_order":0,"comment_status":"closed","ping_status":"closed","template":"","meta":{"footnotes":""},"class_list":["post-3167","page","type-page","status-publish","hentry"],"_links":{"self":[{"href":"http:\/\/centrolindavista.org.mx\/index.php?rest_route=\/wp\/v2\/pages\/3167","targetHints":{"allow":["GET"]}}],"collection":[{"href":"http:\/\/centrolindavista.org.mx\/index.php?rest_route=\/wp\/v2\/pages"}],"about":[{"href":"http:\/\/centrolindavista.org.mx\/index.php?rest_route=\/wp\/v2\/types\/page"}],"author":[{"embeddable":true,"href":"http:\/\/centrolindavista.org.mx\/index.php?rest_route=\/wp\/v2\/users\/1"}],"replies":[{"embeddable":true,"href":"http:\/\/centrolindavista.org.mx\/index.php?rest_route=%2Fwp%2Fv2%2Fcomments&post=3167"}],"version-history":[{"count":12,"href":"http:\/\/centrolindavista.org.mx\/index.php?rest_route=\/wp\/v2\/pages\/3167\/revisions"}],"predecessor-version":[{"id":3197,"href":"http:\/\/centrolindavista.org.mx\/index.php?rest_route=\/wp\/v2\/pages\/3167\/revisions\/3197"}],"wp:attachment":[{"href":"http:\/\/centrolindavista.org.mx\/index.php?rest_route=%2Fwp%2Fv2%2Fmedia&parent=3167"}],"curies":[{"name":"wp","href":"https:\/\/api.w.org\/{rel}","templated":true}]}}