{"id":3136,"date":"2022-02-04T00:15:26","date_gmt":"2022-02-04T00:15:26","guid":{"rendered":"http:\/\/centrolindavista.org.mx\/?page_id=3136"},"modified":"2022-02-23T20:38:07","modified_gmt":"2022-02-23T20:38:07","slug":"coleccion-propuestas-para-el-futuro-de-un-mexico-independiente-y-socialmente-justo","status":"publish","type":"page","link":"http:\/\/centrolindavista.org.mx\/?page_id=3136","title":{"rendered":"Colecci\u00f3n Propuestas para el futuro de un M\u00e9xico independiente y socialmente justo"},"content":{"rendered":"<p>[vc_row][vc_column width=\u00bb1\/4&#8243;][vc_wp_custommenu nav_menu=\u00bb41&#8243;][\/vc_column][vc_column width=\u00bb3\/4&#8243;]<div class=\"grop-section_text   grop-heading-69d2f0ae17ae9   text-left\"><div class=\"text-uppercase grop-sctn_title_fntSz-30   grop-heading-69d2f0ae17ae9  text-left\">Colecci\u00f3n: Propuestas para el Futuro de un M\u00e9xico Independiente y Socialmente Justo<\/div><\/div>[vc_row_inner][vc_column_inner width=\u00bb2\/3&#8243;][vc_column_text]<\/p>\n<p class=\"Estilo44\" align=\"justify\"><strong><a href=\"http:\/\/www.centrolindavista.org.mx\/cerro\/Cerro-dialogo-para-la-construccion.pdf\" target=\"_blank\" rel=\"noopener\">Di\u00e1logo para la construcci\u00f3n de un proyecto de pa\u00eds<\/a><\/strong><br \/>\n<em>Por: Jos\u00e9 Antonio Cerro Castiglione<\/em><\/p>\n<p class=\"Estilo48\" align=\"justify\">Con gusto presentamos a nuestras y nuestros amables lectores el primer n\u00famero de la Colecci\u00f3n \u201cPropuestas para el futuro de un M\u00e9xico independiente y socialmente justo\u201d. Se trata del texto de Jos\u00e9 Antonio Cerro Castiglione: \u201cDi\u00e1logo para la Construcci\u00f3n de un proyecto de Pa\u00eds\u201d.<\/p>\n<p class=\"Estilo48\" align=\"justify\">Nuestra colecci\u00f3n busca aportar al di\u00e1logo nacional necesario sobre nuestro hoy y ma\u00f1ana, precisamente en coincidencia con los aniversarios de la Independencia y la Revoluci\u00f3n, que marcan momentos de reflexi\u00f3n sobre c\u00f3mo avanzar verdaderamente en la autonom\u00eda, la soberan\u00eda, el desarrollo integral y la justicia social.<\/p>\n<p class=\"Estilo48\" align=\"justify\">En las pr\u00f3ximas semanas estaremos publicando nuevos n\u00fameros de esta colecci\u00f3n, que tendr\u00e1 pluralidad de temas y posiciones, pero siempre unidas por la voluntad de propiciar un di\u00e1logo nacional indispensable para lograr un avance verdadero de manera conjunta, enfocada a lo sustancial y animado por la solidaridad.<\/p>\n<p>[\/vc_column_text][\/vc_column_inner][vc_column_inner width=\u00bb1\/3&#8243;][vc_single_image image=\u00bb3159&#8243; img_size=\u00bbfull\u00bb onclick=\u00bbcustom_link\u00bb link=\u00bbhttp:\/\/centrolindavista.org.mx\/wp-content\/uploads\/2022\/02\/Cerro-dialogo-para-la-construccion.pdf\u00bb][vc_column_text]<strong>Clic en imagen para descarga<\/strong>[\/vc_column_text][\/vc_column_inner][vc_column_inner][vc_column_text]<\/p>\n<p class=\"Estilo48\" align=\"justify\">En este primer n\u00famero, el mensaje central Es mostrar la necesidad de construir un proyecto de pa\u00eds, que sirva como objetivo para acciones de largo plazo por parte de la sociedad, se\u00f1alar las condiciones que debe contener dicho proyecto y finalmente presentar una propuesta concreta para el caso de M\u00e9xico.<\/p>\n<p class=\"Estilo48\" align=\"justify\">Como se\u00f1ala el autor: La tarea pendiente y necesaria es la creaci\u00f3n del consenso, entendido como la b\u00fasqueda y definici\u00f3n de objetivos comunes, que unan a la sociedad en lugar de dividirla.<\/p>\n<p class=\"Estilo48\" align=\"justify\">La necesidad de la participaci\u00f3n protag\u00f3nica de la sociedad civil, como garant\u00eda de asegurar una sociedad participativa en las decisiones cruciales del pa\u00eds.<\/p>\n<p class=\"Estilo48\" align=\"justify\">La participaci\u00f3n responsable de la sociedad se basa en la premisa de actuar en funci\u00f3n de los intereses del pa\u00eds por encima de los intereses sectoriales.<\/p>\n<p class=\"Estilo48\" align=\"justify\">La garant\u00eda de poder alcanzar las metas deseadas descansa en la tarea prioritaria de una profunda transformaci\u00f3n de la educaci\u00f3n para todos, que aumente sensiblemente en cantidad, calidad y direccionalidad.<\/p>\n<p class=\"Estilo48\" align=\"justify\">Este trabajo forma parte de uno mayor que incluye, para su posterior publicaci\u00f3n dos temas: la evoluci\u00f3n econ\u00f3mica de M\u00e9xico y algunos casos seleccionados de pa\u00edses que han mostrado resultados dignos de analizarse.<\/p>\n<p>[\/vc_column_text][\/vc_column_inner][\/vc_row_inner][vc_separator][vc_row_inner][vc_column_inner width=\u00bb2\/3&#8243;][vc_column_text]<\/p>\n<p class=\"Estilo44\" align=\"justify\"><strong><a href=\"http:\/\/www.centrolindavista.org.mx\/publicaciones\/reforma-del-estado_02-12-2010.pdf\" target=\"_blank\" rel=\"noopener\">Tendencias dominantes y fortalecimiento de la naci\u00f3n<\/a><\/strong><br \/>\n<em>Por: Alberto Montoya Mart\u00edn del Campo<br \/>\nPor: Xabier Gorostiaga.<\/em><\/p>\n<p class=\"Estilo48\" align=\"justify\">Presentamos el segundo n\u00famero de nuestra Colecci\u00f3n \u00abPropuestas para el futuro de un M\u00e9xico Indepen-diente y socialmente justo\u00bb. Esta serie de publicacio-nes tiene como objetivo aportar elementos para pro-fundizar un di\u00e1logo nacional, hoy necesario, sobre el presente y el futuro de M\u00e9xico, precisamente en coin-cidencia con los aniversarios de la Independencia y la Revoluci\u00f3n, que marcan momentos de reflexi\u00f3n so-bre c\u00f3mo avanzar verdaderamente en la autonom\u00eda, la soberan\u00eda, el desarrollo integral y la justicia social. La colecci\u00f3n tiene diversidad de temas y pluralidad de posiciones, pero siempre unidas por la voluntad de propiciar un di\u00e1logo nacional indispensable para lo-grar un avance verdadero de manera conjunta, enfo-cada a lo sustancial y animado por la solidaridad.<\/p>\n<p class=\"Estilo48\" align=\"justify\">En el n\u00famero anterior presentamos de Jos\u00e9 Antonio Cerro Castiglione: \u00abDi\u00e1logo para la Construcci\u00f3n de un proyecto de Pa\u00eds\u00bb. Cuyo mensaje central era el de mostrar la necesidad de construir un proyecto de pa\u00eds, que sirva como objetivo para acciones de largo plazo por parte de la sociedad, se\u00f1alar las condiciones que debe contener dicho proyecto y finalmente presentar una propuesta concreta para el caso de M\u00e9xico.<\/p>\n<p class=\"Estilo48\" align=\"justify\">En el presente n\u00famero presentamos dos escritos so-bre las tendencias dominantes y como lograr el forta-lecimiento de la naci\u00f3n. Se trata de un texto sobre M\u00e9xico de Alberto Montoya y un texto sobre Cen-troam\u00e9rica de Xabier Gorostiaga, ambos con diferen-tes enfoques y perspectivas, pero ambos interesados en el fortalecimiento de sus naci\u00f3nes.<\/p>\n<p>[\/vc_column_text][\/vc_column_inner][vc_column_inner width=\u00bb1\/3&#8243;][vc_single_image image=\u00bb3164&#8243; img_size=\u00bbfull\u00bb onclick=\u00bbcustom_link\u00bb link=\u00bbhttp:\/\/centrolindavista.org.mx\/wp-content\/uploads\/2022\/02\/Tendencias-Dominantes-NUEVO.pdf\u00bb][vc_column_text]<strong>Clic en imagen para descarga.<\/strong>[\/vc_column_text][\/vc_column_inner][\/vc_row_inner][vc_column_text]<\/p>\n<p class=\"Estilo48\" align=\"justify\">Presentamos estos textos por la importancia que en este Bicentenario y Centenario queremos dar a la reflexi\u00f3n sobre lo que es nuestra casa com\u00fan y lo que debe ser un proyecto para el futuro. Los dos autores, con \u00f3pticas distintas, nos muestran las consecuencias de vivir sin proyecto com\u00fan y sujetarse a tendencias dominantes. Los dos se rebelan frente a esta situaci\u00f3n y nos plan-tean propuestas de acci\u00f3n.<\/p>\n<p class=\"Estilo48\" align=\"justify\">Las presentamos lado a lado porque creemos que nos dan perspectivas distintas de soluci\u00f3n y enfoques que conviene comparar y enriquecer mutuamente, cada lec-tor o lectora nos dir\u00e1 cu\u00e1l es su propia opini\u00f3n y contri-buci\u00f3n a la soluci\u00f3n.<\/p>\n<p class=\"Estilo48\" align=\"justify\">Los presentamos conjuntamente porque creemos que M\u00e9xico y Centroam\u00e9rica no son solamente pa\u00edses que tienen afinidad, sino que comparten problemas y por lo tanto soluciones, ambos son una sola regi\u00f3n que habr\u00e1 de hundirse o salvarse conjuntamente.<\/p>\n<p class=\"Estilo48\" align=\"justify\">Hoy en d\u00eda el escenario que Gorostiaga plante\u00f3 hace catorce a\u00f1os es una realidad en toda Mesoam\u00e9rica: La mezcla parad\u00f3jica en Taiwan y Somalia en donde la imagen de productividad, orden y gobernanza, se entre-cruza con una realidad en donde existe fuerte presencia de la exclusi\u00f3n social, la miseria, el desorden y la ingo-bernabilidad. Pero por supuesto las perspectivas son, como nos lo demuestran ciudades mexicanas que se consideraban pr\u00f3speras, de un futuro en que todo se arrastra hacia abajo si seguimos viviendo sin proyecto. \u00bfCu\u00e1les son las aportaciones que cada quien y cada comunidad o grupo podemos hacer a un proyecto co-m\u00fan?, \u00bfCu\u00e1les las caracter\u00edsticas que debe tener un proyecto construido pluralmente?, \u00bfC\u00f3mo entran quie-nes no tienen voz?<\/p>\n<p>[\/vc_column_text][\/vc_column][\/vc_row]<\/p>\n","protected":false},"excerpt":{"rendered":"[vc_row][vc_column width=\u00bb1\/4&#8243;][vc_wp_custommenu nav_menu=\u00bb41&#8243;][\/vc_column][vc_column width=\u00bb3\/4&#8243;][vc_row_inner][vc_column_inner width=\u00bb2\/3&#8243;][vc_column_text] Di\u00e1logo para la construcci\u00f3n de un proyecto de pa\u00eds Por: Jos\u00e9 Antonio Cerro Castiglione Con gusto presentamos a nuestras y nuestros amables lectores el primer n\u00famero de la Colecci\u00f3n \u201cPropuestas para el futuro de un M\u00e9xico independiente y socialmente justo\u201d. Se trata del texto de Jos\u00e9 Antonio Cerro Castiglione: \u201cDi\u00e1logo &#8230;","protected":false},"author":1,"featured_media":0,"parent":0,"menu_order":0,"comment_status":"closed","ping_status":"closed","template":"","meta":{"footnotes":""},"class_list":["post-3136","page","type-page","status-publish","hentry"],"_links":{"self":[{"href":"http:\/\/centrolindavista.org.mx\/index.php?rest_route=\/wp\/v2\/pages\/3136","targetHints":{"allow":["GET"]}}],"collection":[{"href":"http:\/\/centrolindavista.org.mx\/index.php?rest_route=\/wp\/v2\/pages"}],"about":[{"href":"http:\/\/centrolindavista.org.mx\/index.php?rest_route=\/wp\/v2\/types\/page"}],"author":[{"embeddable":true,"href":"http:\/\/centrolindavista.org.mx\/index.php?rest_route=\/wp\/v2\/users\/1"}],"replies":[{"embeddable":true,"href":"http:\/\/centrolindavista.org.mx\/index.php?rest_route=%2Fwp%2Fv2%2Fcomments&post=3136"}],"version-history":[{"count":12,"href":"http:\/\/centrolindavista.org.mx\/index.php?rest_route=\/wp\/v2\/pages\/3136\/revisions"}],"predecessor-version":[{"id":3427,"href":"http:\/\/centrolindavista.org.mx\/index.php?rest_route=\/wp\/v2\/pages\/3136\/revisions\/3427"}],"wp:attachment":[{"href":"http:\/\/centrolindavista.org.mx\/index.php?rest_route=%2Fwp%2Fv2%2Fmedia&parent=3136"}],"curies":[{"name":"wp","href":"https:\/\/api.w.org\/{rel}","templated":true}]}}