{"id":3094,"date":"2022-02-02T23:52:57","date_gmt":"2022-02-02T23:52:57","guid":{"rendered":"http:\/\/centrolindavista.org.mx\/?page_id=3094"},"modified":"2022-03-02T18:02:09","modified_gmt":"2022-03-03T00:02:09","slug":"el-centro-lindavista-y-la-vida-cultural-en-mexico","status":"publish","type":"page","link":"http:\/\/centrolindavista.org.mx\/?page_id=3094","title":{"rendered":"Articulos de inter\u00e9s"},"content":{"rendered":"<p>[vc_row][vc_column width=\u00bb1\/4&#8243;][vc_wp_custommenu nav_menu=\u00bb39&#8243;][\/vc_column][vc_column width=\u00bb3\/4&#8243;]<div class=\"grop-section_text   grop-heading-69d35e33344ba   vc_custom_1643846653194 text-left\"><div class=\"text-uppercase grop-sctn_title_fntSz-30   grop-heading-69d35e33344ba  text-left\">Art\u00edculos de inter\u00e9s<\/div><p>En este espacio se publicar\u00e1n art\u00edculos vinculados a la cultura y al desarrollo regional a partir de la misma.<\/p><\/div>[vc_column_text]<\/p>\n<p class=\"Estilo9\" align=\"justify\"><strong><span class=\"Estilo11\">EL DERECHO A LAS CULTURAS<\/span><\/strong><\/p>\n<p align=\"justify\"><a href=\"http:\/\/centrolindavista.org.mx\/wp-content\/uploads\/2022\/03\/Presentacion-del-Centro-Lindavista190908.pdf\"><span style=\"color: #0000ff;\">Presentaci\u00f3n del Centro Lindavista<\/span><\/a><\/p>\n<p class=\"Estilo9\" align=\"right\"><strong>Secretaria de Relaciones Exteriores<\/strong><br \/>\n<strong>Sala Jos\u00e9 Mar\u00eda Morelos y Pav\u00f3n<\/strong><br \/>\n<strong>19 de septiembre de 2008<\/strong><\/p>\n<p class=\"Estilo2\" align=\"justify\">Como lo ha se\u00f1alado Charles Taylor, en un mundo multicultural el eje central de la disputa social y cultural es la lucha por el reconocimiento de uno, como persona y como parte de una comunidad. Esto se da frente a otras culturas pero tambi\u00e9n como lo se\u00f1ala Leff (Leff, 2001) \u201cfrente al poder hegem\u00f3nico de la racionalidad econ\u00f3mica que busca capitalizar todos los \u00f3rdenes de la vida, incluyendo la mercantilizaci\u00f3n de la vida y la naturaleza.<\/p>\n<p class=\"Estilo2\" align=\"justify\">Asimismo, frente a una cultura hegem\u00f3nica es necesario \u201chablar de culturas\u201d, para romper los usos homogeneizantes que identifican a una sola cultura con la civilizaci\u00f3n (Raymond, 1992).<\/p>\n<p class=\"Estilo2\" align=\"justify\">En este caso apliqu\u00e9monos a liberar y promover las diversas culturas de M\u00e9xico: ind\u00edgenas, tradicional, h\u00edbridas, modernizante, posmoderna, etc.<\/p>\n<p class=\"Estilo2\" align=\"justify\">Si, derivado de lo anterior, mantenemos que nuestro pueblo tiene derecho a la cultura, a sus culturas, entonces en nuestro pa \u00eds tenemos varios problemas que afrontar en defensa de este derecho:<\/p>\n<div align=\"justify\"><\/div>\n<blockquote>\n<p class=\"Estilo2\" align=\"justify\"><span class=\"Estilo14\">A)\u00a0<\/span>Desfase en la educaci\u00f3n\/ medios de comunicaci\u00f3n. Debemos responder al desfase que se presenta entre la educaci\u00f3n que se trata de transmitir a los j\u00f3venes y ni\u00f1os y el rol indirecto que los medios audiovisuales tienen en la socializaci\u00f3n escolar.<\/p>\n<p class=\"Estilo2\" align=\"justify\"><span class=\"Estilo14\">B)\u00a0<\/span>Actividad art\u00edstica marginada. \u201cSi vemos la actividad art\u00edstica no como la cuantificaci\u00f3n de productos finales, sino como la formaci\u00f3n y creaci\u00f3n profesional de sus actores, nos enfrentamos a un paisaje a lo menos dram\u00e1tico: artistas que desarrollan su arte en espacios no aptos, ensayando gratuitamente con la esperanza de vender funciones, las cuales no s\u00f3lo deben competir con la televisi\u00f3n, el video, el cine comercial, sino que adem\u00e1s se enfrentan a la falta de sensibilidad pol\u00edtica del p\u00fablico, acostumbrado a la mediocridad televisiva.<\/p>\n<p class=\"Estilo2\" align=\"justify\"><span class=\"Estilo14\">C)\u00a0<\/span>Homogenizaci\u00f3n vs. Diversidad cultural. \u201cAl cerrarse este siglo, los lugares de muchas partes del mundo se parecen m\u00e1s y m\u00e1s: la comida r\u00e1pida, la industria estadounidense del entretenimiento, las comunicaciones de masa y las tecnolog\u00edas inform\u00e1ticas est\u00e1n penetrando hasta los rincones m\u00e1s remotos. Pero frente a estas fuerzas homogeneizantes, las comunidades locales, \u00e9tnicas y regionales reafirman sus identidades con creciente intensidad. Entre estas reacciones se encuentran las de las artes locales o de inspiraci\u00f3n \u00e9tnica, creadas en comunidades, familias o redes. Son herencias vivientes que unen al pasado con el presente, son \u201cpersonas comunes y corrientes que realizan acciones extraordinarias\u201d (Baron, 1996).<\/p>\n<p class=\"Estilo2\" align=\"justify\"><span class=\"Estilo14\">D)\u00a0<\/span>Apertura comercial\/cultural, sin proyecto. M\u00e9xico no solamente se ha abierto comercialmente y a la inversi\u00f3n extranjera, sino tambi\u00e9n en el aspecto cultural. Esto ha implicado el desmantelamiento de algunas de sus instituciones, la narcotizaci\u00f3n del tejido social y la deficiencia del Estado, que tambi\u00e9n ha sido \u201cpasivizado\u201d. De igual modo, se han ideologizado con un pensamiento \u00fanico las opciones. Frente a ello, este es el momento de contemplar las alternativas que surgen del propio tejido social y de la historia. Solamente un modelo de cohesi\u00f3n social, que avance con todos y todas puede ser viable en un pa\u00eds como M\u00e9xico y para ello las pol\u00edticas de desarrollo local integral son un instrumento central.<\/p>\n<\/blockquote>\n<p class=\"Estilo2\" align=\"justify\">A este nivel es necesario un proyecto nacional basado en principios, construido mediante procesos participativos y congruentes nacional e internacionalmente.<\/p>\n<p class=\"Estilo2\" align=\"justify\">Es pues central definir un proyecto nacional consensuado, centrado en un desarrollo humano sustentable, con inclusi\u00f3n social y que responda a la realidad de los ind\u00edgenas y de las amplias capas de poblaci\u00f3n que en situaci\u00f3n de \u00a0pobreza. La seguridad del proceso de desarrollo sustentable nacional se ve amenazada por procesos econ\u00f3micos, culturales, criminales y tecnol\u00f3gicos frente a los cuales es importante establecer medidas para promover nuestra vida soberana.<\/p>\n<p class=\"Estilo2\" align=\"justify\">En particular, es b\u00e1sico reconocer el papel de los aspectos culturales sostenidos prioritariamente por mecanismos de econom\u00eda solidaria y civil. Nuestro pa\u00eds est\u00e1 unido por sus tradiciones culturales, por su Patrimonio Com\u00fan.<\/p>\n<p class=\"Estilo2\" align=\"justify\">La cultura se vuelve una base de identidad que permite el desarrollo \u201ca partir de nuestras tradiciones\u201d y no contra ellas, que permite que conjuntemos las fuerzas que nos han permitido sobrevivir como naci\u00f3n tantos a\u00f1os. Nuestro patrimonio cultural puede y debe ser una plataforma importante para el desarrollo sustentable y el desarrollo integral debe contribuir a preservar nuestro patrimonio vivo.<\/p>\n<p class=\"Estilo2\" align=\"justify\">En ocasi\u00f3n de la recientemente celebrada Cumbre Mundial sobre Desarrollo Sustentable, en un Foro sobre diversidad cultural, Biodiversidad y \u00c9tica, el ex Presidente de Francia Jacques Chirac sustent\u00f3 una frase con la que estoy muy de acuerdo:<\/p>\n<p class=\"Estilo2\" align=\"justify\">\u201cla cultura se impondr\u00e1 poco a poco como el cuarto pilar del desarrollo sustentable, juntamente con la econom\u00eda, el cuidado del medio ambiente, y la preocupaci\u00f3n social.<\/p>\n<p class=\"Estilo2\" align=\"justify\">Nos toca pues impulsar nuestras culturas en toda su vitalidad a interactuar positivamente con otras.<\/p>\n<p class=\"Estilo2\" align=\"justify\">Para lograr estos objetivos sociales es indispensable enfatizar los derechos culturales de la poblaci\u00f3n y acabar con la idea que \u201cla cultura pudiera todav\u00eda ser considerada s\u00f3lo como el lujo de los que est\u00e1n bien\u201d (Cogo, 2005)<\/p>\n<p class=\"Estilo2\" align=\"justify\">El desarrollo verdadero \u201cdebe ofrecer a cada ser humano la posibilidad de realizar plenamente su potencial creador\u201d nos dice Federico Mayor (Mayor, 1998) y esto incluye a los excluidos.<\/p>\n<p class=\"Estilo44\" align=\"justify\"><strong>Los Derechos Culturales, \u00bfSe cumplen para los pobres y marginados?<\/strong><\/p>\n<p class=\"Estilo2\" align=\"justify\">La Encuesta Nacional de pr\u00e1cticas y consumo culturales, (CONACULTA, 2004) muestra importantes datos que nos pueden servir para medir la asistencia de la poblaci\u00f3n a los lugares en los que hay productos (bienes o servicios) culturales por una parte y por la otra su exposici\u00f3n a los medios audiovisuales.<\/p>\n<p class=\"Estilo2\" align=\"justify\">Para constatar si los pobres y marginados est\u00e1n teniendo el real acceso a los productos culturales, del total de resultados de dicha Encuesta hemos seleccionado tres conjuntos: poblaci\u00f3n con 0 a 3 salarios m\u00ednimos, poblaci\u00f3n en el sur-sureste, y poblaci\u00f3n en estratos de menos de15, 000 habitantes. Dando como resultado que la poblaci\u00f3n de menos ingresos no accede a los servicios culturales mediante asistencia a recintos culturales y solamente se encuentra sujeta de los medios audiovisuales y en especial a los medios comerciales.<\/p>\n<p class=\"Estilo44\" align=\"justify\"><strong>Aspectos legales ligados a los derechos culturales<\/strong><\/p>\n<p class=\"Estilo2\" align=\"justify\">El derecho al acceso y la participaci\u00f3n a la cultura en M\u00e9xico ha sido un tema prioritario en la implementaci\u00f3n de pol\u00edticas p\u00fablicas en la \u00e9poca posrevolucionaria, en las que en gran medida se ha promovido un acercamiento entre el car\u00e1cter popular y el especializado de este fen\u00f3meno social.<\/p>\n<p class=\"Estilo2\" align=\"justify\">Las pol\u00edticas econ\u00f3micas y administrativas en este sentido han sido clave para el desarrollo de este sector, as\u00ed como el fortalecimiento de instancias tales como el Consejo Nacional para la Cultura y las Artes que impulsa la difusi\u00f3n cultural, buscando acercar a cada mexicano y mexicana a las distintas expresiones art\u00edsticas alimentando su sentido de pertenencia e identidad a partir de la diversidad cultural.<\/p>\n<p class=\"Estilo2\" align=\"justify\">Sin embargo, es tambi\u00e9n importante observar que en los reglamentos y leyes actuales se prioriza la regulaci\u00f3n de los servicios culturales, o bien el ordenamiento de los mismos, sobre el acceso plural e incluyente a \u00e9stos de la poblaci\u00f3n en general y de la comunidad de artistas y\/o creativos en particular; al mismo tiempo que se descuida la protecci\u00f3n de las distintas formas de expresi\u00f3n de los distintos pueblos en cuanto a usos y costumbres.<\/p>\n<p class=\"Estilo2\" align=\"justify\">El gran acervo del patrimonio hist\u00f3rico, literario y art\u00edstico creado; y el que se encuentra en formaci\u00f3n, requiere pues de nuevos enfoques que integren al ciudadano(a) no como un cliente consumidor de cultura a manera de producto, sino como una persona en continua formaci\u00f3n, preocup\u00e1ndose por un desarrollo integral que fortalezca los aspectos educativos, c\u00edvicos y de empoderamiento en su vida cotidiana.<\/p>\n<p class=\"Estilo2\" align=\"justify\">La Declaraci\u00f3n Universal de los Derechos Humanos reconoce en el art\u00edculo 27 el derecho que toda persona tiene a tomar parte libremente en la vida cultural de la comunidad, a gozar de las artes y a participar en el progreso cient\u00edfico y recibir beneficios que de \u00e9l resulten. Este derecho humano en la actualidad se confronta con la privatizaci\u00f3n del patrimonio hist\u00f3rico y la mercantilizaci\u00f3n de las artes que, aunque fortalece la viabilidad del mantenimiento y permanencia de estos espacios y oficios, corre el riesgo de excluir los valores y significados originarios, as\u00ed como la participaci\u00f3n de sectores importantes de la poblaci\u00f3n.<\/p>\n<p class=\"Estilo2\" align=\"justify\">El propio Pacto Internacional de Derechos Econ\u00f3micos, Sociales y Culturales en el art\u00edculo 15, especifica que los Estados Partes en dicho Pacto reconocen el derecho de toda persona a participar en la vida cultural.<\/p>\n<p class=\"Estilo2\" align=\"justify\">Sin embargo, es necesario seguir avanzando en la materia y considerar aspectos como la falta de educaci\u00f3n integral y de respeto a la permanencia de la diversidad cultural, as\u00ed como la existencia de monopolios, la deficiencia estructural y la escasa oferta cultural en algunas regiones del pa\u00eds, que no s\u00f3lo hacen complicada la participaci\u00f3n de la poblaci\u00f3n en general, sino tambi\u00e9n del artista o creativo en la b\u00fasqueda de espacios y desarrollo econ\u00f3mico, social y cultural.<\/p>\n<p>[\/vc_column_text][\/vc_column][\/vc_row]<\/p>\n","protected":false},"excerpt":{"rendered":"[vc_row][vc_column width=\u00bb1\/4&#8243;][vc_wp_custommenu nav_menu=\u00bb39&#8243;][\/vc_column][vc_column width=\u00bb3\/4&#8243;][vc_column_text] EL DERECHO A LAS CULTURAS Presentaci\u00f3n del Centro Lindavista Secretaria de Relaciones Exteriores Sala Jos\u00e9 Mar\u00eda Morelos y Pav\u00f3n 19 de septiembre de 2008 Como lo ha se\u00f1alado Charles Taylor, en un mundo multicultural el eje central de la disputa social y cultural es la lucha por el reconocimiento de uno, &#8230;","protected":false},"author":1,"featured_media":0,"parent":0,"menu_order":0,"comment_status":"closed","ping_status":"closed","template":"","meta":{"footnotes":""},"class_list":["post-3094","page","type-page","status-publish","hentry"],"_links":{"self":[{"href":"http:\/\/centrolindavista.org.mx\/index.php?rest_route=\/wp\/v2\/pages\/3094","targetHints":{"allow":["GET"]}}],"collection":[{"href":"http:\/\/centrolindavista.org.mx\/index.php?rest_route=\/wp\/v2\/pages"}],"about":[{"href":"http:\/\/centrolindavista.org.mx\/index.php?rest_route=\/wp\/v2\/types\/page"}],"author":[{"embeddable":true,"href":"http:\/\/centrolindavista.org.mx\/index.php?rest_route=\/wp\/v2\/users\/1"}],"replies":[{"embeddable":true,"href":"http:\/\/centrolindavista.org.mx\/index.php?rest_route=%2Fwp%2Fv2%2Fcomments&post=3094"}],"version-history":[{"count":5,"href":"http:\/\/centrolindavista.org.mx\/index.php?rest_route=\/wp\/v2\/pages\/3094\/revisions"}],"predecessor-version":[{"id":3508,"href":"http:\/\/centrolindavista.org.mx\/index.php?rest_route=\/wp\/v2\/pages\/3094\/revisions\/3508"}],"wp:attachment":[{"href":"http:\/\/centrolindavista.org.mx\/index.php?rest_route=%2Fwp%2Fv2%2Fmedia&parent=3094"}],"curies":[{"name":"wp","href":"https:\/\/api.w.org\/{rel}","templated":true}]}}