{"id":3089,"date":"2022-02-02T23:46:22","date_gmt":"2022-02-02T23:46:22","guid":{"rendered":"http:\/\/centrolindavista.org.mx\/?page_id=3089"},"modified":"2022-02-02T23:48:16","modified_gmt":"2022-02-02T23:48:16","slug":"resultados","status":"publish","type":"page","link":"http:\/\/centrolindavista.org.mx\/?page_id=3089","title":{"rendered":"Resultados"},"content":{"rendered":"<p>[vc_row][vc_column width=\u00bb1\/4&#8243;][vc_wp_custommenu nav_menu=\u00bb39&#8243;][\/vc_column][vc_column width=\u00bb3\/4&#8243;]<div class=\"grop-section_text   grop-heading-69d615628ee9a   vc_custom_1643845524378 text-left\"><div class=\"text-uppercase grop-sctn_title_fntSz-30   grop-heading-69d615628ee9a  text-left\">Resultados<\/div><\/div>[vc_column_text]<\/p>\n<p class=\"Estilo9\" align=\"justify\"><strong>A nivel general<\/strong><\/p>\n<ul>\n<li>\n<div align=\"justify\">Se han conjuntado personas y organizaciones preocupadas por la formaci\u00f3n de la \u00e9tica social y por la conformaci\u00f3n de un buen gobierno.<\/div>\n<\/li>\n<li>\n<div align=\"justify\">Se han abierto espacios para la participaci\u00f3n ciudadana en las decisiones \u00e9ticas de sus gobernantes.<\/div>\n<\/li>\n<li>\n<div align=\"justify\">Se ha motivado a los nuevos gobernantes en los temas de las decisiones \u00e9ticas y por la pr\u00e1ctica del bien com\u00fan.<\/div>\n<\/li>\n<li>\n<div align=\"justify\">T\u00e9cnicamente se han hecho presente en la sociedad mexicana y en el \u00a0gobierno en turno los avances que en \u00e9tica pol\u00edtica, negociaci\u00f3n y resoluci\u00f3n de conflictos han aportado los especialistas internacionales.<\/div>\n<\/li>\n<li>\n<div align=\"justify\">Se han iniciado los procesos para la conformaci\u00f3n de una sociedad m\u00e1s comprometida que vea en los valores \u00e9ticos un sustento para las decisiones pol\u00edticas.<\/div>\n<\/li>\n<\/ul>\n<p class=\"Estilo9\" align=\"justify\"><strong>A nivel particular:<\/strong><\/p>\n<div align=\"justify\">\n<ul>\n<li>Los cursos, seminarios y encuentros; han resultado ser un veh\u00edculo muy eficaz para la promoci\u00f3n de los valores \u00e9ticos aplicados al buen gobierno. Sin embargo, hace falta abarcar mayores grupos y mayores zonas geogr\u00e1ficas.<\/li>\n<li>Las publicaciones de apoyo han abierto muchos caminos\u00a0 (en ocasiones in\u00e9ditos para M\u00e9xico), en la preparaci\u00f3n ciudadana y en la preparaci\u00f3n de las y los gobernantes. Hace falta el poder ofrecer nuevos t\u00edtulos y promocionar los ya existentes.<\/li>\n<\/ul>\n<p>La publicaci\u00f3n Civilitas obtuvo gran penetraci\u00f3n e influencia entre los sectores de toma de decisiones y se consolida como un instrumento \u201ctronco\u201d para la promoci\u00f3n de proyectos a favor de la \u00c9tica Civil y Buen Gobierno. Al ser limitada su difusi\u00f3n, no fue posible llegar a todos los Estados de la rep\u00fablica por falta de recursos.<\/p>\n<\/div>\n<p>[\/vc_column_text][\/vc_column][\/vc_row]<\/p>\n","protected":false},"excerpt":{"rendered":"[vc_row][vc_column width=\u00bb1\/4&#8243;][vc_wp_custommenu nav_menu=\u00bb39&#8243;][\/vc_column][vc_column width=\u00bb3\/4&#8243;][vc_column_text] A nivel general Se han conjuntado personas y organizaciones preocupadas por la formaci\u00f3n de la \u00e9tica social y por la conformaci\u00f3n de un buen gobierno. Se han abierto espacios para la participaci\u00f3n ciudadana en las decisiones \u00e9ticas de sus gobernantes. Se ha motivado a los nuevos gobernantes en los temas de &#8230;","protected":false},"author":1,"featured_media":0,"parent":0,"menu_order":0,"comment_status":"closed","ping_status":"closed","template":"","meta":{"footnotes":""},"class_list":["post-3089","page","type-page","status-publish","hentry"],"_links":{"self":[{"href":"http:\/\/centrolindavista.org.mx\/index.php?rest_route=\/wp\/v2\/pages\/3089","targetHints":{"allow":["GET"]}}],"collection":[{"href":"http:\/\/centrolindavista.org.mx\/index.php?rest_route=\/wp\/v2\/pages"}],"about":[{"href":"http:\/\/centrolindavista.org.mx\/index.php?rest_route=\/wp\/v2\/types\/page"}],"author":[{"embeddable":true,"href":"http:\/\/centrolindavista.org.mx\/index.php?rest_route=\/wp\/v2\/users\/1"}],"replies":[{"embeddable":true,"href":"http:\/\/centrolindavista.org.mx\/index.php?rest_route=%2Fwp%2Fv2%2Fcomments&post=3089"}],"version-history":[{"count":2,"href":"http:\/\/centrolindavista.org.mx\/index.php?rest_route=\/wp\/v2\/pages\/3089\/revisions"}],"predecessor-version":[{"id":3093,"href":"http:\/\/centrolindavista.org.mx\/index.php?rest_route=\/wp\/v2\/pages\/3089\/revisions\/3093"}],"wp:attachment":[{"href":"http:\/\/centrolindavista.org.mx\/index.php?rest_route=%2Fwp%2Fv2%2Fmedia&parent=3089"}],"curies":[{"name":"wp","href":"https:\/\/api.w.org\/{rel}","templated":true}]}}