{"id":3086,"date":"2022-02-01T23:57:50","date_gmt":"2022-02-01T23:57:50","guid":{"rendered":"http:\/\/centrolindavista.org.mx\/?page_id=3086"},"modified":"2022-03-08T17:19:46","modified_gmt":"2022-03-08T23:19:46","slug":"actividades-realizadas","status":"publish","type":"page","link":"http:\/\/centrolindavista.org.mx\/?page_id=3086","title":{"rendered":"Actividades realizadas"},"content":{"rendered":"<p>[vc_row][vc_column width=\u00bb1\/4&#8243;][vc_wp_custommenu nav_menu=\u00bb39&#8243;][\/vc_column][vc_column width=\u00bb3\/4&#8243;]<div class=\"grop-section_text   grop-heading-69d614a20e738   vc_custom_1643759863864 text-left\"><div class=\"text-uppercase grop-sctn_title_fntSz-30   grop-heading-69d614a20e738  text-left\">Actividades realizadas<\/div><\/div>[vc_column_text]<\/p>\n<p class=\"Estilo2\" align=\"justify\"><strong>Apoyo a la Investigaci\u00f3n sobre M\u00e9xico 2010 y 2025.<\/strong><\/p>\n<p>Animados por conjuntar las iniciativas de \u00c9tica y Buen Gobierno, se particip\u00f3 en la iniciativa del Centro de Estudios Estrat\u00e9gicos, en elaborar las prospectivas del\u00a0<a href=\"http:\/\/centrolindavista.org.mx\/obras-del-centro-de-estudios-estrategicos-nacionales\/\"><strong>M\u00e9xico 2010 Pensar y decidir la pr\u00f3xima d\u00e9cada y su continuidad M\u00e9xico hacia el 2025<\/strong>.<\/a> Estos estudios tienen un car\u00e1cter multidisciplinario y han sido muy bien aceptados entre los l\u00edderes de opini\u00f3n.<\/p>\n<p class=\"Estilo4\" align=\"justify\"><strong>Reuni\u00f3n sobre \u00c9tica del Desarrollo<\/strong><\/p>\n<p class=\"Estilo2\" align=\"justify\">Con el fin de conocer propuestas sobre los temas de \u00c9tica y Buen Gobierno, se invit\u00f3 al\u00a0<a href=\"http:\/\/www.centrolindavista.org.mx\/goulet.html\">Dr. Denis Goulet<\/a>\u00a0de la Universidad de Notre Dame, para conocer sus aportes m\u00e1s recientes sobre \u201c\u00c9tica del Desarrollo\u201d. Como el Prof. Goulet es tambi\u00e9n un estudioso sobre M\u00e9xico, la reuni\u00f3n fue muy motivante sobre caminos de buen gobierno tomando en cuenta los aspectos: \u00e9ticos, t\u00e9cnicos y pol\u00edticos.\u00a0 A este \u00e9ste evento tambi\u00e9n se invit\u00f3 a un nutrido grupo de l\u00edderes de opini\u00f3n.<\/p>\n<p class=\"Estilo1\" align=\"justify\"><strong>Enlace con Organismos Nacionales que comparten la finalidad de la promoci\u00f3n \u00c9tica y del Buen Gobierno.<\/strong><\/p>\n<p class=\"Estilo2\" align=\"justify\">Reconociendo la necesidad de sumar esfuerzos en las tareas sociales, se contact\u00f3 y\u00a0 se logr\u00f3 hacer equipo con varios organismos afines. Esto inici\u00f3 una red de instituciones interesadas en la \u00c9tica Civil y Buen Gobierno que acompa\u00f1a el tr\u00e1nsito que M\u00e9xico esta teniendo hacia la democracia.<\/p>\n<p class=\"Estilo1\" align=\"justify\"><strong>Edici\u00f3n de Civilitas (\u00c9tica, Pol\u00edtica y Ciudadan\u00eda).<\/strong><\/p>\n<p align=\"justify\">Por iniciativa de varios participantes en los eventos promovidos por Centro Lindavista, se inici\u00f3 la edici\u00f3n y publicaci\u00f3n del\u00a0<strong><a href=\"http:\/\/centrolindavista.org.mx\/boletin-civilitas\/\">Bolet\u00edn Civilitas<\/a><\/strong>, que tiene como objetivo \u201cel construir civilidad y compartir con sus lectores las experiencias y reflexiones de aquellos que est\u00e1n interesados en la construcci\u00f3n de una vida p\u00fablica basada en los principios \u00e9ticos\u201d. Se imprimen 2000 n\u00fameros por tiraje y su distribuci\u00f3n lleg\u00f3 a muchos lugares del interior de la Rep\u00fablica.<\/p>\n<p align=\"justify\">Civilitas fue bien recibida por gobernantes, magistrados, jerarcas religiosos; organismos civiles, parlamentarios, empresarios, estudiantes y de profesionistas en general, quienes valoran en \u00e9sta publicaci\u00f3n las reflexiones de apoyo a la \u00c9tica Civil y al Buen Gobierno.<\/p>\n<p class=\"Estilo1\" align=\"justify\"><strong>Promoci\u00f3n de \u00e9tica y cabildeo<\/strong><\/p>\n<p align=\"justify\">Asimismo se organizaron tres reuniones entre candidatos a diputados (junio 2003), diputados electos (julio y agosto de 2003) de los tres principales partidos pol\u00edticos con el fin de tender puentes entre ellos para construir pol\u00edticas p\u00fablicas comunes.<\/p>\n<div align=\"justify\">En particular el fen\u00f3meno del cabildeo ha empezado a desarrollarse en nuestro pa\u00eds b\u00e1sicamente a ra\u00edz del nuevo equilibrio pol\u00edtico derivado de las elecciones federales de 1997, el cual condujo a una nueva composici\u00f3n de la C\u00e1mara de Diputados. Ante ello el Centro Lindavista ha promovido el di\u00e1logo e investigaci\u00f3n sobre el fen\u00f3meno y realizado la traducci\u00f3n del libro ca\u00a0<strong><a href=\"http:\/\/centrolindavista.org.mx\/wp-content\/uploads\/2022\/03\/LIBRO-ETICA-DEL-CABILDEO-15-05-2008.pdf\">\u201c\u00c9tica <\/a><\/strong><a href=\"http:\/\/centrolindavista.org.mx\/wp-content\/uploads\/2022\/03\/LIBRO-ETICA-DEL-CABILDEO-15-05-2008.pdf\"><strong>del Cabildeo\u201d<\/strong><\/a>. Creemos que el cabildeo representa tanto una oportunidad como un reto: oportunidad de organizar consensos sociales y reto a una vida p\u00fablica regida por la \u00e9tica. El libro producido por la Universidad de Georgetown, presenta un experimento sobre la creaci\u00f3n de una \u00e9tica a partir de las experiencias y aportaciones de la pr\u00e1ctica real del cabildeo.<\/div>\n<p>[\/vc_column_text][\/vc_column][\/vc_row]<\/p>\n","protected":false},"excerpt":{"rendered":"[vc_row][vc_column width=\u00bb1\/4&#8243;][vc_wp_custommenu nav_menu=\u00bb39&#8243;][\/vc_column][vc_column width=\u00bb3\/4&#8243;][vc_column_text] Apoyo a la Investigaci\u00f3n sobre M\u00e9xico 2010 y 2025. Animados por conjuntar las iniciativas de \u00c9tica y Buen Gobierno, se particip\u00f3 en la iniciativa del Centro de Estudios Estrat\u00e9gicos, en elaborar las prospectivas del\u00a0M\u00e9xico 2010 Pensar y decidir la pr\u00f3xima d\u00e9cada y su continuidad M\u00e9xico hacia el 2025. Estos estudios tienen &#8230;","protected":false},"author":1,"featured_media":0,"parent":0,"menu_order":0,"comment_status":"closed","ping_status":"closed","template":"","meta":{"footnotes":""},"class_list":["post-3086","page","type-page","status-publish","hentry"],"_links":{"self":[{"href":"http:\/\/centrolindavista.org.mx\/index.php?rest_route=\/wp\/v2\/pages\/3086","targetHints":{"allow":["GET"]}}],"collection":[{"href":"http:\/\/centrolindavista.org.mx\/index.php?rest_route=\/wp\/v2\/pages"}],"about":[{"href":"http:\/\/centrolindavista.org.mx\/index.php?rest_route=\/wp\/v2\/types\/page"}],"author":[{"embeddable":true,"href":"http:\/\/centrolindavista.org.mx\/index.php?rest_route=\/wp\/v2\/users\/1"}],"replies":[{"embeddable":true,"href":"http:\/\/centrolindavista.org.mx\/index.php?rest_route=%2Fwp%2Fv2%2Fcomments&post=3086"}],"version-history":[{"count":5,"href":"http:\/\/centrolindavista.org.mx\/index.php?rest_route=\/wp\/v2\/pages\/3086\/revisions"}],"predecessor-version":[{"id":3596,"href":"http:\/\/centrolindavista.org.mx\/index.php?rest_route=\/wp\/v2\/pages\/3086\/revisions\/3596"}],"wp:attachment":[{"href":"http:\/\/centrolindavista.org.mx\/index.php?rest_route=%2Fwp%2Fv2%2Fmedia&parent=3086"}],"curies":[{"name":"wp","href":"https:\/\/api.w.org\/{rel}","templated":true}]}}