{"id":3079,"date":"2022-02-01T22:42:11","date_gmt":"2022-02-01T22:42:11","guid":{"rendered":"http:\/\/centrolindavista.org.mx\/?page_id=3079"},"modified":"2022-02-01T23:04:45","modified_gmt":"2022-02-01T23:04:45","slug":"ambitos-y-lineas-de-accion","status":"publish","type":"page","link":"http:\/\/centrolindavista.org.mx\/?page_id=3079","title":{"rendered":"\u00c1mbitos y l\u00edneas de acci\u00f3n"},"content":{"rendered":"<p>[vc_row][vc_column width=\u00bb1\/4&#8243;][vc_wp_custommenu nav_menu=\u00bb39&#8243;][\/vc_column][vc_column width=\u00bb3\/4&#8243;]<div class=\"grop-section_text   grop-heading-69d8b47dd8e4a   vc_custom_1643755388772 text-left\"><div class=\"text-uppercase grop-sctn_title_fntSz-30   grop-heading-69d8b47dd8e4a  text-left\">\u00c1mbitos y l\u00edneas de acci\u00f3n<\/div><\/div>[vc_column_text]<\/p>\n<p align=\"justify\"><strong>\u00c1mbitos<\/strong><\/p>\n<p>Podemos mencionar tres \u00e1mbitos en los que se requiere analizar el efecto de las decisiones:<\/p>\n<div align=\"justify\">\n<ul type=\"disc\">\n<li>Macro: construir la sociedad.<\/li>\n<li>Meso: construir las instituciones.<\/li>\n<li>Micro: la vida personal en el \u00e1mbito p\u00fablico y las decisiones sobre la vida personal.<\/li>\n<\/ul>\n<\/div>\n<p align=\"justify\">Parece generalizarse la convicci\u00f3n de que \u00abtodo proyecto pol\u00edtico empieza con la vida personal congruente, y por lo tanto dirigida por la conciencia&#8230;\u00bb.<\/p>\n<p align=\"justify\">Pero a todo esto, entendemos por \u00e1mbitos de la conciencia de las decisiones aquello que:<\/p>\n<div align=\"justify\">\n<ul type=\"disc\">\n<li>Trata sobre aspectos institucionales que permitan estructurar a nivel sectorial, tem\u00e1tico o local la vida en sociedad<\/li>\n<li>Que crean \u201carquitectura\u201d, estructuran las relaciones grupales o personales<\/li>\n<li>Que deben dar un sentido de marcha a la sociedad.<\/li>\n<\/ul>\n<\/div>\n<p align=\"justify\">Que contribuyen a descubrir los mecanismos de participaci\u00f3n, gracias a los cuales nuestra sociedad podr\u00e1 resolver sus problemas.<\/p>\n<p><strong><span class=\"Estilo13\">L\u00edneas de Acci\u00f3n<\/span><\/strong><\/p>\n<p align=\"justify\">Impulsar una cultura de comportamiento \u00e9tico en la vida p\u00fablica, en particular\u00a0 en el quehacer legislativo y en el trabajo inter partidista.<\/p>\n<div align=\"justify\">Impulsar el di\u00e1logo entre las y los diferentes actores pol\u00edticos y sociales para lograr \u00a0la vinculaci\u00f3n entre \u00e9tica y pol\u00edtica que lleve en el proceso pol\u00edtico mexicano a avances en la transformaci\u00f3n humanista de este r\u00e9gimen, la consolidaci\u00f3n de la democracia, el\u00a0<a href=\"file:\/\/\/F:\/la%20web%20CL\/archivos_index\/dialogo.html\">di\u00e1logo social<\/a>\u00a0e intercultural, la promoci\u00f3n de la justicia, y los derechos humanos.<\/div>\n<p>[\/vc_column_text][\/vc_column][\/vc_row]<\/p>\n","protected":false},"excerpt":{"rendered":"[vc_row][vc_column width=\u00bb1\/4&#8243;][vc_wp_custommenu nav_menu=\u00bb39&#8243;][\/vc_column][vc_column width=\u00bb3\/4&#8243;][vc_column_text] \u00c1mbitos Podemos mencionar tres \u00e1mbitos en los que se requiere analizar el efecto de las decisiones: Macro: construir la sociedad. Meso: construir las instituciones. Micro: la vida personal en el \u00e1mbito p\u00fablico y las decisiones sobre la vida personal. Parece generalizarse la convicci\u00f3n de que \u00abtodo proyecto pol\u00edtico empieza con la &#8230;","protected":false},"author":1,"featured_media":0,"parent":0,"menu_order":0,"comment_status":"closed","ping_status":"closed","template":"","meta":{"footnotes":""},"class_list":["post-3079","page","type-page","status-publish","hentry"],"_links":{"self":[{"href":"http:\/\/centrolindavista.org.mx\/index.php?rest_route=\/wp\/v2\/pages\/3079","targetHints":{"allow":["GET"]}}],"collection":[{"href":"http:\/\/centrolindavista.org.mx\/index.php?rest_route=\/wp\/v2\/pages"}],"about":[{"href":"http:\/\/centrolindavista.org.mx\/index.php?rest_route=\/wp\/v2\/types\/page"}],"author":[{"embeddable":true,"href":"http:\/\/centrolindavista.org.mx\/index.php?rest_route=\/wp\/v2\/users\/1"}],"replies":[{"embeddable":true,"href":"http:\/\/centrolindavista.org.mx\/index.php?rest_route=%2Fwp%2Fv2%2Fcomments&post=3079"}],"version-history":[{"count":5,"href":"http:\/\/centrolindavista.org.mx\/index.php?rest_route=\/wp\/v2\/pages\/3079\/revisions"}],"predecessor-version":[{"id":3085,"href":"http:\/\/centrolindavista.org.mx\/index.php?rest_route=\/wp\/v2\/pages\/3079\/revisions\/3085"}],"wp:attachment":[{"href":"http:\/\/centrolindavista.org.mx\/index.php?rest_route=%2Fwp%2Fv2%2Fmedia&parent=3079"}],"curies":[{"name":"wp","href":"https:\/\/api.w.org\/{rel}","templated":true}]}}