{"id":3072,"date":"2022-01-28T20:45:22","date_gmt":"2022-01-28T20:45:22","guid":{"rendered":"http:\/\/centrolindavista.org.mx\/?page_id=3072"},"modified":"2022-01-28T20:45:22","modified_gmt":"2022-01-28T20:45:22","slug":"introduccion","status":"publish","type":"page","link":"http:\/\/centrolindavista.org.mx\/?page_id=3072","title":{"rendered":"Introducci\u00f3n"},"content":{"rendered":"<p>[vc_row][vc_column width=\u00bb1\/4&#8243;][vc_wp_custommenu nav_menu=\u00bb37&#8243;][\/vc_column][vc_column width=\u00bb3\/4&#8243;]<div class=\"grop-section_text   grop-heading-69d363b375a14   vc_custom_1643401764412 text-left\"><div class=\"text-uppercase grop-sctn_title_fntSz-30   grop-heading-69d363b375a14  text-left\">Introducci\u00f3n<\/div><\/div>[vc_column_text]<\/p>\n<p style=\"font-weight: 400;\">En 2009 M\u00e9xico fue sede de dicha conferencia con el t\u00edtulo\u00a0<em>\u201c\u00a1Desarme Ahora! Trabajemos por la Paz y el Desarrollo\u201d<\/em>, siendo esta su edici\u00f3n n\u00famero 62 con los temas de paz, desarme y desarrollo.<\/p>\n<p style=\"font-weight: 400;\">El Departamento de Informaci\u00f3n P\u00fablica para Organizaciones No Gubernamentales de Naciones Unidas, DPI\/NGO, tiene como objetivo ser enlace entre las organizaciones de la sociedad civil y las Naciones Unidas. Entre sus actividades se encuentra el realizar seminarios de comunicaci\u00f3n, programas de orientaci\u00f3n para nuevas organizaciones asociadas a este departamento, y una conferencia anual para Organizaciones No Gubernamentales.<\/p>\n<p style=\"font-weight: 400;\">Buscando un mayor acercamiento entre Naciones Unidas y las organizaciones de la sociedad civil esta reuni\u00f3n se llev\u00f3 a cabo por segunda vez fuera de Nueva York, y fue la primera en la que colaboraron tanto un Comit\u00e9 de Planeaci\u00f3n con origen en el DIP\/ONG, como uno local, en este caso constituido por distintas organizaciones mexicanas.<\/p>\n<p style=\"font-weight: 400;\">Dentro de este proceso, organizaciones de la sociedad civil mexicana, en conjunto con el DIP\/ONG se dieron a la tarea de seleccionar expertos en las materias previamente mencionadas, as\u00ed como organizaciones con una amplia experiencia de trabajo en estos temas para ofrecer talleres e intercambiar experiencias.<\/p>\n<p style=\"font-weight: 400;\">Entre los principales logros para la sociedad civil global en este encuentro anual fue el que su voz se llevara al seno de Naciones Unidas en temas tan complejos como la paz y el desarme; esto gracias a los cambios en la pol\u00edtica internacional relacionados a los acuerdos y tratados sobre desarme nuclear y de armas peque\u00f1as y ligeras, as\u00ed como los avances en el Consejo de Seguridad para avalar estos procesos.<\/p>\n<p style=\"font-weight: 400;\">Durante la conferencia participaron alrededor de 1000 personas y se permiti\u00f3 el acceso a las actividades a organizaciones que no tuvieran acreditaci\u00f3n del DIP\/ONG. Como parte del grupo de ponentes se encontraba el Secretario General de Naciones Unidas,\u00a0\u00a0<a href=\"http:\/\/en.wikipedia.org\/wiki\/Ban_Ki-moon\">Ban Ki-moon<\/a>; la Premio Noble de la Paz,\u00a0<a href=\"http:\/\/en.wikipedia.org\/wiki\/Jody_Williams\">Jody Williams<\/a>; el Embajador Mexicano\u00a0<a href=\"http:\/\/es.wikipedia.org\/wiki\/Miguel_Mar%C3%ADn_Bosch\">Miguel Mar\u00edn Bosch<\/a>; el Alcalde de Hiroshima,\u00a0<a href=\"http:\/\/en.wikipedia.org\/wiki\/Tadatoshi_Akiba\">Tadatoshi Akiba<\/a>, y el abogado costarricense\u00a0<a href=\"http:\/\/www.youtube.com\/watch?v=w7Yx-U6aqBg\">Roberto Zamora<\/a>, entre muchas otras personas expertas en los temas desarrollados en la conferencia.<\/p>\n<p style=\"font-weight: 400;\">Para mayor informaci\u00f3n sobre la acreditaci\u00f3n y participaci\u00f3n con este Departamento consulte\u00a0 DIP\/ONG<\/p>\n<p style=\"font-weight: 400;\"><a href=\"http:\/\/www.un.org\/dpi\/ngosection\/index.asp\">http:\/\/www.un.org\/dpi\/ngosection\/index.asp<\/a><\/p>\n<p>[\/vc_column_text][\/vc_column][\/vc_row]<\/p>\n","protected":false},"excerpt":{"rendered":"[vc_row][vc_column width=\u00bb1\/4&#8243;][vc_wp_custommenu nav_menu=\u00bb37&#8243;][\/vc_column][vc_column width=\u00bb3\/4&#8243;][vc_column_text] En 2009 M\u00e9xico fue sede de dicha conferencia con el t\u00edtulo\u00a0\u201c\u00a1Desarme Ahora! Trabajemos por la Paz y el Desarrollo\u201d, siendo esta su edici\u00f3n n\u00famero 62 con los temas de paz, desarme y desarrollo. El Departamento de Informaci\u00f3n P\u00fablica para Organizaciones No Gubernamentales de Naciones Unidas, DPI\/NGO, tiene como objetivo ser enlace &#8230;","protected":false},"author":1,"featured_media":0,"parent":0,"menu_order":0,"comment_status":"closed","ping_status":"closed","template":"","meta":{"footnotes":""},"class_list":["post-3072","page","type-page","status-publish","hentry"],"_links":{"self":[{"href":"http:\/\/centrolindavista.org.mx\/index.php?rest_route=\/wp\/v2\/pages\/3072","targetHints":{"allow":["GET"]}}],"collection":[{"href":"http:\/\/centrolindavista.org.mx\/index.php?rest_route=\/wp\/v2\/pages"}],"about":[{"href":"http:\/\/centrolindavista.org.mx\/index.php?rest_route=\/wp\/v2\/types\/page"}],"author":[{"embeddable":true,"href":"http:\/\/centrolindavista.org.mx\/index.php?rest_route=\/wp\/v2\/users\/1"}],"replies":[{"embeddable":true,"href":"http:\/\/centrolindavista.org.mx\/index.php?rest_route=%2Fwp%2Fv2%2Fcomments&post=3072"}],"version-history":[{"count":1,"href":"http:\/\/centrolindavista.org.mx\/index.php?rest_route=\/wp\/v2\/pages\/3072\/revisions"}],"predecessor-version":[{"id":3073,"href":"http:\/\/centrolindavista.org.mx\/index.php?rest_route=\/wp\/v2\/pages\/3072\/revisions\/3073"}],"wp:attachment":[{"href":"http:\/\/centrolindavista.org.mx\/index.php?rest_route=%2Fwp%2Fv2%2Fmedia&parent=3072"}],"curies":[{"name":"wp","href":"https:\/\/api.w.org\/{rel}","templated":true}]}}