{"id":3054,"date":"2022-01-28T18:44:40","date_gmt":"2022-01-28T18:44:40","guid":{"rendered":"http:\/\/centrolindavista.org.mx\/?page_id=3054"},"modified":"2022-03-16T14:09:33","modified_gmt":"2022-03-16T20:09:33","slug":"prevencion-de-recursos-hidricos-agua","status":"publish","type":"page","link":"http:\/\/centrolindavista.org.mx\/?page_id=3054","title":{"rendered":"Prevenci\u00f3n de conflictos en recursos h\u00eddricos"},"content":{"rendered":"<p>[vc_row][vc_column width=\u00bb1\/4&#8243;][vc_wp_custommenu nav_menu=\u00bb37&#8243;][\/vc_column][vc_column width=\u00bb3\/4&#8243;]<div class=\"grop-section_text   grop-heading-69d3621bf02b5   vc_custom_1647461208876 text-left\"><div class=\"text-uppercase grop-sctn_title_fntSz-30   grop-heading-69d3621bf02b5  text-left\">Prevenci\u00f3n de conflictos en recursos h\u00eddricos <\/div><\/div>[vc_column_text]<\/p>\n<p class=\"Estilo11\" align=\"justify\">El Centro Lindavista en su preocupaci\u00f3n por el derecho humano al agua tanto en M\u00e9xico como en Am\u00e9rica Latina se ha vinculado con instituciones acad\u00e9micas y organismos multilaterales que impulsan procesos de resoluci\u00f3n no violenta de conflictos,\u00a0 investigaci\u00f3n y an\u00e1lisis en torno a instrumentos que \u00a0puedan ser implementados frente a la latente conflictividad en torno a este recurso.<\/p>\n<p class=\"Estilo11\" align=\"justify\">De estas colaboraciones se presentan las siguientes iniciativas:<\/p>\n<ul type=\"disc\">\n<li class=\"Estilo11\">Proyecto Potential Confilct to Cooperation Potential for Latin America and the Caribbean, PPC-LAC<\/li>\n<li class=\"Estilo11\">Encuentro para el rescate de la Cuenca Lerma Chapala Santiago: Desarrollo Integral y Bien Com\u00fan.<\/li>\n<\/ul>\n<p class=\"Estilo10\" align=\"justify\"><strong><span class=\"Estilo12\">Proyecto\u00a0<em>Potencial Conflict to Cooperation Potencial for Latin American and the Caribbean<\/em>, PCCP-LAC<\/span><\/strong><\/p>\n<table border=\"0\" width=\"100%\" cellspacing=\"10\" cellpadding=\"0\">\n<tbody>\n<tr>\n<td>\n<p class=\"Estilo16\" align=\"justify\"><strong>La interacci\u00f3n con Acad\u00e9micos de Universidades tanto nacionales como extranjeras<\/strong><\/p>\n<p class=\"Estilo11\" align=\"justify\">En el a\u00f1o 2006 el Centro Lindavista colabor\u00f3 con Potencial Conflict to Cooperation Potencial for Latin American and the Caribbean, PCCP-LAC en un proyecto a nivel global que desarrolla herramientas para la cooperaci\u00f3n y prevenci\u00f3n de conflictos por agua en interacci\u00f3n con acad\u00e9micos de universidades tanto de M\u00e9xico como del extranjero.<\/p>\n<p class=\"Estilo11\" align=\"justify\">En el caso de Am\u00e9rica Latina y el Caribe el proyecto est\u00e1 enfocado al desarrollo de material educativo y estudios de caso que permitan incidir entre los grupos sociales e instituciones gubernamentales involucrados en este tipo de conflictos, al tiempo que se promueva la creaci\u00f3n de programas de estudios y\/o especialidades en institutos y universidades de la regi\u00f3n.<\/p>\n<p class=\"Estilo11\">Algunas de estas instituciones son:<\/p>\n<ul class=\"Estilo11\" type=\"disc\">\n<li>Division of Waters Sciences, UNESCO, Par\u00eds, Francia<\/li>\n<li>Facultad de Ingenier\u00eda, Universidad de la Rep\u00fablica, Montevideo, Uruguay<\/li>\n<li>Facultad de Ingenier\u00eda Mec\u00e1nica y Ciencias de la Producci\u00f3n (ESPOL), Guayaquil, Ecuador<\/li>\n<li>Institute for Water Education, UNESCO, Holanda<\/li>\n<li>Instituto de Geograf\u00eda, Universidad de Buenos Aires, Argentina<\/li>\n<li>Programa Acad\u00e9mico Resoluci\u00f3n de Conflictos y Negociaci\u00f3n, CEIICH,\u00a0 UNAM<\/li>\n<li>Programa de Ciencias Sociales y Humanas, UNESCO, Montevideo, Uruguay<\/li>\n<li>Programa Hidrol\u00f3gico Internacional, UNESCO, Montevideo, Uruguay<\/li>\n<li>Universidad Cat\u00f3lica Andr\u00e9s Bello Montalb\u00e1n, Caracas, Venezuela<\/li>\n<\/ul>\n<p class=\"Estilo11\">Como resultado de esta colaboraci\u00f3n se realizaron las siguientes publicaciones.<\/p>\n<p class=\"Estilo11\"><span class=\"Estilo7\"><strong>Libro de lectura<\/strong><\/span><br \/>\n<span style=\"color: #808080;\"><a style=\"color: #808080;\" href=\"http:\/\/www.unesco.org.uy\/phi\/pccp\/Publicaciones\/LibroLectura\/\">http:\/\/www.unesco.org.uy\/phi\/pccp\/Publicaciones\/LibroLectura\/<\/a><\/span><\/p>\n<p><span class=\"Estilo15\"><span class=\"Estilo7\">Para mayor informaci\u00f3n consulte:<\/span><br \/>\n<\/span><span class=\"Estilo11\">Proyecto PCCP de la UNESCO para Am\u00e9rica Latina y el Caribe<\/span><\/td>\n<\/tr>\n<\/tbody>\n<\/table>\n<p>[\/vc_column_text][vc_single_image image=\u00bb3055&#8243; img_size=\u00bbfull\u00bb onclick=\u00bbcustom_link\u00bb link=\u00bbhttps:\/\/es.unesco.org\/fieldoffice\/montevideo\u00bb][vc_column_text]<strong><span class=\"Estilo6\"><span class=\"Estilo10\">Encuentro para el Rescate de la Cuenca Lerma Chapala Santiago: Desarrollo Integral y Bien Com\u00fan<\/span><\/span><\/strong><\/p>\n<table border=\"0\" width=\"100%\" cellspacing=\"10\" cellpadding=\"0\">\n<tbody>\n<tr>\n<td valign=\"top\">\n<p class=\"Estilo9\" align=\"justify\">Esta iniciativa de organizaciones acad\u00e9micas y de la sociedad civil tuvo su origen a finales de 2003 impulsada por \u00a0personas con experiencia en la planeaci\u00f3n participativa y en la resoluci\u00f3n de conflictos, con el objetivo de generar un espacio de reflexi\u00f3n conjunta sobre una visi\u00f3n com\u00fan de la Regi\u00f3n Centro Occidente y la Cuenca Lerma-Chapala-Santiago, para que en di\u00e1logo se contribuya a su desarrollo integral y bien com\u00fan.<\/p>\n<p class=\"Estilo16\" align=\"justify\"><strong>Objetivos:<\/strong><\/p>\n<ul class=\"Estilo6\">\n<li class=\"Estilo11\">\n<div align=\"justify\">Promover el intercambio de experiencias sobre formas de prevenir y de resolver los conflictos, en especial en M\u00e9xico, a niveles\u00a0<em>meso-regionales y micro-regionales e inter-nacionales<\/em>.<\/div>\n<\/li>\n<li class=\"Estilo11\">\n<div align=\"justify\">Promover el di\u00e1logo entre actores pol\u00edticos, productivos, sociales y acad\u00e9micos sobre sus aportaciones a casos concretos de conflictos del agua.<\/div>\n<\/li>\n<li class=\"Estilo11\">\n<div align=\"justify\">Emitir sugerencias para que los actores puedan organizar sus intervenciones y actividades de manera tal que se reduzca la posibilidad de conflicto en el futuro.<\/div>\n<\/li>\n<li class=\"Estilo11\">\n<div align=\"justify\">Generar grupos que puedan intervenir en planeaci\u00f3n y resoluci\u00f3n de conflictos con conocimiento de causa y elementos para su resoluci\u00f3n.<\/div>\n<\/li>\n<li class=\"Estilo11\">\n<div align=\"justify\">Asegurar que el agua como elemento esencial para el desarrollo integral de la Regi\u00f3n Centro Occidente, se encuentre a disposici\u00f3n de la poblaci\u00f3n y de todos sus procesos productivos.<\/div>\n<\/li>\n<\/ul>\n<p class=\"Estilo16\" align=\"justify\"><strong>El Comit\u00e9 Organizador fue conformado por:<\/strong><\/p>\n<ul class=\"Estilo6\">\n<li class=\"Estilo11\">Instituciones acad\u00e9micas y civiles<\/li>\n<li class=\"Estilo11\">Programa Acad\u00e9mico de Prevenci\u00f3n de Conflictos y Negociaci\u00f3n (PAPCN) del Centro de Investigaciones Interdisciplinarias en Ciencias y Humanidades (CEIICH) de la UNAM<\/li>\n<li class=\"Estilo11\">Centro Lindavista<\/li>\n<li class=\"Estilo11\">Centro Mexicano de An\u00e1lisis Estrat\u00e9gicos y Negociaci\u00f3n<\/li>\n<li class=\"Estilo11\">Centro de Estudios Estrat\u00e9gicos Nacionales<\/li>\n<li class=\"Estilo11\">ITESO,(Jalisco)<br \/>\nUniversidad Iberoamericana-Campus Le\u00f3n<\/li>\n<\/ul>\n<p class=\"Estilo7\"><strong>Experiencias:<\/strong><\/p>\n<div class=\"Estilo11\" align=\"justify\">\n<p><span class=\"Estilo6\"><a href=\"http:\/\/www.centrolindavista.org.mx\/agua_taller1.html\">Talleres de Actores por el Rescate de la Cuenca Lerma Chapala Santiago<\/a><\/span><\/p>\n<p><a href=\"http:\/\/www.centrolindavista.org.mx\/agua_conferencias.html\">Conferencias \u201cAgua: experiencias internacionales en resoluci\u00f3n de conflictos en sistemas federales\u00bb<\/a><\/p>\n<\/div>\n<\/td>\n<\/tr>\n<\/tbody>\n<\/table>\n<p>[\/vc_column_text][\/vc_column][\/vc_row]<\/p>\n","protected":false},"excerpt":{"rendered":"[vc_row][vc_column width=\u00bb1\/4&#8243;][vc_wp_custommenu nav_menu=\u00bb37&#8243;][\/vc_column][vc_column width=\u00bb3\/4&#8243;][vc_column_text] El Centro Lindavista en su preocupaci\u00f3n por el derecho humano al agua tanto en M\u00e9xico como en Am\u00e9rica Latina se ha vinculado con instituciones acad\u00e9micas y organismos multilaterales que impulsan procesos de resoluci\u00f3n no violenta de conflictos,\u00a0 investigaci\u00f3n y an\u00e1lisis en torno a instrumentos que \u00a0puedan ser implementados frente a la &#8230;","protected":false},"author":1,"featured_media":0,"parent":0,"menu_order":0,"comment_status":"closed","ping_status":"closed","template":"","meta":{"footnotes":""},"class_list":["post-3054","page","type-page","status-publish","hentry"],"_links":{"self":[{"href":"http:\/\/centrolindavista.org.mx\/index.php?rest_route=\/wp\/v2\/pages\/3054","targetHints":{"allow":["GET"]}}],"collection":[{"href":"http:\/\/centrolindavista.org.mx\/index.php?rest_route=\/wp\/v2\/pages"}],"about":[{"href":"http:\/\/centrolindavista.org.mx\/index.php?rest_route=\/wp\/v2\/types\/page"}],"author":[{"embeddable":true,"href":"http:\/\/centrolindavista.org.mx\/index.php?rest_route=\/wp\/v2\/users\/1"}],"replies":[{"embeddable":true,"href":"http:\/\/centrolindavista.org.mx\/index.php?rest_route=%2Fwp%2Fv2%2Fcomments&post=3054"}],"version-history":[{"count":6,"href":"http:\/\/centrolindavista.org.mx\/index.php?rest_route=\/wp\/v2\/pages\/3054\/revisions"}],"predecessor-version":[{"id":3620,"href":"http:\/\/centrolindavista.org.mx\/index.php?rest_route=\/wp\/v2\/pages\/3054\/revisions\/3620"}],"wp:attachment":[{"href":"http:\/\/centrolindavista.org.mx\/index.php?rest_route=%2Fwp%2Fv2%2Fmedia&parent=3054"}],"curies":[{"name":"wp","href":"https:\/\/api.w.org\/{rel}","templated":true}]}}