{"id":3049,"date":"2022-01-28T18:10:17","date_gmt":"2022-01-28T18:10:17","guid":{"rendered":"http:\/\/centrolindavista.org.mx\/?page_id=3049"},"modified":"2022-02-10T18:12:52","modified_gmt":"2022-02-10T18:12:52","slug":"promocion-del-dialogo","status":"publish","type":"page","link":"http:\/\/centrolindavista.org.mx\/?page_id=3049","title":{"rendered":"Promoci\u00f3n del Di\u00e1logo"},"content":{"rendered":"<p>[vc_row][vc_column width=\u00bb1\/4&#8243;][vc_wp_custommenu nav_menu=\u00bb37&#8243;][\/vc_column][vc_column width=\u00bb3\/4&#8243;]<div class=\"grop-section_text   grop-heading-69d3637527b5d   vc_custom_1643928120563 text-left\"><div class=\"text-uppercase grop-sctn_title_fntSz-30   grop-heading-69d3637527b5d  text-left\">Di\u00e1logo<\/div><p>\u201cUna corriente de significado que fluye entre, dentro y a trav\u00e9s de los actores implicados, y este significado compartido es el aglutinante, el cemento que sostiene los v\u00ednculos entre las personas y las sociedades\u201d.<\/p><\/div>[vc_column_text]<\/p>\n<table border=\"0\" cellspacing=\"10\">\n<tbody>\n<tr>\n<td>\n<p class=\"Estilo6\" align=\"right\"><strong>David Bohm<\/strong><\/p>\n<p class=\"Estilo3\" align=\"justify\">El Centro Lindavista como parte de su estrategia de Construcci\u00f3n de la Paz y Resoluci\u00f3n de Conflictos, ha \u00a0promovido activamente el di\u00e1logo en M\u00e9xico como mecanismo de participaci\u00f3n social en la agenda p\u00fablica del pa\u00eds.<\/p>\n<p class=\"Estilo3\" align=\"justify\">A partir de relaciones estrat\u00e9gicas con especialistas de este campo (<em>Adam Kahane,<\/em>\u00a0<em>Di\u00e1logo Democr\u00e1tico<\/em>) y del trabajo colectivo con otras organizaciones de la sociedad civil, \u00a0el Centro ha desarrollado en este sentido el\u00a0<em>Di\u00e1logo Social para una Pol\u00edtica de Estado en Materia de Pol\u00edtica Exterior<\/em>; o bien participa de iniciativas conjuntas como lo es el\u00a0<em>Di\u00e1logo Democr\u00e1tico Nacional<\/em>; experiencias en las que las herramientas y principios de un di\u00e1logo democr\u00e1tico son empleadas.<\/p>\n<\/td>\n<\/tr>\n<\/tbody>\n<\/table>\n<table border=\"0\" cellspacing=\"10\">\n<tbody>\n<tr>\n<td>\n<table border=\"0\" width=\"100%\" cellspacing=\"3\" cellpadding=\"0\">\n<tbody>\n<tr>\n<td height=\"167\">\n<p class=\"Estilo8\" align=\"left\"><strong>D\u00edalogo Democr\u00e1tico Nacional<\/strong><\/p>\n<p align=\"justify\">El DDN surgi\u00f3 como un esfuerzo colectivo en 2006 integrado por actores sociales, sindicatos y organizaciones de la sociedad civil que buscan generar y consolidar espacios donde se privilegien las formas de comunicaci\u00f3n que permitan a distintos actores compartir ideas y realidades, con el fin de encontrar objetivos comunes y desarrollar estrategias de incidencia en la agenda de desarrollo del pa\u00eds.<\/p>\n<p align=\"justify\">El Centro Lindavista en esta iniciativa particip\u00f3 como integrante del Grupo Promotor.<\/p>\n<p class=\"Estilo3\" align=\"justify\"><a href=\"http:\/\/www.centrolindavista.org.mx\/ddn.html\">Convocatoria del Di\u00e1logo Democr\u00e1tico Nacional<\/a><\/p>\n<\/td>\n<\/tr>\n<\/tbody>\n<\/table>\n<\/td>\n<\/tr>\n<tr>\n<td>\n<table border=\"0\" width=\"100%\" cellspacing=\"3\" cellpadding=\"0\">\n<tbody>\n<tr>\n<td>\n<p class=\"Estilo9\" align=\"left\"><strong><span style=\"font-family: Arial, Helvetica, sans-serif;\">Adam Kahane<\/span><\/strong><\/p>\n<p align=\"justify\"><span style=\"font-family: Arial, Helvetica, sans-serif;\">S<\/span><span style=\"font-family: Arial, Helvetica, sans-serif;\">ocio fundador de\u00a0<em>Generon Consulting<\/em>\u00a0y de la\u00a0<em>Global Leadership Initiative<\/em>. Destacado dise\u00f1ador y\u00a0 facilitador de procesos en donde los l\u00edderes de la sociedad civil, el sector privado y el gobierno pueden solucionar sus problemas m\u00e1s dif\u00edciles y complejos. Ha trabajado en m\u00e1s de cincuenta pa\u00edses con ejecutivos y pol\u00edticos, generales y\u00a0 guerrilleros, \u00a0funcionarios p\u00fablicos y sindicatos, activistas sociales y \u00a0funcionarios de Naciones Unidas, clero y artistas.<\/span><\/p>\n<p align=\"justify\"><strong><a href=\"http:\/\/centrolindavista.org.mx\/adam-kahane\/\">Adam Kahane en M\u00e9xico<\/a><\/strong><\/p>\n<\/td>\n<\/tr>\n<\/tbody>\n<\/table>\n<\/td>\n<\/tr>\n<\/tbody>\n<\/table>\n<p>[\/vc_column_text][\/vc_column][\/vc_row]<\/p>\n","protected":false},"excerpt":{"rendered":"[vc_row][vc_column width=\u00bb1\/4&#8243;][vc_wp_custommenu nav_menu=\u00bb37&#8243;][\/vc_column][vc_column width=\u00bb3\/4&#8243;][vc_column_text] David Bohm El Centro Lindavista como parte de su estrategia de Construcci\u00f3n de la Paz y Resoluci\u00f3n de Conflictos, ha \u00a0promovido activamente el di\u00e1logo en M\u00e9xico como mecanismo de participaci\u00f3n social en la agenda p\u00fablica del pa\u00eds. A partir de relaciones estrat\u00e9gicas con especialistas de este campo (Adam Kahane,\u00a0Di\u00e1logo Democr\u00e1tico) y &#8230;","protected":false},"author":1,"featured_media":0,"parent":0,"menu_order":0,"comment_status":"closed","ping_status":"closed","template":"","meta":{"footnotes":""},"class_list":["post-3049","page","type-page","status-publish","hentry"],"_links":{"self":[{"href":"http:\/\/centrolindavista.org.mx\/index.php?rest_route=\/wp\/v2\/pages\/3049","targetHints":{"allow":["GET"]}}],"collection":[{"href":"http:\/\/centrolindavista.org.mx\/index.php?rest_route=\/wp\/v2\/pages"}],"about":[{"href":"http:\/\/centrolindavista.org.mx\/index.php?rest_route=\/wp\/v2\/types\/page"}],"author":[{"embeddable":true,"href":"http:\/\/centrolindavista.org.mx\/index.php?rest_route=\/wp\/v2\/users\/1"}],"replies":[{"embeddable":true,"href":"http:\/\/centrolindavista.org.mx\/index.php?rest_route=%2Fwp%2Fv2%2Fcomments&post=3049"}],"version-history":[{"count":7,"href":"http:\/\/centrolindavista.org.mx\/index.php?rest_route=\/wp\/v2\/pages\/3049\/revisions"}],"predecessor-version":[{"id":3350,"href":"http:\/\/centrolindavista.org.mx\/index.php?rest_route=\/wp\/v2\/pages\/3049\/revisions\/3350"}],"wp:attachment":[{"href":"http:\/\/centrolindavista.org.mx\/index.php?rest_route=%2Fwp%2Fv2%2Fmedia&parent=3049"}],"curies":[{"name":"wp","href":"https:\/\/api.w.org\/{rel}","templated":true}]}}