{"id":3046,"date":"2022-01-28T17:58:25","date_gmt":"2022-01-28T17:58:25","guid":{"rendered":"http:\/\/centrolindavista.org.mx\/?page_id=3046"},"modified":"2022-03-16T13:59:00","modified_gmt":"2022-03-16T19:59:00","slug":"metodologias-de-construccion-de-la-paz-y-resolucion-de-conflictos","status":"publish","type":"page","link":"http:\/\/centrolindavista.org.mx\/?page_id=3046","title":{"rendered":"Metodolog\u00edas de construcci\u00f3n de la Paz y Resoluci\u00f3n de Conflictos"},"content":{"rendered":"<p>[vc_row][vc_column width=\u00bb1\/4&#8243;][vc_wp_custommenu nav_menu=\u00bb37&#8243;][\/vc_column][vc_column width=\u00bb3\/4&#8243;]<div class=\"grop-section_text   grop-heading-69d34c9160a7e   vc_custom_1643396602657 text-left\"><div class=\"text-uppercase grop-sctn_title_fntSz-30   grop-heading-69d34c9160a7e  text-left\">Metodolog\u00edas de construcci\u00f3n de la paz y resoluci\u00f3n de conflictos<\/div><\/div>[vc_column_text]<\/p>\n<p class=\"Estilo10\" align=\"justify\"><strong>Seminarios con organizaciones civiles, gobiernos y especialistas de otros pa\u00edses<\/strong><\/p>\n<p class=\"Estilo2\" align=\"justify\">En el Centro Lindavista hemos facilitado la difusi\u00f3n y promoci\u00f3n de metodolog\u00edas de resoluci\u00f3n de conflictos empleadas con \u00e9xito en varios pa\u00edses. En estos procesos se ha recurrido a mecanismos de di\u00e1logo como alternativa a la imposici\u00f3n de pol\u00edticas p\u00fablicas no funcionales y\/o represivas, o como instrumento frente a la soluci\u00f3n no pac\u00edfica de conflictos locales, regionales o nacionales.<\/p>\n<p class=\"Estilo2\" align=\"justify\">Como parte de nuestras actividades se realiz\u00f3 el ciclo de conferencias y talleres:\u00a0<strong>\u201cConstrucci\u00f3n de la paz y Resoluci\u00f3n de Conflictos\u201d<\/strong>, al que se invit\u00f3 a distintos especialistas que participaron en este tipo de experiencias con la finalidad de poner a disposici\u00f3n de la sociedad, y de sus principales actores, experiencias internacionales y referentes anal\u00edticos como espacios de reflexi\u00f3n com\u00fan sobre el tema de resoluci\u00f3n de conflictos<\/p>\n<p class=\"Estilo2\" align=\"justify\">\u00a0Las metodolog\u00edas presentadas fueron:<\/p>\n<div align=\"justify\">\n<ul>\n<li><strong>Escenarios C\u00edvicos, \u00bfun m\u00e9todo \u00fatil para la paz?\u00a0<\/strong><\/li>\n<\/ul>\n<\/div>\n<p class=\"Estilo2\" align=\"justify\">Metodolog\u00eda que tiene como objetivo ayudar a un pa\u00eds, regi\u00f3n o grupo a cambiar la manera en que se habla y escucha a los dem\u00e1s, con la finalidad de generar una realidad compartida que permita la construcci\u00f3n de escenarios futuros sobre los cuales poder incidir en conjunto.<\/p>\n<p class=\"Estilo2\" align=\"justify\">Su principal funci\u00f3n es el fortalecer las habilidades de gesti\u00f3n estrat\u00e9gica, promoci\u00f3n del di\u00e1logo, concertaci\u00f3n y consensos en medio de la diversidad; mientras que su mayor caracter\u00edstica es la constituci\u00f3n de di\u00e1logos incluyentes y plurales en los que se generen espacios de confianza alrededor de conflictos espec\u00edficos, de tal manera que puedan ser abordados de manera multidisciplinaria y sist\u00e9mica.<\/p>\n<p class=\"Estilo2\" align=\"justify\"><strong><span class=\"Estilo5\">Especialistas invitados:<\/span><\/strong><br \/>\nAdam Kahane, Generon Consulting<br \/>\nElena D\u00edez, Visi\u00f3n Guatemala; Di\u00e1logo Democr\u00e1tico, PNUD<\/p>\n<div align=\"justify\">\n<ul>\n<li><strong class=\"Estilo2\">Experiencias y m\u00e9todos de negociaci\u00f3n para la paz<\/strong><\/li>\n<\/ul>\n<\/div>\n<p class=\"Estilo2\" align=\"justify\">La Comunidad de Sant\u2019Egidio se ha vuelto cada vez m\u00e1s conocida a nivel internacional por su contribuci\u00f3n a la construcci\u00f3n de la paz en el mundo. Se le reconoce como \u00abla ONU de Trastevere\u00bb, (por el famoso barrio romano), o como los \u00abdiplom\u00e1ticos de Sant&#8217;Egidio\u00bb.<\/p>\n<p class=\"Estilo2\" align=\"justify\">Algunos miembros de la Comunidad han sido facilitadores o mediadores en conflictos fratricidas que han durado m\u00e1s de diez a\u00f1os, como en Mozambique; o m\u00e1s de treinta, como en Guatemala. Con este tipo de experiencias ha crecido la confianza de Sant\u2019Egidio en la \u00abd\u00e9bil fuerza\u00bb de la oraci\u00f3n y en el poder de transformaci\u00f3n de la no violencia y la persuasi\u00f3n.<\/p>\n<p class=\"Estilo2\" align=\"justify\">En este sentido, la Comunidad se pone constantemente al servicio del di\u00e1logo ecum\u00e9nico e interreligioso. A partir de 1987 Sant\u2019Egidio se dedica a nivel internacional, y a nivel de base, a buscar en reuniones, en encuentros y a trav\u00e9s de la oraci\u00f3n, el as\u00ed llamado \u00abesp\u00edritu de As\u00eds\u00bb.<\/p>\n<p class=\"Estilo2\" align=\"justify\"><strong><span class=\"Estilo5\">Especialistas invitados:<\/span><\/strong><br \/>\nRodrigo Asturias, de la Unidad Revolucionaria Nacional Guatemalteca, URNG<br \/>\n<span style=\"color: #3366ff;\"><a style=\"color: #3366ff;\" href=\"http:\/\/www.santegidio.org\/\" target=\"_blank\" rel=\"noopener\">Ricardo Cannelli<\/a>,<\/span> de la Comunidad de Sant Egidio<br \/>\nAntonio Alonso, Anal\u00edtica Consultores<\/p>\n<div align=\"justify\">\n<ul>\n<li><strong class=\"Estilo2\">Metodolog\u00eda de War-Torn Societies Project y el Di\u00e1logo Ind\u00edgena<\/strong><\/li>\n<\/ul>\n<\/div>\n<p class=\"Estilo2\" align=\"justify\">Herramienta para facilitar la gestaci\u00f3n de consensos b\u00e1sicos y recomendaciones operativas que contribuyan a la definici\u00f3n de pol\u00edticas p\u00fablicas que se apliquen frente a una polarizaci\u00f3n pol\u00edtica, desarticulaci\u00f3n social y\/o debilidad institucional resultantes de un conflicto armado.<\/p>\n<p class=\"Estilo2\" align=\"justify\">La\u00a0<em>WSP<\/em>\u00a0tiene su origen en las limitaciones de las intervenciones de la cooperaci\u00f3n internacional en situaciones post-conflicto, y est\u00e1 compuesta por una metodolog\u00eda constructivista que es participativa, integral, flexible, din\u00e1mica y dial\u00e9ctica; as\u00ed como por una intenci\u00f3n pol\u00edtica que busca la consolidaci\u00f3n de la paz y la promoci\u00f3n del desarrollo.<\/p>\n<p class=\"Estilo2\" align=\"justify\">Esta metodolog\u00eda fue utilizada en Eritrea, Guatemala, Somalia y Mozambique. Actualmente\u00a0<em>War-Torn Societies Project\u00a0<\/em>se ha consolidado como una iniciativa de las Naciones Unidas denominada\u00a0<span style=\"color: #3366ff;\"><em><a style=\"color: #3366ff;\" href=\"http:\/\/www.interpeace.org\/\" target=\"_blank\" rel=\"noopener\">International Peacebuilding Alliance<\/a><\/em>.<\/span><\/p>\n<p class=\"Estilo2\" align=\"justify\"><strong><span class=\"Estilo5\">Especialistas invitados:<\/span><\/strong><br \/>\nRub\u00e9n Zamora, Instituto Salvadore\u00f1o para la Democracia<br \/>\n\u00c1lvaro Pop, Proyecto Sociedades Arrasadas por la Guerra<br \/>\nBernardo Ar\u00e9valo, Proyecto Sociedades Arrasadas por la Guerra<br \/>\nPatricia Gonz\u00e1lez, Proyecto Sociedades Arrasadas por la Guerra<\/p>\n<div align=\"justify\">\n<ul>\n<li><strong class=\"Estilo2\">Diplomacia Ciudadana<\/strong><\/li>\n<\/ul>\n<\/div>\n<p class=\"Estilo2\" align=\"justify\">La diplomacia ciudadana es un m\u00e9todo que busca la transformaci\u00f3n de conflictos al facilitar t\u00e9cnicas especiales para la soluci\u00f3n de problemas, con el objetivo de empoderar a las personas de una comunidad y, de esta manera, dar pie a procesos locales que ayuden a resolver los conflictos que \u00e9sta enfrenta, adaptando las t\u00e9cnicas a su propio contexto.<\/p>\n<p class=\"Estilo2\" align=\"justify\">Esta metodolog\u00eda se caracteriza por el seguimiento de cuatro etapas:<\/p>\n<div align=\"justify\">\n<ol class=\"Estilo2\" start=\"1\" type=\"1\">\n<li>Creaci\u00f3n de relaciones de confianza<\/li>\n<li>Construcci\u00f3n de habilidades<\/li>\n<li>B\u00fasqueda de consenso<\/li>\n<li>Reingreso<\/li>\n<\/ol>\n<\/div>\n<p class=\"Estilo2\" align=\"justify\">La construcci\u00f3n de habilidades y el aprendizaje de t\u00e9cnicas de facilitaci\u00f3n que involucra a las etapas mencionadas requieren de un taller con expertos en esta metodolog\u00eda.<\/p>\n<p class=\"Estilo2\" align=\"justify\"><strong><span class=\"Estilo5\">Especialista invitado:<\/span><\/strong><br \/>\nEdward Kaufman, University of Maryland\u00b4s Center for Internacional Development and Conflict Management<\/p>\n<p class=\"Estilo4\" align=\"justify\">Nota: mayor informaci\u00f3n en Lecturas Internacionales.<\/p>\n<p>[\/vc_column_text][vc_separator][vc_row_inner][vc_column_inner width=\u00bb1\/2&#8243;][vc_column_text]<\/p>\n<table border=\"5\" width=\"200\" cellspacing=\"3\" align=\"center\">\n<tbody>\n<tr>\n<td height=\"192\">\n<p align=\"center\"><strong>CONFERENCIAS<\/strong><\/p>\n<p align=\"center\">Escenarios C\u00edvicos:<a href=\"http:\/\/www.centrolindavista.org.mx\/escenarios_civicos.htm\"><br \/>\n<span style=\"color: #3366ff;\">\u00bfUn m\u00e9todo \u00fatil para la Paz?<\/span><\/a><\/p>\n<p align=\"center\"><span style=\"color: #3366ff;\"><a style=\"color: #3366ff;\" href=\"http:\/\/www.centrolindavista.org.mx\/no-violencia.html\">Experiencias y m\u00e9todos de negociaci\u00f3n para la Paz<\/a><\/span><\/p>\n<\/td>\n<\/tr>\n<\/tbody>\n<\/table>\n<p>[\/vc_column_text][\/vc_column_inner][vc_column_inner width=\u00bb1\/2&#8243;][vc_column_text]<\/p>\n<table border=\"5\" width=\"200\" cellspacing=\"3\" align=\"center\">\n<tbody>\n<tr>\n<td height=\"208\">\n<p align=\"center\"><span style=\"color: #3366ff;\"><a style=\"color: #3366ff;\" href=\"http:\/\/centrolindavista.org.mx\/?page_id=3167\"><strong>Lecturas Internacionales<\/strong><\/a><\/span><\/p>\n<p align=\"center\">Una publicaci\u00f3n pr\u00e1ctica para todos los que alguna vez tenemos que negociar o dialogar para llegar a acuerdos que logren los objetivos que perseguimos<\/p>\n<\/td>\n<\/tr>\n<\/tbody>\n<\/table>\n<p>[\/vc_column_text][\/vc_column_inner][\/vc_row_inner][\/vc_column][\/vc_row]<\/p>\n","protected":false},"excerpt":{"rendered":"[vc_row][vc_column width=\u00bb1\/4&#8243;][vc_wp_custommenu nav_menu=\u00bb37&#8243;][\/vc_column][vc_column width=\u00bb3\/4&#8243;][vc_column_text] Seminarios con organizaciones civiles, gobiernos y especialistas de otros pa\u00edses En el Centro Lindavista hemos facilitado la difusi\u00f3n y promoci\u00f3n de metodolog\u00edas de resoluci\u00f3n de conflictos empleadas con \u00e9xito en varios pa\u00edses. En estos procesos se ha recurrido a mecanismos de di\u00e1logo como alternativa a la imposici\u00f3n de pol\u00edticas p\u00fablicas no &#8230;","protected":false},"author":1,"featured_media":0,"parent":0,"menu_order":0,"comment_status":"closed","ping_status":"closed","template":"","meta":{"footnotes":""},"class_list":["post-3046","page","type-page","status-publish","hentry"],"_links":{"self":[{"href":"http:\/\/centrolindavista.org.mx\/index.php?rest_route=\/wp\/v2\/pages\/3046","targetHints":{"allow":["GET"]}}],"collection":[{"href":"http:\/\/centrolindavista.org.mx\/index.php?rest_route=\/wp\/v2\/pages"}],"about":[{"href":"http:\/\/centrolindavista.org.mx\/index.php?rest_route=\/wp\/v2\/types\/page"}],"author":[{"embeddable":true,"href":"http:\/\/centrolindavista.org.mx\/index.php?rest_route=\/wp\/v2\/users\/1"}],"replies":[{"embeddable":true,"href":"http:\/\/centrolindavista.org.mx\/index.php?rest_route=%2Fwp%2Fv2%2Fcomments&post=3046"}],"version-history":[{"count":7,"href":"http:\/\/centrolindavista.org.mx\/index.php?rest_route=\/wp\/v2\/pages\/3046\/revisions"}],"predecessor-version":[{"id":3618,"href":"http:\/\/centrolindavista.org.mx\/index.php?rest_route=\/wp\/v2\/pages\/3046\/revisions\/3618"}],"wp:attachment":[{"href":"http:\/\/centrolindavista.org.mx\/index.php?rest_route=%2Fwp%2Fv2%2Fmedia&parent=3046"}],"curies":[{"name":"wp","href":"https:\/\/api.w.org\/{rel}","templated":true}]}}