{"id":3043,"date":"2022-01-28T00:25:56","date_gmt":"2022-01-28T00:25:56","guid":{"rendered":"http:\/\/centrolindavista.org.mx\/?page_id=3043"},"modified":"2022-01-28T00:25:56","modified_gmt":"2022-01-28T00:25:56","slug":"pobreza-y-politicas-sociales","status":"publish","type":"page","link":"http:\/\/centrolindavista.org.mx\/?page_id=3043","title":{"rendered":"Pobreza y Pol\u00edticas Sociales"},"content":{"rendered":"<p>[vc_row][vc_column width=\u00bb1\/4&#8243;][vc_wp_custommenu nav_menu=\u00bb36&#8243;][\/vc_column][vc_column width=\u00bb3\/4&#8243;]<div class=\"grop-section_text   grop-heading-69d320aab3d05   vc_custom_1643329534741 text-left\"><div class=\"text-uppercase grop-sctn_title_fntSz-30   grop-heading-69d320aab3d05  text-left\">Pobreza y Pol\u00edticas Sociales<\/div><\/div>[vc_column_text]<\/p>\n<p class=\"Estilo14\" align=\"justify\">El combate a la pobreza y desigualdad es uno de los principales retos que afrontan las sociedades en la actualidad. Todos los pa\u00edses, en menor o mayor grado se enfrentan a poblaciones vulnerables y a las consecuencias e impactos negativos de la pobreza.<\/p>\n<p class=\"Estilo14\" align=\"justify\">Ante este panorama, todas las sociedades y especialmente los gobiernos, deben realizar diversas acciones que permitan mejorar la calidad de vida de la poblaci\u00f3n en aspectos como salud, educaci\u00f3n, vivienda, etc. El Centro Lindavista considera que es nuestro deber como sociedad mexicana dar pasos urgentes y eficaces en este campo, porque es un imperativo \u00e9tico de respeto a la dignidad de las personas y de los pueblos y porque representa una necesidad para la cohesi\u00f3n social y para el desarrollo integral sustentable.<\/p>\n<p class=\"Estilo14\" align=\"justify\">El tema de pol\u00edticas sociales y pobreza necesariamente debe contemplar diversos aspectos relacionados con la medici\u00f3n de la pobreza, el dise\u00f1o y la evaluaci\u00f3n de las pol\u00edticas sociales, la teor\u00eda econ\u00f3mica, as\u00ed como aspectos \u00e9ticos y sociol\u00f3gicos. En este apartado se podr\u00e1n encontrar diversos art\u00edculos sobre el tema.<\/p>\n<p>[\/vc_column_text][\/vc_column][\/vc_row]<\/p>\n","protected":false},"excerpt":{"rendered":"[vc_row][vc_column width=\u00bb1\/4&#8243;][vc_wp_custommenu nav_menu=\u00bb36&#8243;][\/vc_column][vc_column width=\u00bb3\/4&#8243;][vc_column_text] El combate a la pobreza y desigualdad es uno de los principales retos que afrontan las sociedades en la actualidad. Todos los pa\u00edses, en menor o mayor grado se enfrentan a poblaciones vulnerables y a las consecuencias e impactos negativos de la pobreza. Ante este panorama, todas las sociedades y especialmente &#8230;","protected":false},"author":1,"featured_media":0,"parent":0,"menu_order":0,"comment_status":"closed","ping_status":"closed","template":"","meta":{"footnotes":""},"class_list":["post-3043","page","type-page","status-publish","hentry"],"_links":{"self":[{"href":"http:\/\/centrolindavista.org.mx\/index.php?rest_route=\/wp\/v2\/pages\/3043","targetHints":{"allow":["GET"]}}],"collection":[{"href":"http:\/\/centrolindavista.org.mx\/index.php?rest_route=\/wp\/v2\/pages"}],"about":[{"href":"http:\/\/centrolindavista.org.mx\/index.php?rest_route=\/wp\/v2\/types\/page"}],"author":[{"embeddable":true,"href":"http:\/\/centrolindavista.org.mx\/index.php?rest_route=\/wp\/v2\/users\/1"}],"replies":[{"embeddable":true,"href":"http:\/\/centrolindavista.org.mx\/index.php?rest_route=%2Fwp%2Fv2%2Fcomments&post=3043"}],"version-history":[{"count":1,"href":"http:\/\/centrolindavista.org.mx\/index.php?rest_route=\/wp\/v2\/pages\/3043\/revisions"}],"predecessor-version":[{"id":3044,"href":"http:\/\/centrolindavista.org.mx\/index.php?rest_route=\/wp\/v2\/pages\/3043\/revisions\/3044"}],"wp:attachment":[{"href":"http:\/\/centrolindavista.org.mx\/index.php?rest_route=%2Fwp%2Fv2%2Fmedia&parent=3043"}],"curies":[{"name":"wp","href":"https:\/\/api.w.org\/{rel}","templated":true}]}}