{"id":2954,"date":"2022-01-26T00:00:54","date_gmt":"2022-01-26T00:00:54","guid":{"rendered":"http:\/\/centrolindavista.org.mx\/?page_id=2954"},"modified":"2022-02-23T22:43:30","modified_gmt":"2022-02-23T22:43:30","slug":"que-hace-el-centro-lindavista","status":"publish","type":"page","link":"http:\/\/centrolindavista.org.mx\/?page_id=2954","title":{"rendered":"\u00bfQu\u00e9 hace el Centro Lindavista?"},"content":{"rendered":"<p>[vc_row][vc_column width=\u00bb1\/4&#8243;][vc_wp_custommenu nav_menu=\u00bb35&#8243;][\/vc_column][vc_column width=\u00bb3\/4&#8243;]<div class=\"grop-section_text   grop-heading-69d329742773c   vc_custom_1643155193525 text-left\"><div class=\"text-uppercase grop-sctn_title_fntSz-30   grop-heading-69d329742773c  text-left\">\u00bfQu\u00e9 hace el Centro Lindavista?<\/div><\/div>[vc_column_text]<\/p>\n<p align=\"justify\">A partir de la articulaci\u00f3n y vinculaci\u00f3n entre organizaciones sociales, acad\u00e9micas, sindicales, privadas, eclesi\u00e1sticas y campesinas; genera espacios para la implementaci\u00f3n del di\u00e1logo entre sociedad civil y gobierno a partir de la identificaci\u00f3n de objetivos comunes y la b\u00fasqueda de consensos a partir de mesas de trabajo, talleres y sesiones informativas.<\/p>\n<p align=\"justify\">Lo anterior responde al inter\u00e9s de promover la articulaci\u00f3n y dinamizaci\u00f3n de la sociedad civil mexicana en temas dirigidos a la promoci\u00f3n del desarrollo regional, encuentro con actores pol\u00edticos, educaci\u00f3n para la paz, pol\u00edtica exterior y nuevas formas de cooperaci\u00f3n internacional.<\/p>\n<p align=\"justify\">Como resultado de estas sinergias surgen acciones de promoci\u00f3n para el desarrollo y asistencia social por medio de publicaciones, declaraciones, iniciativas y posicionamientos colectivos en relaci\u00f3n a alguno de los temas mencionados.<\/p>\n<p align=\"justify\">El Centro Lindavista engloba estos temas en las siguientes \u00e1reas de trabajo:<\/p>\n<ul>\n<li>\n<div align=\"justify\">Cultura<\/div>\n<\/li>\n<li>\n<div align=\"justify\">Desarrollo y G\u00e9nero<\/div>\n<\/li>\n<li>\n<div align=\"justify\">Educaci\u00f3n para la Paz<\/div>\n<\/li>\n<li>\n<div align=\"justify\">\u00c9tica y Pol\u00edtica<\/div>\n<\/li>\n<li>\n<div align=\"justify\">Pol\u00edtica Exterior<\/div>\n<\/li>\n<\/ul>\n<p>[\/vc_column_text][vc_message icon_type=\u00bbtypicons\u00bb icon_typicons=\u00bbtypcn typcn-arrow-shuffle\u00bb css=\u00bb.vc_custom_1645656071567{padding-top: 20px !important;}\u00bb]<a href=\"http:\/\/centrolindavista.org.mx\/wp-content\/uploads\/2022\/02\/MemoriaylineasdetrabajoNUEVO.pdf\" target=\"_blank\" rel=\"noopener\"><span lang=\"ES\">Memoria y l\u00ed<\/span><span lang=\"ES\">neas de trabajo<\/span><\/a>[\/vc_message][vc_column_text]<\/p>\n<p class=\"Default\"><b><span style=\"font-size: 11.5pt;\">Las formas de la acci\u00f3n <\/span><\/b><\/p>\n<p class=\"Default\"><span style=\"font-size: 11.5pt;\">Nuestros \u201cc\u00f3mos\u201d son esenciales a nuestro ser: <\/span><\/p>\n<p class=\"Default\" style=\"margin-bottom: 1.1pt;\"><span style=\"font-size: 11.5pt; font-family: 'Times New Roman','serif';\">\u2022 <\/span><span style=\"font-size: 11.5pt;\">Articular y favorecer las redes, as\u00ed como los contactos y colaboraci\u00f3n entre actores diversos en pluralidad. <\/span><\/p>\n<p class=\"Default\" style=\"margin-bottom: 1.1pt;\"><span style=\"font-size: 11.5pt; font-family: 'Times New Roman','serif';\">\u2022 <\/span><span style=\"font-size: 11.5pt;\">Dar sustento a los procesos de reflexi\u00f3n con informaci\u00f3n y an\u00e1lisis, especialmente aprovechando el impacto de las visiones de futuro, para la colaboraci\u00f3n estrat\u00e9gica. <\/span><\/p>\n<p class=\"Default\" style=\"margin-bottom: 1.1pt;\"><span style=\"font-size: 11.5pt; font-family: 'Times New Roman','serif';\">\u2022 <\/span><span style=\"font-size: 11.5pt;\">Promover actividades con los distintos actores con v\u00ednculos al Centro desde la visi\u00f3n del inter\u00e9s general\/bien com\u00fan y para el beneficio a los m\u00e1s vulnerables favoreciendo su posibilidad de una vida digna. <\/span><\/p>\n<p class=\"Default\" style=\"margin-bottom: 1.1pt;\"><span style=\"font-size: 11.5pt; font-family: 'Times New Roman','serif';\">\u2022 <\/span><span style=\"font-size: 11.5pt;\">Capacidad de mediaci\u00f3n, en base a la experiencia, la confianza y la capacidad que se tiene de amplia convocatoria <\/span><\/p>\n<p class=\"Default\" style=\"margin-bottom: 1.1pt;\"><span style=\"font-size: 11.5pt; font-family: 'Times New Roman','serif';\">\u2022 <\/span><span style=\"font-size: 11.5pt;\">Sensibilizaci\u00f3n a actores sobre sus contextos <\/span><\/p>\n<p class=\"Default\"><span style=\"font-size: 11.5pt; font-family: 'Times New Roman','serif';\">\u2022 <\/span><span style=\"font-size: 11.5pt;\">Combinar acciones sist\u00e9micas con el trabajo de di\u00e1logo y acompa\u00f1amiento con las personas e instituciones <\/span><\/p>\n<p>[\/vc_column_text][\/vc_column][\/vc_row]<\/p>\n","protected":false},"excerpt":{"rendered":"[vc_row][vc_column width=\u00bb1\/4&#8243;][vc_wp_custommenu nav_menu=\u00bb35&#8243;][\/vc_column][vc_column width=\u00bb3\/4&#8243;][vc_column_text] A partir de la articulaci\u00f3n y vinculaci\u00f3n entre organizaciones sociales, acad\u00e9micas, sindicales, privadas, eclesi\u00e1sticas y campesinas; genera espacios para la implementaci\u00f3n del di\u00e1logo entre sociedad civil y gobierno a partir de la identificaci\u00f3n de objetivos comunes y la b\u00fasqueda de consensos a partir de mesas de trabajo, talleres y sesiones informativas. &#8230;","protected":false},"author":1,"featured_media":0,"parent":0,"menu_order":0,"comment_status":"closed","ping_status":"closed","template":"","meta":{"footnotes":""},"class_list":["post-2954","page","type-page","status-publish","hentry"],"_links":{"self":[{"href":"http:\/\/centrolindavista.org.mx\/index.php?rest_route=\/wp\/v2\/pages\/2954","targetHints":{"allow":["GET"]}}],"collection":[{"href":"http:\/\/centrolindavista.org.mx\/index.php?rest_route=\/wp\/v2\/pages"}],"about":[{"href":"http:\/\/centrolindavista.org.mx\/index.php?rest_route=\/wp\/v2\/types\/page"}],"author":[{"embeddable":true,"href":"http:\/\/centrolindavista.org.mx\/index.php?rest_route=\/wp\/v2\/users\/1"}],"replies":[{"embeddable":true,"href":"http:\/\/centrolindavista.org.mx\/index.php?rest_route=%2Fwp%2Fv2%2Fcomments&post=2954"}],"version-history":[{"count":4,"href":"http:\/\/centrolindavista.org.mx\/index.php?rest_route=\/wp\/v2\/pages\/2954\/revisions"}],"predecessor-version":[{"id":3450,"href":"http:\/\/centrolindavista.org.mx\/index.php?rest_route=\/wp\/v2\/pages\/2954\/revisions\/3450"}],"wp:attachment":[{"href":"http:\/\/centrolindavista.org.mx\/index.php?rest_route=%2Fwp%2Fv2%2Fmedia&parent=2954"}],"curies":[{"name":"wp","href":"https:\/\/api.w.org\/{rel}","templated":true}]}}