{"id":2949,"date":"2022-01-25T23:56:50","date_gmt":"2022-01-25T23:56:50","guid":{"rendered":"http:\/\/centrolindavista.org.mx\/?page_id=2949"},"modified":"2022-03-07T12:11:51","modified_gmt":"2022-03-07T18:11:51","slug":"politica-exterior","status":"publish","type":"page","link":"http:\/\/centrolindavista.org.mx\/?page_id=2949","title":{"rendered":"Pol\u00edtica Exterior"},"content":{"rendered":"<p>[vc_row][vc_column width=\u00bb1\/4&#8243;][vc_wp_custommenu nav_menu=\u00bb45&#8243;][\/vc_column][vc_column width=\u00bb3\/4&#8243;]<div class=\"grop-section_text   grop-heading-69d2f54859a5a   vc_custom_1643154991836 text-left\"><div class=\"text-uppercase grop-sctn_title_fntSz-30   grop-heading-69d2f54859a5a  text-left\">Pol\u00edtica Exterior<\/div><\/div>[vc_column_text]<\/p>\n<p align=\"justify\">Con el prop\u00f3sito de dinamizar la participaci\u00f3n de la sociedad civil organizada en M\u00e9xico en procesos de pol\u00edtica exterior, el Centro Lindavista ha generado iniciativas de articulaci\u00f3n e identificaci\u00f3n de consensos en torno a este tema.<\/p>\n<p align=\"justify\">En los \u00faltimos a\u00f1os el papel de la sociedad civil mexicana en la arena internacional ha tomado un mayor protagonismo, y con el prop\u00f3sito de fortalecer sus propuestas e iniciativas hemos impulsado espacios de di\u00e1logo entre la sociedad civil, y de \u00e9sta con el gobierno mexicano.<\/p>\n<p align=\"justify\">En este sentido se ha convocado y vinculado a diversas expresiones de la sociedad civil en torno a intereses comunes, generando redes que de manera colectiva desarrollan planteamientos sobre econom\u00eda, desarrollo, cooperaci\u00f3n y pol\u00edtica internacional.<\/p>\n<p align=\"justify\"><strong>De esta forma hemos impulsado<\/strong>:<\/p>\n<div align=\"justify\">\n<ul type=\"disc\">\n<li>Comit\u00e9 Mixto Hait\u00ed- M\u00e9xico de la sociedad civil<\/li>\n<li>Di\u00e1logo Social para una pol\u00edtica exterior de largo plazo.<\/li>\n<\/ul>\n<\/div>\n<p>[\/vc_column_text][\/vc_column][\/vc_row]<\/p>\n","protected":false},"excerpt":{"rendered":"[vc_row][vc_column width=\u00bb1\/4&#8243;][vc_wp_custommenu nav_menu=\u00bb45&#8243;][\/vc_column][vc_column width=\u00bb3\/4&#8243;][vc_column_text] Con el prop\u00f3sito de dinamizar la participaci\u00f3n de la sociedad civil organizada en M\u00e9xico en procesos de pol\u00edtica exterior, el Centro Lindavista ha generado iniciativas de articulaci\u00f3n e identificaci\u00f3n de consensos en torno a este tema. En los \u00faltimos a\u00f1os el papel de la sociedad civil mexicana en la arena internacional &#8230;","protected":false},"author":1,"featured_media":0,"parent":0,"menu_order":0,"comment_status":"closed","ping_status":"closed","template":"","meta":{"footnotes":""},"class_list":["post-2949","page","type-page","status-publish","hentry"],"_links":{"self":[{"href":"http:\/\/centrolindavista.org.mx\/index.php?rest_route=\/wp\/v2\/pages\/2949","targetHints":{"allow":["GET"]}}],"collection":[{"href":"http:\/\/centrolindavista.org.mx\/index.php?rest_route=\/wp\/v2\/pages"}],"about":[{"href":"http:\/\/centrolindavista.org.mx\/index.php?rest_route=\/wp\/v2\/types\/page"}],"author":[{"embeddable":true,"href":"http:\/\/centrolindavista.org.mx\/index.php?rest_route=\/wp\/v2\/users\/1"}],"replies":[{"embeddable":true,"href":"http:\/\/centrolindavista.org.mx\/index.php?rest_route=%2Fwp%2Fv2%2Fcomments&post=2949"}],"version-history":[{"count":3,"href":"http:\/\/centrolindavista.org.mx\/index.php?rest_route=\/wp\/v2\/pages\/2949\/revisions"}],"predecessor-version":[{"id":3543,"href":"http:\/\/centrolindavista.org.mx\/index.php?rest_route=\/wp\/v2\/pages\/2949\/revisions\/3543"}],"wp:attachment":[{"href":"http:\/\/centrolindavista.org.mx\/index.php?rest_route=%2Fwp%2Fv2%2Fmedia&parent=2949"}],"curies":[{"name":"wp","href":"https:\/\/api.w.org\/{rel}","templated":true}]}}