{"id":2938,"date":"2022-01-25T23:50:39","date_gmt":"2022-01-25T23:50:39","guid":{"rendered":"http:\/\/centrolindavista.org.mx\/?page_id=2938"},"modified":"2022-01-25T23:55:05","modified_gmt":"2022-01-25T23:55:05","slug":"cultura","status":"publish","type":"page","link":"http:\/\/centrolindavista.org.mx\/?page_id=2938","title":{"rendered":"Cultura"},"content":{"rendered":"<p>[vc_row][vc_column width=\u00bb1\/4&#8243;][vc_wp_custommenu nav_menu=\u00bb40&#8243;][\/vc_column][vc_column width=\u00bb3\/4&#8243;]<div class=\"grop-section_text   grop-heading-69f178f7bb27c   text-left\"><div class=\"text-uppercase grop-sctn_title_fntSz-30   grop-heading-69f178f7bb27c  text-left\">El Centro Lindavista y la Vida Cultural en M\u00e9xico<\/div><\/div>[vc_column_text]<\/p>\n<p align=\"&quot;justify\">El Centro Lindavista se propone participar de manera activa en el fomento de la vida cultural de nuestro pa\u00eds.<\/p>\n<p align=\"justify\">Nuestro compromiso nace de la preocupaci\u00f3n y la esperanza. La preocupaci\u00f3n por tres procesos simult\u00e1neos: la creciente p\u00e9rdida de identidad de nuestra poblaci\u00f3n (sin un debate sobre ello), el empobrecimiento de la poblaci\u00f3n mexicana creadora o continuadora de nuestras culturas, y la p\u00e9rdida de los motores de la competitividad de nuestro sistema de producci\u00f3n.<\/p>\n<p align=\"justify\">El enfoque y aportaci\u00f3n que el Centro Lindavista propone es una sana e importante interrelaci\u00f3n entre cultura y desarrollo integral, orientado al an\u00e1lisis y propuestas para acciones especialmente de \u00edndole regional y local, especialmente en las pol\u00edticas y espacios en los que convergen los procesos culturales, creativos, econ\u00f3micos y de sentido de lugar.<\/p>\n<p><span style=\"font-size: 18px;\"><strong>Creemos que<\/strong><\/span>:<\/p>\n<ul>\n<li>Hoy podemos ya plantearnos la posibilidad de que la econom\u00eda est\u00e9 al servicio de los objetivos que la sociedad se fije de manera democr\u00e1tica y participativa para su desarrollo.<\/li>\n<li>Podemos construir, como lo propuso Denis Goulet, una federaci\u00f3n de modelos de desarrollo, con cada regi\u00f3n y localidad buscando su vocaci\u00f3n cultural con base en formas que nacen de su propia historia.<\/li>\n<li>La identidad tambi\u00e9n se construye a partir de las pr\u00e1cticas sociales que para satisfacer sus necesidades desarrollan cotidianamente grupos e individuos en su cotidianidad. Dentro de esas pr\u00e1cticas sociales, las culturales est\u00e1n ocupando un lugar privilegiado.<\/li>\n<li>La cultura es un sistema significante que, a partir de representaciones y pr\u00e1cticas dentro de un contexto que les imprime sentido, permite la producci\u00f3n, reproducci\u00f3n y transformaci\u00f3n de un orden social y material, a la vez que es parte inherente al mismo.<\/li>\n<li>El enfoque del Centro Lindavista es el de buscar procesos creativos que fortalezcan la vida cultural en nuestras comunidades y ciudades que reconozcan, y recompensen, las actividades que permiten y fomentan esa vida cultural y que as\u00ed se logre una preservaci\u00f3n competitiva de la vida cultural, social, y econ\u00f3mica de las personas y grupos.<\/li>\n<\/ul>\n<p>[\/vc_column_text][\/vc_column][\/vc_row]<\/p>\n","protected":false},"excerpt":{"rendered":"[vc_row][vc_column width=\u00bb1\/4&#8243;][vc_wp_custommenu nav_menu=\u00bb40&#8243;][\/vc_column][vc_column width=\u00bb3\/4&#8243;][vc_column_text] El Centro Lindavista se propone participar de manera activa en el fomento de la vida cultural de nuestro pa\u00eds. Nuestro compromiso nace de la preocupaci\u00f3n y la esperanza. La preocupaci\u00f3n por tres procesos simult\u00e1neos: la creciente p\u00e9rdida de identidad de nuestra poblaci\u00f3n (sin un debate sobre ello), el empobrecimiento de la &#8230;","protected":false},"author":1,"featured_media":0,"parent":0,"menu_order":0,"comment_status":"closed","ping_status":"closed","template":"","meta":{"footnotes":""},"class_list":["post-2938","page","type-page","status-publish","hentry"],"_links":{"self":[{"href":"http:\/\/centrolindavista.org.mx\/index.php?rest_route=\/wp\/v2\/pages\/2938","targetHints":{"allow":["GET"]}}],"collection":[{"href":"http:\/\/centrolindavista.org.mx\/index.php?rest_route=\/wp\/v2\/pages"}],"about":[{"href":"http:\/\/centrolindavista.org.mx\/index.php?rest_route=\/wp\/v2\/types\/page"}],"author":[{"embeddable":true,"href":"http:\/\/centrolindavista.org.mx\/index.php?rest_route=\/wp\/v2\/users\/1"}],"replies":[{"embeddable":true,"href":"http:\/\/centrolindavista.org.mx\/index.php?rest_route=%2Fwp%2Fv2%2Fcomments&post=2938"}],"version-history":[{"count":6,"href":"http:\/\/centrolindavista.org.mx\/index.php?rest_route=\/wp\/v2\/pages\/2938\/revisions"}],"predecessor-version":[{"id":2948,"href":"http:\/\/centrolindavista.org.mx\/index.php?rest_route=\/wp\/v2\/pages\/2938\/revisions\/2948"}],"wp:attachment":[{"href":"http:\/\/centrolindavista.org.mx\/index.php?rest_route=%2Fwp%2Fv2%2Fmedia&parent=2938"}],"curies":[{"name":"wp","href":"https:\/\/api.w.org\/{rel}","templated":true}]}}