{"id":2871,"date":"2022-01-25T18:00:36","date_gmt":"2022-01-25T18:00:36","guid":{"rendered":"http:\/\/centrolindavista.org.mx\/?page_id=2871"},"modified":"2022-03-16T14:22:32","modified_gmt":"2022-03-16T20:22:32","slug":"desarrollo-regional","status":"publish","type":"page","link":"http:\/\/centrolindavista.org.mx\/?page_id=2871","title":{"rendered":"Desarrollo Regional"},"content":{"rendered":"<p>[vc_row][vc_column width=\u00bb1\/4&#8243;][vc_wp_custommenu nav_menu=\u00bb36&#8243;][\/vc_column][vc_column width=\u00bb3\/4&#8243;]<div class=\"grop-section_text   grop-heading-69d2f0a838b9a   vc_custom_1643133909064 text-left\"><div class=\"text-uppercase grop-sctn_title_fntSz-30   grop-heading-69d2f0a838b9a  text-left\">Desarrollo Integral<\/div><\/div>[vc_column_text]<\/p>\n<p align=\"justify\">El Centro Lindavista ha promovido una visi\u00f3n de desarrollo integral al plantear esquemas incluyentes en el \u00e1mbito urbano y rural al plantear modelos que han resultado exitosos en otras latitudes o en M\u00e9xico.<\/p>\n<p align=\"justify\">De esta manera, el dinamizar las iniciativas productivas a nivel regional se busca integrar a la comunidad, a los diferentes niveles de gobierno y los sectores productivos locales.<\/p>\n<p align=\"justify\">Uno de los principales ejes de desarrollo impulsados en el Centro Lindavista es el de la cultura como elemento de transformaci\u00f3n econ\u00f3mica y social.<\/p>\n<p align=\"justify\">Entre las acciones impulsadas destacan:<\/p>\n<p>[\/vc_column_text][vc_column_text]<\/p>\n<ul>\n<li><strong>Investigaci\u00f3n en pol\u00edticas de desarrollo social en el sur \u2013 sureste.<\/strong><\/li>\n<\/ul>\n<p>[\/vc_column_text][vc_row_inner][vc_column_inner width=\u00bb1\/2&#8243;][vc_single_image image=\u00bb3404&#8243; img_size=\u00bbfull\u00bb][\/vc_column_inner][vc_column_inner width=\u00bb1\/2&#8243;][vc_column_text]En 2021 hemos escrito y difundido un amplio documento sobre el Sur Sureste que nos presenta los aprendizajes de la pandemia, pistas para la interpretaci\u00f3n de las problem\u00e1ticas, invitaci\u00f3n a trabajar con una visi\u00f3n sist\u00e9mica y compleja, y contribuir a crear una regi\u00f3n polic\u00e9ntrica y articulada con econom\u00edas plurales, y sociedades cohesionadas constructoras de paz y justicia.<\/p>\n<p>Puede bajarse integralmente <a href=\"http:\/\/centrolindavista.org.mx\/wp-content\/uploads\/2022\/02\/DOCUMENTO-SURES-FINAL-20201010.pdf\"><strong>aqu\u00ed<\/strong><\/a>[\/vc_column_text][\/vc_column_inner][\/vc_row_inner][vc_row_inner][vc_column_inner width=\u00bb1\/2&#8243;][vc_column_text]Promoci\u00f3n de la Cohesi\u00f3n territorial y de la colaboraci\u00f3n entre poblaciones y gobiernos de manera horizontal. Como ejemplo de estos procesos presentamos la presentaci\u00f3n de Fabrizio Barca (exministro de Cohesi\u00f3n Territorial de Italia) en Chapultepec en la reuni\u00f3n sobre territorios de paz, derechos humanos y desarrollo sustentable el 11 de julio de 2019.\u00a0 Liga a memorias de la reuni\u00f3n<strong> <a href=\"http:\/\/guerreroesprimero.org.mx\/?page_id=349\">http:\/\/guerreroesprimero.org.mx\/?page_id=349<\/a><\/strong>[\/vc_column_text][\/vc_column_inner][vc_column_inner width=\u00bb1\/2&#8243;][vc_single_image image=\u00bb3407&#8243; img_size=\u00bbfull\u00bb][vc_column_text]<a href=\"http:\/\/centrolindavista.org.mx\/wp-content\/uploads\/2022\/02\/Fabrizio-Barca-Cohesion-Territorial.pdf\"><strong>Descargar documento <\/strong><\/a>[\/vc_column_text][\/vc_column_inner][\/vc_row_inner][vc_column_text]<\/p>\n<ul>\n<li><a href=\"http:\/\/centrolindavista.org.mx\/?page_id=3220\"><strong>Publicaci\u00f3n y difusi\u00f3n de obras sobre el desarrollo regional integral y pol\u00edticas industriales<\/strong>.<strong>\u00a0<\/strong><\/a><\/li>\n<li><strong><a href=\"http:\/\/guerreroesprimero.org.mx\/\">Trabajo en Guerrero es Primero<\/a><br \/>\n<\/strong><\/li>\n<li><strong><a href=\"http:\/\/centrolindavista.org.mx\/santamaria\/public\/index.html\">Santa Mar\u00eda la Ribera, Comunidad Educativa y Cultural\u00a0<\/a><\/strong><\/li>\n<li><a href=\"http:\/\/centrolindavista.org.mx\/wp-content\/uploads\/2022\/03\/sintesis-del-PROGRAMA-REGIONAL-CENTRO-OCCIDENTENOVIEMBRE06.pdf\"><strong>Asesor\u00eda a procesos de desarrollo econ\u00f3mica en la Regi\u00f3n Centro Occidente.\u00a0<\/strong><\/a><\/li>\n<\/ul>\n<p>[\/vc_column_text][\/vc_column][\/vc_row]<\/p>\n","protected":false},"excerpt":{"rendered":"[vc_row][vc_column width=\u00bb1\/4&#8243;][vc_wp_custommenu nav_menu=\u00bb36&#8243;][\/vc_column][vc_column width=\u00bb3\/4&#8243;][vc_column_text] El Centro Lindavista ha promovido una visi\u00f3n de desarrollo integral al plantear esquemas incluyentes en el \u00e1mbito urbano y rural al plantear modelos que han resultado exitosos en otras latitudes o en M\u00e9xico. De esta manera, el dinamizar las iniciativas productivas a nivel regional se busca integrar a la comunidad, a &#8230;","protected":false},"author":1,"featured_media":0,"parent":0,"menu_order":0,"comment_status":"closed","ping_status":"closed","template":"","meta":{"footnotes":""},"class_list":["post-2871","page","type-page","status-publish","hentry"],"_links":{"self":[{"href":"http:\/\/centrolindavista.org.mx\/index.php?rest_route=\/wp\/v2\/pages\/2871","targetHints":{"allow":["GET"]}}],"collection":[{"href":"http:\/\/centrolindavista.org.mx\/index.php?rest_route=\/wp\/v2\/pages"}],"about":[{"href":"http:\/\/centrolindavista.org.mx\/index.php?rest_route=\/wp\/v2\/types\/page"}],"author":[{"embeddable":true,"href":"http:\/\/centrolindavista.org.mx\/index.php?rest_route=\/wp\/v2\/users\/1"}],"replies":[{"embeddable":true,"href":"http:\/\/centrolindavista.org.mx\/index.php?rest_route=%2Fwp%2Fv2%2Fcomments&post=2871"}],"version-history":[{"count":12,"href":"http:\/\/centrolindavista.org.mx\/index.php?rest_route=\/wp\/v2\/pages\/2871\/revisions"}],"predecessor-version":[{"id":3621,"href":"http:\/\/centrolindavista.org.mx\/index.php?rest_route=\/wp\/v2\/pages\/2871\/revisions\/3621"}],"wp:attachment":[{"href":"http:\/\/centrolindavista.org.mx\/index.php?rest_route=%2Fwp%2Fv2%2Fmedia&parent=2871"}],"curies":[{"name":"wp","href":"https:\/\/api.w.org\/{rel}","templated":true}]}}