{"id":2856,"date":"2022-01-25T17:28:34","date_gmt":"2022-01-25T17:28:34","guid":{"rendered":"http:\/\/centrolindavista.org.mx\/?page_id=2856"},"modified":"2025-06-06T23:11:14","modified_gmt":"2025-06-07T05:11:14","slug":"contacto-y-ubicacion","status":"publish","type":"page","link":"http:\/\/centrolindavista.org.mx\/?page_id=2856","title":{"rendered":"Contacto y ubicaci\u00f3n"},"content":{"rendered":"<p>[vc_row overlay_dotted=\u00bb\u00bb css=\u00bb.vc_custom_1506606750513{padding-right: 0px !important;padding-left: 0px !important;}\u00bb][vc_column width=\u00bb1\/4&#8243; offset=\u00bbvc_col-lg-4 vc_col-md-4&#8243;][vc_wp_custommenu nav_menu=\u00bb35&#8243;][\/vc_column][vc_column width=\u00bb3\/4&#8243; offset=\u00bbvc_col-lg-8 vc_col-md-8&#8243;]<div class=\"grop-section_text   grop-heading-69d2f0f5ca685   vc_custom_1643133335334 text-left\"><div class=\"text-uppercase grop-sctn_title_fntSz-30   grop-heading-69d2f0f5ca685  text-left\">Cont\u00e1ctanos<\/div><\/div>[vc_column_text css=\u00bb.vc_custom_1749267035804{padding-bottom: 20px !important;}\u00bb]<strong>Direcci\u00f3n:<\/strong><br \/>\nAv. Universidad 1134 Piso 1 Int. B-1<br \/>\nColonia Xoco,<br \/>\nAlcald\u00eda Benito Ju\u00e1rez,<br \/>\nC. P. 03330; Ciudad de M\u00e9xico<\/p>\n<p><strong>Correo electr\u00f3nico<\/strong><br \/>\nadministrador@centrolindavista.org.mx<\/p>\n<p>asavinondiez@infinitummail.com<\/p>\n<p><strong>Tel\u00e9fonos y Fax:<\/strong><\/p>\n<p>(+52) 5580115311<\/p>\n<p>(+52) 5554035450[\/vc_column_text]<div class=\"grop-contact_form grop-contact-69d2f0f5ca6a2\">\n<div class=\"wpcf7 no-js\" id=\"wpcf7-f1067-o1\" lang=\"en-US\" dir=\"ltr\">\n<div class=\"screen-reader-response\"><p role=\"status\" aria-live=\"polite\" aria-atomic=\"true\"><\/p> <ul><\/ul><\/div>\n<form action=\"\/index.php?rest_route=%2Fwp%2Fv2%2Fpages%2F2856#wpcf7-f1067-o1\" method=\"post\" class=\"wpcf7-form init\" aria-label=\"Contact form\" novalidate=\"novalidate\" data-status=\"init\">\n<div style=\"display: none;\">\n<input type=\"hidden\" name=\"_wpcf7\" value=\"1067\" \/>\n<input type=\"hidden\" name=\"_wpcf7_version\" value=\"5.8.5\" \/>\n<input type=\"hidden\" name=\"_wpcf7_locale\" value=\"en_US\" \/>\n<input type=\"hidden\" name=\"_wpcf7_unit_tag\" value=\"wpcf7-f1067-o1\" \/>\n<input type=\"hidden\" name=\"_wpcf7_container_post\" value=\"0\" \/>\n<input type=\"hidden\" name=\"_wpcf7_posted_data_hash\" value=\"\" \/>\n<\/div>\n<div class=\"row grop-input-col-2 grop-confrm_sigl\">\n\t<div class=\"col-sm-6\">\n\t\t<p><span class=\"wpcf7-form-control-wrap\" data-name=\"text-932\"><input size=\"40\" class=\"wpcf7-form-control wpcf7-text wpcf7-validates-as-required grop-form-control\" aria-required=\"true\" aria-invalid=\"false\" placeholder=\"Nombre\" value=\"\" type=\"text\" name=\"text-932\" \/><\/span>\n\t\t<\/p>\n\t<\/div>\n\t<div class=\"col-sm-6\">\n\t\t<p><span class=\"wpcf7-form-control-wrap\" data-name=\"email-431\"><input size=\"40\" class=\"wpcf7-form-control wpcf7-email wpcf7-validates-as-required wpcf7-text wpcf7-validates-as-email grop-form-control\" aria-required=\"true\" aria-invalid=\"false\" placeholder=\"Email\" value=\"\" type=\"email\" name=\"email-431\" \/><\/span>\n\t\t<\/p>\n\t<\/div>\n<\/div>\n<div class=\"grop-input-col-1 grop-confrm_sigl\">\n\t<p><span class=\"wpcf7-form-control-wrap\" data-name=\"subject\"><input size=\"40\" class=\"wpcf7-form-control wpcf7-text grop-form-control\" aria-invalid=\"false\" placeholder=\"Asunto\" value=\"\" type=\"text\" name=\"subject\" \/><\/span>\n\t<\/p>\n<\/div>\n<div class=\"grop-input-col-1 grop-confrm_sigl\">\n\t<p><span class=\"wpcf7-form-control-wrap\" data-name=\"textarea-261\"><textarea cols=\"40\" rows=\"10\" class=\"wpcf7-form-control wpcf7-textarea wpcf7-validates-as-required grop-form-control\" aria-required=\"true\" aria-invalid=\"false\" placeholder=\"Ingrese su mensaje....\" name=\"textarea-261\"><\/textarea><\/span>\n\t<\/p>\n<\/div>\n<div class=\"grop-input-col-1  grop-confrm_sigl\">\n\t<p><button class=\"grop-btn grop-btn_overly grop-btn_submit\" type=\"submit\"><span>Enviar Mensaje<\/span><\/button>\n\t<\/p>\n<\/div><div class=\"wpcf7-response-output\" aria-hidden=\"true\"><\/div>\n<\/form>\n<\/div>\n<\/div>[\/vc_column][\/vc_row][vc_row full_width=\u00bbstretch_row_content_no_spaces\u00bb overlay_dotted=\u00bb\u00bb][vc_column][vc_column_text][\/vc_column_text][\/vc_column][\/vc_row][vc_row][vc_column][vc_gmaps link=\u00bb#E-8_JTNDaWZyYW1lJTIwc3JjJTNEJTIyaHR0cHMlM0ElMkYlMkZ3d3cuZ29vZ2xlLmNvbSUyRm1hcHMlMkZlbWJlZCUzRnBiJTNEJTIxMW0xOCUyMTFtMTIlMjExbTMlMjExZDM0NzAuMDYwMzk0NzMxMDg2JTIxMmQtOTkuMTcxODAyNzI1MTU4NTklMjEzZDE5LjM2MzM3OTU4MTkwMTI5NSUyMTJtMyUyMTFmMCUyMTJmMCUyMTNmMCUyMTNtMiUyMTFpMTAyNCUyMTJpNzY4JTIxNGYxMy4xJTIxM20zJTIxMW0yJTIxMXMweDg1ZDFmZjk1MGNkYWQwMDklMjUzQTB4Y2E1N2ZmMDg4YjU4NTk0NCUyMTJzQXYuJTI1MjBVbml2ZXJzaWRhZCUyNTIwMTEzNC1QSVNPJTI1MjAxJTI1MjBJTlQuJTI1MjBCLTElMjUyQyUyNTIwWG9jbyUyNTJDJTI1MjBCZW5pdG8lMjUyMEp1JTI1QzMlMjVBMXJleiUyNTJDJTI1MjAwMzMzMCUyNTIwQ2l1ZGFkJTI1MjBkZSUyNTIwTSUyNUMzJTI1QTl4aWNvJTI1MkMlMjUyMENETVglMjE1ZTElMjEzbTIlMjExc2VzLTQxOSUyMTJzbXglMjE0djE3NDkyNzMwMTkwNDAlMjE1bTIlMjExc2VzLTQxOSUyMTJzbXglMjIlMjB3aWR0aCUzRCUyMjgwMCUyMiUyMGhlaWdodCUzRCUyMjYwMCUyMiUyMHN0eWxlJTNEJTIyYm9yZGVyJTNBMCUzQiUyMiUyMGFsbG93ZnVsbHNjcmVlbiUzRCUyMiUyMiUyMGxvYWRpbmclM0QlMjJsYXp5JTIyJTIwcmVmZXJyZXJwb2xpY3klM0QlMjJuby1yZWZlcnJlci13aGVuLWRvd25ncmFkZSUyMiUzRSUzQyUyRmlmcmFtZSUzRQ==\u00bb][\/vc_column][\/vc_row]<\/p>\n","protected":false},"excerpt":{"rendered":"[vc_row overlay_dotted=\u00bb\u00bb css=\u00bb.vc_custom_1506606750513{padding-right: 0px !important;padding-left: 0px !important;}\u00bb][vc_column width=\u00bb1\/4&#8243; offset=\u00bbvc_col-lg-4 vc_col-md-4&#8243;][vc_wp_custommenu nav_menu=\u00bb35&#8243;][\/vc_column][vc_column width=\u00bb3\/4&#8243; offset=\u00bbvc_col-lg-8 vc_col-md-8&#8243;][vc_column_text css=\u00bb.vc_custom_1749267035804{padding-bottom: 20px !important;}\u00bb]Direcci\u00f3n: Av. Universidad 1134 Piso 1 Int. B-1 Colonia Xoco, Alcald\u00eda Benito Ju\u00e1rez, C. P. 03330; Ciudad de M\u00e9xico Correo electr\u00f3nico administrador@centrolindavista.org.mx asavinondiez@infinitummail.com Tel\u00e9fonos y Fax: (+52) 5580115311 (+52) 5554035450[\/vc_column_text][\/vc_column][\/vc_row][vc_row full_width=\u00bbstretch_row_content_no_spaces\u00bb overlay_dotted=\u00bb\u00bb][vc_column][vc_column_text][\/vc_column_text][\/vc_column][\/vc_row][vc_row][vc_column][vc_gmaps link=\u00bb#E-8_JTNDaWZyYW1lJTIwc3JjJTNEJTIyaHR0cHMlM0ElMkYlMkZ3d3cuZ29vZ2xlLmNvbSUyRm1hcHMlMkZlbWJlZCUzRnBiJTNEJTIxMW0xOCUyMTFtMTIlMjExbTMlMjExZDM0NzAuMDYwMzk0NzMxMDg2JTIxMmQtOTkuMTcxODAyNzI1MTU4NTklMjEzZDE5LjM2MzM3OTU4MTkwMTI5NSUyMTJtMyUyMTFmMCUyMTJmMCUyMTNmMCUyMTNtMiUyMTFpMTAyNCUyMTJpNzY4JTIxNGYxMy4xJTIxM20zJTIxMW0yJTIxMXMweDg1ZDFmZjk1MGNkYWQwMDklMjUzQTB4Y2E1N2ZmMDg4YjU4NTk0NCUyMTJzQXYuJTI1MjBVbml2ZXJzaWRhZCUyNTIwMTEzNC1QSVNPJTI1MjAxJTI1MjBJTlQuJTI1MjBCLTElMjUyQyUyNTIwWG9jbyUyNTJDJTI1MjBCZW5pdG8lMjUyMEp1JTI1QzMlMjVBMXJleiUyNTJDJTI1MjAwMzMzMCUyNTIwQ2l1ZGFkJTI1MjBkZSUyNTIwTSUyNUMzJTI1QTl4aWNvJTI1MkMlMjUyMENETVglMjE1ZTElMjEzbTIlMjExc2VzLTQxOSUyMTJzbXglMjE0djE3NDkyNzMwMTkwNDAlMjE1bTIlMjExc2VzLTQxOSUyMTJzbXglMjIlMjB3aWR0aCUzRCUyMjgwMCUyMiUyMGhlaWdodCUzRCUyMjYwMCUyMiUyMHN0eWxlJTNEJTIyYm9yZGVyJTNBMCUzQiUyMiUyMGFsbG93ZnVsbHNjcmVlbiUzRCUyMiUyMiUyMGxvYWRpbmclM0QlMjJsYXp5JTIyJTIwcmVmZXJyZXJwb2xpY3klM0QlMjJuby1yZWZlcnJlci13aGVuLWRvd25ncmFkZSUyMiUzRSUzQyUyRmlmcmFtZSUzRQ==\u00bb][\/vc_column][\/vc_row]","protected":false},"author":1,"featured_media":0,"parent":0,"menu_order":0,"comment_status":"closed","ping_status":"closed","template":"","meta":{"footnotes":""},"class_list":["post-2856","page","type-page","status-publish","hentry"],"_links":{"self":[{"href":"http:\/\/centrolindavista.org.mx\/index.php?rest_route=\/wp\/v2\/pages\/2856","targetHints":{"allow":["GET"]}}],"collection":[{"href":"http:\/\/centrolindavista.org.mx\/index.php?rest_route=\/wp\/v2\/pages"}],"about":[{"href":"http:\/\/centrolindavista.org.mx\/index.php?rest_route=\/wp\/v2\/types\/page"}],"author":[{"embeddable":true,"href":"http:\/\/centrolindavista.org.mx\/index.php?rest_route=\/wp\/v2\/users\/1"}],"replies":[{"embeddable":true,"href":"http:\/\/centrolindavista.org.mx\/index.php?rest_route=%2Fwp%2Fv2%2Fcomments&post=2856"}],"version-history":[{"count":18,"href":"http:\/\/centrolindavista.org.mx\/index.php?rest_route=\/wp\/v2\/pages\/2856\/revisions"}],"predecessor-version":[{"id":3858,"href":"http:\/\/centrolindavista.org.mx\/index.php?rest_route=\/wp\/v2\/pages\/2856\/revisions\/3858"}],"wp:attachment":[{"href":"http:\/\/centrolindavista.org.mx\/index.php?rest_route=%2Fwp%2Fv2%2Fmedia&parent=2856"}],"curies":[{"name":"wp","href":"https:\/\/api.w.org\/{rel}","templated":true}]}}