{"id":241,"date":"2017-08-08T14:00:29","date_gmt":"2017-08-08T14:00:29","guid":{"rendered":"https:\/\/victorthemes.com\/themes\/groppe\/?page_id=241"},"modified":"2022-09-09T11:51:41","modified_gmt":"2022-09-09T17:51:41","slug":"que-es-el-centro-lindavista","status":"publish","type":"page","link":"http:\/\/centrolindavista.org.mx\/?page_id=241","title":{"rendered":"\u00bfQu\u00e9 es el Centro Lindavista?"},"content":{"rendered":"<p>[vc_row overlay_dotted=\u00bb\u00bb css=\u00bb.vc_custom_1643130878570{margin-bottom: 50px !important;padding-bottom: 50px !important;}\u00bb][vc_column width=\u00bb1\/4&#8243;][vc_wp_custommenu nav_menu=\u00bb35&#8243;][\/vc_column][vc_column width=\u00bb3\/4&#8243;]<div class=\"grop-section_text   grop-heading-69d2f0f6ebbc1   vc_custom_1643130437794 text-left\"><div class=\"text-uppercase grop-sctn_title_fntSz-30   grop-heading-69d2f0f6ebbc1  text-left\">\u00bfQu\u00e9 es el Centro Lindavista?<\/div><\/div>[vc_column_text]El Centro Lindavista es una instituci\u00f3n no-lucrativa de servicio p\u00fablico, de investigaci\u00f3n aplicada, que desarrolla actividades de investigaci\u00f3n, informaci\u00f3n y apoyo a la cultura, con actividades en Guerrero y Morelos, y en el exterior en Hait\u00ed.<\/p>\n<p align=\"justify\">El Centro de Investigaci\u00f3n, Informaci\u00f3n y Apoyo a la Cultura, A.C., Centro Lindavista; fue fundado en 1996 con el objetivo de ser un articulador y promotor de iniciativas desde la sociedad civil mexicana bajo los principios de inclusi\u00f3n, pluralidad y diversidad.<\/p>\n<p align=\"justify\">Es un interlocutor y promotor del di\u00e1logo social entre actores sociales, pol\u00edticos, econ\u00f3micos y acad\u00e9micos; y tiene como objetivo incentivar una mayor y m\u00e1s informada\u00a0 participaci\u00f3n de la sociedad, promoci\u00f3n en la educaci\u00f3n para la paz, esquemas de desarrollo regional a partir de la cultura y en el di\u00e1logo social.<\/p>\n<p>[\/vc_column_text][vc_zigzag css=\u00bb.vc_custom_1643130141878{padding-top: 10px !important;padding-bottom: 10px !important;}\u00bb]<div class=\"grop-section_text   grop-heading-69d2f0f6ebbde   vc_custom_1643130426101 text-left\"><div class=\"text-uppercase grop-sctn_title_fntSz-30   grop-heading-69d2f0f6ebbde  text-left\">Datos Generales<\/div><\/div>[vc_column_text]<\/p>\n<table width=\"100%\">\n<tbody>\n<tr>\n<td width=\"30%\"><strong>A\u00f1o de Fundaci\u00f3n:<\/strong><\/td>\n<td width=\"70%\">1996<\/td>\n<\/tr>\n<tr>\n<td width=\"30%\"><strong>Director General:<\/strong><\/td>\n<td width=\"70%\">Mtro. Adalberto Savi\u00f1\u00f3n Diez de Sollano<\/p>\n<p><a href=\"mailto:administrador@centrolindavista.org.mx\">administrador@centrolindavista.org.mx<\/a><br \/>\n<a href=\"http:\/\/www.centrolindavista.org.mx\/curriculum2018.pdf\">Curriculum Vitae<\/a><\/td>\n<\/tr>\n<tr>\n<td width=\"30%\"><strong>Consejo de Administraci\u00f3n:<\/strong><\/td>\n<td width=\"70%\">Mtro. Adalberto Savi\u00f1\u00f3n<br \/>\nLic. Roberto Fern\u00e1ndez<\/td>\n<\/tr>\n<tr>\n<td width=\"30%\"><strong>Colaboradores:<\/strong><\/td>\n<td width=\"70%\">Mtro. Alvaro Urreta<br \/>\nIng. Miguel Vald\u00e9s<br \/>\nDr. Jos\u00e9 Cerro<br \/>\nDr. Alberto Montoya<br \/>\nDra. Guadalupe Gonz\u00e1lez<br \/>\nMtro. Fernando Terrazas<br \/>\nMtra. Mayar\u00ed Pascual\u00a0 \u00a0 \u00a0 \u00a0 \u00a0 \u00a0 \u00a0 \u00a0 \u00a0 \u00a0 \u00a0 \u00a0 \u00a0 \u00a0 \u00a0 \u00a0 \u00a0 \u00a0 \u00a0 \u00a0 \u00a0 \u00a0 \u00a0 \u00a0 \u00a0 \u00a0 \u00a0 \u00a0 \u00a0 \u00a0 \u00a0 \u00a0 \u00a0 \u00a0 \u00a0 \u00a0 \u00a0 \u00a0 \u00a0 \u00a0 \u00a0 \u00a0 \u00a0 \u00a0 \u00a0 \u00a0 \u00a0Sra. Silvia Herrera<\/td>\n<\/tr>\n<tr>\n<td width=\"30%\"><strong>Acreditaciones:<\/strong><\/td>\n<td width=\"70%\">Servicio de Administraci\u00f3n Tributaria (SAT). Registro de Donatarias autorizaci\u00f3n fecha 12-08-2013<\/td>\n<\/tr>\n<tr>\n<td width=\"30%\"><strong>\u00a0<\/strong><\/td>\n<td width=\"70%\">Consejo Nacional de Ciencia y Tecnolog\u00eda (Reniecyt) Registro Nacional de Instituciones y Empresas Cient\u00edficas y Tecnol\u00f3gicas. Constancia de inscripci\u00f3n n\u00famero 2012\/11641<\/td>\n<\/tr>\n<tr>\n<td width=\"30%\"><strong>\u00a0<\/strong><\/td>\n<td width=\"70%\">Instituto Nacional de Desarrollo Social. Registro Federal de las Organizaciones de la Sociedad Civil.<\/td>\n<\/tr>\n<\/tbody>\n<\/table>\n<p>[\/vc_column_text][\/vc_column][\/vc_row]<\/p>\n","protected":false},"excerpt":{"rendered":"[vc_row overlay_dotted=\u00bb\u00bb css=\u00bb.vc_custom_1643130878570{margin-bottom: 50px !important;padding-bottom: 50px !important;}\u00bb][vc_column width=\u00bb1\/4&#8243;][vc_wp_custommenu nav_menu=\u00bb35&#8243;][\/vc_column][vc_column width=\u00bb3\/4&#8243;][vc_column_text]El Centro Lindavista es una instituci\u00f3n no-lucrativa de servicio p\u00fablico, de investigaci\u00f3n aplicada, que desarrolla actividades de investigaci\u00f3n, informaci\u00f3n y apoyo a la cultura, con actividades en Guerrero y Morelos, y en el exterior en Hait\u00ed. El Centro de Investigaci\u00f3n, Informaci\u00f3n y Apoyo a la Cultura, &#8230;","protected":false},"author":1,"featured_media":2855,"parent":0,"menu_order":0,"comment_status":"closed","ping_status":"closed","template":"","meta":{"footnotes":""},"class_list":["post-241","page","type-page","status-publish","has-post-thumbnail","hentry"],"_links":{"self":[{"href":"http:\/\/centrolindavista.org.mx\/index.php?rest_route=\/wp\/v2\/pages\/241","targetHints":{"allow":["GET"]}}],"collection":[{"href":"http:\/\/centrolindavista.org.mx\/index.php?rest_route=\/wp\/v2\/pages"}],"about":[{"href":"http:\/\/centrolindavista.org.mx\/index.php?rest_route=\/wp\/v2\/types\/page"}],"author":[{"embeddable":true,"href":"http:\/\/centrolindavista.org.mx\/index.php?rest_route=\/wp\/v2\/users\/1"}],"replies":[{"embeddable":true,"href":"http:\/\/centrolindavista.org.mx\/index.php?rest_route=%2Fwp%2Fv2%2Fcomments&post=241"}],"version-history":[{"count":25,"href":"http:\/\/centrolindavista.org.mx\/index.php?rest_route=\/wp\/v2\/pages\/241\/revisions"}],"predecessor-version":[{"id":3813,"href":"http:\/\/centrolindavista.org.mx\/index.php?rest_route=\/wp\/v2\/pages\/241\/revisions\/3813"}],"wp:featuredmedia":[{"embeddable":true,"href":"http:\/\/centrolindavista.org.mx\/index.php?rest_route=\/wp\/v2\/media\/2855"}],"wp:attachment":[{"href":"http:\/\/centrolindavista.org.mx\/index.php?rest_route=%2Fwp%2Fv2%2Fmedia&parent=241"}],"curies":[{"name":"wp","href":"https:\/\/api.w.org\/{rel}","templated":true}]}}